{"id":97,"date":"2011-09-21T12:59:57","date_gmt":"2011-09-21T12:59:57","guid":{"rendered":"http:\/\/www.curenaturalicancro.com\/br\/?page_id=97"},"modified":"2015-07-02T17:35:53","modified_gmt":"2015-07-02T17:35:53","slug":"capitulo-1","status":"publish","type":"page","link":"http:\/\/www.curenaturalicancro.com\/br\/o-livro\/capitulo-1","title":{"rendered":"Cap\u00edtulo 1"},"content":{"rendered":"<p>[et_pb_section][et_pb_row][et_pb_column type=&#8221;1_3&#8243;][et_pb_text admin_label=&#8221;Text&#8221; background_layout=&#8221;light&#8221; text_orientation=&#8221;left&#8221;]<\/p>\n<p><script type=\"text\/javascript\">\/\/ <![CDATA[\n    google_ad_client = \"ca-pub-6481753546353330\";\n    google_ad_slot = \"6670371020\";\n    google_ad_width = 300;\n    google_ad_height = 250;\n\/\/ ]]><\/script><!-- 300x250-cnc-br-2014 --><script src=\"\/\/pagead2.googlesyndication.com\/pagead\/show_ads.js\" type=\"text\/javascript\">\/\/ <![CDATA[\n\n\/\/ ]]><\/script>[\/et_pb_text][\/et_pb_column][et_pb_column type=&#8221;2_3&#8243;][et_pb_text admin_label=&#8221;Text&#8221;]<\/p>\n<h1><a title=\"Por que o C\u00e2ncer ainda permanece entre n\u00f3s?\" href=\"http:\/\/www.curenaturalicancro.com\/br\/livro\/capitulo-1\/por-que-o-cancer-ainda-permanece-entre-nos\">Por que o C\u00e2ncer ainda permanece entre n\u00f3s?<\/a><\/h1>\n<header>\n<h1><a title=\"Novas Modalidades do Conhecimento M\u00e9dico\" href=\"http:\/\/www.curenaturalicancro.com\/br\/livro\/capitulo-1\/novas-modalidades-do-conhecimento-medico\">Novas Modalidades do Conhecimento M\u00e9dico<\/a><\/h1>\n<\/header>\n<div>\n<header>\n<h1><a title=\"A ineficiente l\u00f3gica do determinismo\" href=\"http:\/\/www.curenaturalicancro.com\/br\/livro\/capitulo-1\/a-ineficiente-logica-do-determinismo\">A ineficiente l\u00f3gica do determinismo<\/a><\/h1>\n<\/header>\n<div>\n<article id=\"post-49\">\n<header>\n<h1><a title=\"O Sintoma\" href=\"http:\/\/www.curenaturalicancro.com\/br\/livro\/capitulo-1\/o-sintoma\">O Sintoma<\/a><\/h1>\n<\/header>\n<\/article>\n<article id=\"post-47\">\n<header>\n<h1><a title=\"Anatomia Patol\u00f3gica\" href=\"http:\/\/www.curenaturalicancro.com\/br\/livro\/capitulo-1\/anatomia-patologica\">Anatomia Patol\u00f3gica<\/a><\/h1>\n<\/header>\n<\/article>\n<article id=\"post-43\">\n<header>\n<h1><a title=\"Corpo e Esp\u00edrito: Considera\u00e7\u00f5es Anat\u00f4micas e Funcionais\" href=\"http:\/\/www.curenaturalicancro.com\/br\/livro\/capitulo-1\/corpo-espirito-consideracoes-anatomicas-funcionais\">Corpo e Esp\u00edrito: Considera\u00e7\u00f5es Anat\u00f4micas e Funcionais<\/a><\/h1>\n<\/header>\n<\/article>\n<article id=\"post-40\">\n<header>\n<h1><a href=\"http:\/\/www.curenaturalicancro.com\/br\/livro\/capitulo-1\/doenca\">Doenca<\/a><\/h1>\n<\/header>\n<\/article>\n<article id=\"post-36\">\n<header>\n<h1><a title=\"Postulados morais para a sa\u00fade\" href=\"http:\/\/www.curenaturalicancro.com\/br\/livro\/capitulo-1\/postulados-morais-para-a-saude\">Postulados morais para a sa\u00fade<\/a><\/h1>\n<\/header>\n<\/article>\n<article id=\"post-31\">\n<header>\n<h1><a title=\"A alma e o problema mente \u2013 corpo\" href=\"http:\/\/www.curenaturalicancro.com\/br\/livro\/capitulo-1\/a-alma-e-problema-mente-corpo\">A alma e o problema mente \u2013 corpo<\/a><\/h1>\n<p>&nbsp;<\/p>\n<\/header>\n<\/article>\n<\/div>\n<\/div>\n<p>[\/et_pb_text][\/et_pb_column][\/et_pb_row][\/et_pb_section]<\/p>\n","protected":false},"excerpt":{"rendered":"<p><div class=\"et_pb_section et_pb_section_0 et_section_regular\" >\n\t\t\t\t\n\t\t\t\t\n\t\t\t\t\n\t\t\t\t\n\t\t\t\t\t\n\t\t\t\t\n\t\t\t\t\n\t\t\t<\/div><div class=\"et_pb_row et_pb_row_0 et_pb_row_empty\">\n\t\t\t\t\n\t\t\t\t\n\t\t\t\t\n\t\t\t<\/div> Por que o C\u00e2ncer ainda permanece entre n\u00f3s? Novas Modalidades do Conhecimento M\u00e9dico A ineficiente l\u00f3gica do determinismo O Sintoma Anatomia Patol\u00f3gica Corpo e Esp\u00edrito: Considera\u00e7\u00f5es Anat\u00f4micas e Funcionais Doenca Postulados morais para a sa\u00fade A alma e o problema mente \u2013 corpo &nbsp;<\/p>\n","protected":false},"author":1,"featured_media":0,"parent":248,"menu_order":1,"comment_status":"closed","ping_status":"open","template":"","meta":{"_et_pb_use_builder":"on","_et_pb_old_content":"<h1><a title=\"Por que o C\u00e2ncer ainda permanece entre n\u00f3s?\" href=\"http:\/\/www.curenaturalicancro.com\/br\/livro\/capitulo-1\/por-que-o-cancer-ainda-permanece-entre-nos\">Por que o C\u00e2ncer ainda permanece entre n\u00f3s?<\/a><\/h1><header><h1><a title=\"Novas Modalidades do Conhecimento M\u00e9dico\" href=\"http:\/\/www.curenaturalicancro.com\/br\/livro\/capitulo-1\/novas-modalidades-do-conhecimento-medico\">Novas Modalidades do Conhecimento M\u00e9dico<\/a><\/h1><\/header><div><header><h1><a title=\"A ineficiente l\u00f3gica do determinismo\" href=\"http:\/\/www.curenaturalicancro.com\/br\/livro\/capitulo-1\/a-ineficiente-logica-do-determinismo\">A ineficiente l\u00f3gica do determinismo<\/a><\/h1><\/header><div><article id=\"post-49\"><header><h1><a title=\"O Sintoma\" href=\"http:\/\/www.curenaturalicancro.com\/br\/livro\/capitulo-1\/o-sintoma\">O Sintoma<\/a><\/h1><\/header><\/article><article id=\"post-47\"><header><h1><a title=\"Anatomia Patol\u00f3gica\" href=\"http:\/\/www.curenaturalicancro.com\/br\/livro\/capitulo-1\/anatomia-patologica\">Anatomia Patol\u00f3gica<\/a><\/h1><\/header><\/article><article id=\"post-43\"><header><h1><a title=\"Corpo e Esp\u00edrito: Considera\u00e7\u00f5es Anat\u00f4micas e Funcionais\" href=\"http:\/\/www.curenaturalicancro.com\/br\/livro\/capitulo-1\/corpo-espirito-consideracoes-anatomicas-funcionais\">Corpo e Esp\u00edrito: Considera\u00e7\u00f5es Anat\u00f4micas e Funcionais<\/a><\/h1><\/header><\/article><article id=\"post-40\"><header><h1><a href=\"http:\/\/www.curenaturalicancro.com\/br\/livro\/capitulo-1\/doenca\">Doenca<\/a><\/h1><\/header><\/article><article id=\"post-36\"><header><h1><a title=\"Postulados morais para a sa\u00fade\" href=\"http:\/\/www.curenaturalicancro.com\/br\/livro\/capitulo-1\/postulados-morais-para-a-saude\">Postulados morais para a sa\u00fade<\/a><\/h1><\/header><\/article><article id=\"post-31\"><header><h1><a title=\"A alma e o problema mente \u2013 corpo\" href=\"http:\/\/www.curenaturalicancro.com\/br\/livro\/capitulo-1\/a-alma-e-problema-mente-corpo\">A alma e o problema mente \u2013 corpo<\/a><\/h1><p>\u00a0<\/p><\/header><\/article><\/div><\/div>","_et_gb_content_width":""},"_links":{"self":[{"href":"http:\/\/www.curenaturalicancro.com\/br\/wp-json\/wp\/v2\/pages\/97"}],"collection":[{"href":"http:\/\/www.curenaturalicancro.com\/br\/wp-json\/wp\/v2\/pages"}],"about":[{"href":"http:\/\/www.curenaturalicancro.com\/br\/wp-json\/wp\/v2\/types\/page"}],"author":[{"embeddable":true,"href":"http:\/\/www.curenaturalicancro.com\/br\/wp-json\/wp\/v2\/users\/1"}],"replies":[{"embeddable":true,"href":"http:\/\/www.curenaturalicancro.com\/br\/wp-json\/wp\/v2\/comments?post=97"}],"version-history":[{"count":19,"href":"http:\/\/www.curenaturalicancro.com\/br\/wp-json\/wp\/v2\/pages\/97\/revisions"}],"predecessor-version":[{"id":573,"href":"http:\/\/www.curenaturalicancro.com\/br\/wp-json\/wp\/v2\/pages\/97\/revisions\/573"}],"up":[{"embeddable":true,"href":"http:\/\/www.curenaturalicancro.com\/br\/wp-json\/wp\/v2\/pages\/248"}],"wp:attachment":[{"href":"http:\/\/www.curenaturalicancro.com\/br\/wp-json\/wp\/v2\/media?parent=97"}],"curies":[{"name":"wp","href":"https:\/\/api.w.org\/{rel}","templated":true}]}}