{"id":68,"date":"2011-03-20T17:00:10","date_gmt":"2011-03-20T17:00:10","guid":{"rendered":"http:\/\/www.curenaturalicancro.com\/br"},"modified":"2015-08-31T23:22:14","modified_gmt":"2015-08-31T23:22:14","slug":"a-terapia","status":"publish","type":"page","link":"http:\/\/www.curenaturalicancro.com\/br\/","title":{"rendered":"terapia"},"content":{"rendered":"<p><img loading=\"lazy\" class=\"alignright size-full wp-image-70\" alt=\"dr tullio simoncini\" src=\"http:\/\/www.curenaturalicancro.com\/br\/wp-content\/uploads\/2011\/03\/simoncini144.gif\" width=\"144\" height=\"130\" \/>Dr. Tullio Simoncini, um oncologista de Roma, It\u00e1lia, foi o pioneiro a aplicar a terapia utilizando o bicarbonato de s\u00f3dio (NaHCO3) como um meio de tratar o c\u00e2ncer. A teoria fundamental deste tratamento baseia-se no fato de que, apesar da quantidade de fatores vari\u00e1veis, a forma\u00e7\u00e3o e a dissemina\u00e7\u00e3o do tumor \u00e9 causada por fungos.<\/p>\n<p>O bicarbonato de s\u00f3dio, \u00a0por ser diferente dos outros rem\u00e9dios anti fungos, \u00e9 extremamente difus\u00edvel e restringe a possibilidade dos fungos \u00a0penetrarem no tumor.<\/p>\n<p>Isto acontece devido a velocidade pela qual ele o desintegra, causando imposs\u00edvel a adaptabilidade dos fungos.<\/p>\n<p><img loading=\"lazy\" class=\"alignleft size-full wp-image-207\" alt=\"bicarbonato de sodio\" src=\"http:\/\/www.curenaturalicancro.com\/br\/wp-content\/uploads\/2011\/03\/sodium-bicarbonate.jpg\" width=\"231\" height=\"164\" \/>O bicarbonato de s\u00f3dio \u00e9 administrado diretamente no tumor, quando poss\u00edvel.<br \/>\nTamb\u00e9m existe a possibilidade de administr\u00e1-lo atrav\u00e9s da arteriografia seletiva , que visa selecionar art\u00e9rias espec\u00edficas pelas quais o medicamento \u00e9 aplicado e subsequentemente ele come\u00e7a a dissolver o tumor.<\/p>\n<p>A arteriografia seletiva representa uma arma poderosa contra os fungos, pois \u00e9 indolor , n\u00e3o causa efeitos colaterais e apresenta baixos riscos.<br \/>\nCom a administra\u00e7\u00e3o \u00a0do bicarbonato de s\u00f3dio, \u00e9 poss\u00edvel atingir quase todos os \u00f3rg\u00e3os, que podem ser tratados e \u00a0serem beneficiados por uma terapia que \u00e9 inofensiva, r\u00e1pida e eficaz.<\/p>\n<p>&nbsp;<\/p>\n","protected":false},"excerpt":{"rendered":"<p>Dr. Tullio Simoncini, um oncologista de Roma, It\u00e1lia, foi o pioneiro a aplicar a terapia utilizando o bicarbonato de s\u00f3dio (NaHCO3) como um meio de tratar o c\u00e2ncer. A teoria fundamental deste tratamento baseia-se no fato de que, apesar da quantidade de fatores vari\u00e1veis, a forma\u00e7\u00e3o e a dissemina\u00e7\u00e3o do tumor \u00e9 causada por fungos. [&hellip;]<\/p>\n","protected":false},"author":1,"featured_media":0,"parent":0,"menu_order":1,"comment_status":"closed","ping_status":"open","template":"","meta":{"_et_pb_use_builder":"","_et_pb_old_content":"","_et_gb_content_width":""},"_links":{"self":[{"href":"http:\/\/www.curenaturalicancro.com\/br\/wp-json\/wp\/v2\/pages\/68"}],"collection":[{"href":"http:\/\/www.curenaturalicancro.com\/br\/wp-json\/wp\/v2\/pages"}],"about":[{"href":"http:\/\/www.curenaturalicancro.com\/br\/wp-json\/wp\/v2\/types\/page"}],"author":[{"embeddable":true,"href":"http:\/\/www.curenaturalicancro.com\/br\/wp-json\/wp\/v2\/users\/1"}],"replies":[{"embeddable":true,"href":"http:\/\/www.curenaturalicancro.com\/br\/wp-json\/wp\/v2\/comments?post=68"}],"version-history":[{"count":18,"href":"http:\/\/www.curenaturalicancro.com\/br\/wp-json\/wp\/v2\/pages\/68\/revisions"}],"predecessor-version":[{"id":399,"href":"http:\/\/www.curenaturalicancro.com\/br\/wp-json\/wp\/v2\/pages\/68\/revisions\/399"}],"wp:attachment":[{"href":"http:\/\/www.curenaturalicancro.com\/br\/wp-json\/wp\/v2\/media?parent=68"}],"curies":[{"name":"wp","href":"https:\/\/api.w.org\/{rel}","templated":true}]}}