{"id":506,"date":"2014-02-03T23:49:26","date_gmt":"2014-02-03T23:49:26","guid":{"rendered":"http:\/\/www.curenaturalicancro.com\/br\/?page_id=506"},"modified":"2014-02-03T23:52:48","modified_gmt":"2014-02-03T23:52:48","slug":"resumo","status":"publish","type":"page","link":"http:\/\/www.curenaturalicancro.com\/br\/a-terapia\/resumo","title":{"rendered":"resumo"},"content":{"rendered":"<h2>Uma revolu\u00e7\u00e3o na terapia para tratamento de tumores<\/h2>\n<p>Atualmente, os tratamentos oncol\u00f3gicos n\u00e3o conseguem muitos resultados positivos contra o crescimento constante e implac\u00e1vel dos tumores. O \u00edndice real de recupera\u00e7\u00e3o para o c\u00e2ncer \u00e9 cerca de 7%.<br \/>\nBaseando-se nas considera\u00e7\u00f5es cient\u00edficas deste livro, o qual demonstra que o c\u00e2ncer \u00e9 causado por massas de fungos (do tipo C\u00e2ndida), o \u00fanico rem\u00e9dio dispon\u00edvel, que cura efetivamente este doen\u00e7a, \u00e9 o bicarbonato de s\u00f3dio.<br \/>\nContr\u00e1rio aos antimic\u00f3ticos, o bicarbonato de s\u00f3dio, apresenta um \u00edndice de difus\u00e3o bastante elevado e livre de complexidades estruturais, que podem ser facilmente decodificadas pelos fungos. O bicarbonato de s\u00f3dio mant\u00e9m sua capacidade de penetrar nas massas, por um longo per\u00edodo, e tamb\u00e9m especificamente pela velocidade em que as \u201cquebra\u201d, tornando-se imposs\u00edvel aos fungos se adaptarem suficientemente, para se \u201cdefenderem\u201d deste medicamento.<br \/>\nO princ\u00edpio b\u00e1sico do sistema de tratamento constitui na administra\u00e7\u00e3o de solu\u00e7\u00f5es, com uma elevada concentra\u00e7\u00e3o de bicarbonato de s\u00f3dio, a 5%, diretamente sobre as massas neopl\u00e1sicas. A busca por t\u00e9cnicas mais eficazes, que buscam chegar o mais pr\u00f3ximo poss\u00edvel do tecido, conduziu o Dr. Simoncini \u00e0 arteriografia seletiva (mapeamento de art\u00e9rias espec\u00edficas, por meio de instrumentos), e inser\u00e7\u00e3o de port-a-caths (cat\u00e9ters implant\u00e1veis).<br \/>\nEstes m\u00e9todos permitem que um pequeno cateter seja inserido diretamente na art\u00e9ria que supre a massa neopl\u00e1sica, de modo que grandes doses de bicarbonato de s\u00f3dio, possam ser administradas at\u00e9 os locais mais profundos do corpo.<br \/>\nO tratamento com bicarbonato deve ent\u00e3o ser iniciado imediatamente com altas doses, em ciclos cont\u00ednuos, sem interrup\u00e7\u00e3o, pelo menos de sete a oito dias, no ciclo inicial, a fim de destruir as col\u00f4nias de fungos. Observa-se que uma massa de 2 a 4 cent\u00edmetros come\u00e7a a se reduzir consistentemente a partir do terceiro ou quarto dia, e muitas vezes perde sua for\u00e7a ou desaparece, a partir do quarto ou quinto dia.<\/p>\n<p>\u00c8 preciso lembrar que a dose m\u00e1xima por sess\u00e3o, \u00e9 cerca de 500 cm3<\/p>\n<p>Deve ser enfatizado que as doses indicadas, devido ao fato de serem inofensivas, s\u00e3o as mesmas que t\u00eam sido utilizadas, sem quaisquer problemas, durante mais de 30 anos, para curar outros problemas, tais como:<\/p>\n<ul>\n<li>Cetoacidose diab\u00e9tica grave<\/li>\n<li>Ressuscita\u00e7\u00e3o cardio-respirat\u00f3ria<\/li>\n<li>Gravidez<\/li>\n<li>Hemodi\u00e1lise<\/li>\n<li>Di\u00e1lise peritoneal<\/li>\n<li>Intoxica\u00e7\u00e3o medicamentosa<\/li>\n<li>Hepatopatia<\/li>\n<li>Cirurgias vasculares<\/li>\n<\/ul>\n<p>O m\u00e9todo do Dr. Simoncini segue a \u201ccl\u00e1ssica\u201d abordagem oncol\u00f3gica, tratando o c\u00e2ncer diretamente, mesmo num estado avan\u00e7ado. O n\u00edvel de dor experimentado durante o tratamento, \u00e9 o mesmo de uma infus\u00e3o intravenosa. O procedimento pode ser feito em casa. O \u00edndice de sucesso atingido pelo m\u00e9todo \u00e9 de 90%.<\/p>\n<p>Dezoito casos cl\u00ednicos tratados, s\u00e3o detalhadamente descritos no livro. Devido ao fato do m\u00e9todo ser extremamente simples e barato e obter um \u00edndice de cura bastante elevado, ele n\u00e3o \u00e9 apoiado por muitos m\u00e9dicos.<\/p>\n<p>&nbsp;<\/p>\n","protected":false},"excerpt":{"rendered":"<p>Uma revolu\u00e7\u00e3o na terapia para tratamento de tumores Atualmente, os tratamentos oncol\u00f3gicos n\u00e3o conseguem muitos resultados positivos contra o crescimento constante e implac\u00e1vel dos tumores. O \u00edndice real de recupera\u00e7\u00e3o para o c\u00e2ncer \u00e9 cerca de 7%. Baseando-se nas considera\u00e7\u00f5es cient\u00edficas deste livro, o qual demonstra que o c\u00e2ncer \u00e9 causado por massas de fungos [&hellip;]<\/p>\n","protected":false},"author":1,"featured_media":0,"parent":68,"menu_order":0,"comment_status":"closed","ping_status":"open","template":"","meta":{"_et_pb_use_builder":"","_et_pb_old_content":"","_et_gb_content_width":""},"_links":{"self":[{"href":"http:\/\/www.curenaturalicancro.com\/br\/wp-json\/wp\/v2\/pages\/506"}],"collection":[{"href":"http:\/\/www.curenaturalicancro.com\/br\/wp-json\/wp\/v2\/pages"}],"about":[{"href":"http:\/\/www.curenaturalicancro.com\/br\/wp-json\/wp\/v2\/types\/page"}],"author":[{"embeddable":true,"href":"http:\/\/www.curenaturalicancro.com\/br\/wp-json\/wp\/v2\/users\/1"}],"replies":[{"embeddable":true,"href":"http:\/\/www.curenaturalicancro.com\/br\/wp-json\/wp\/v2\/comments?post=506"}],"version-history":[{"count":2,"href":"http:\/\/www.curenaturalicancro.com\/br\/wp-json\/wp\/v2\/pages\/506\/revisions"}],"predecessor-version":[{"id":509,"href":"http:\/\/www.curenaturalicancro.com\/br\/wp-json\/wp\/v2\/pages\/506\/revisions\/509"}],"up":[{"embeddable":true,"href":"http:\/\/www.curenaturalicancro.com\/br\/wp-json\/wp\/v2\/pages\/68"}],"wp:attachment":[{"href":"http:\/\/www.curenaturalicancro.com\/br\/wp-json\/wp\/v2\/media?parent=506"}],"curies":[{"name":"wp","href":"https:\/\/api.w.org\/{rel}","templated":true}]}}