{"id":486,"date":"2014-02-03T21:54:01","date_gmt":"2014-02-03T21:54:01","guid":{"rendered":"http:\/\/www.curenaturalicancro.com\/br\/?page_id=486"},"modified":"2014-02-03T22:51:21","modified_gmt":"2014-02-03T22:51:21","slug":"introducao-terapia-dr-simoncini","status":"publish","type":"page","link":"http:\/\/www.curenaturalicancro.com\/br\/a-terapia\/introducao-terapia-dr-simoncini","title":{"rendered":"Introdu\u00e7\u00e3o terapia Dr. Simoncini"},"content":{"rendered":"<p>O sucesso alcan\u00e7ado pela medicina moderna nos \u00faltimos 100 anos \u00e9 realmente de grande import\u00e2ncia para a vida do homem, a medida que a medicina tem adquirido instrumentos para ajud\u00e1-lo a navegar efetivamente atrav\u00e9s do vasto oceano das doen\u00e7as.<\/p>\n<p>A organiza\u00e7\u00e3o do conhecimento, a conscientiza\u00e7\u00e3o da higiene p\u00fablica, da educa\u00e7\u00e3o para a sa\u00fade e a abundante utiliza\u00e7\u00e3o das descobertas cient\u00edficas de outros ramos da ci\u00eancia, tais como a qu\u00edmica e a f\u00edsica, s\u00e3o fatores importantes que permitiram uma melhora na qualidade, para determinar o fim das pr\u00e1ticas m\u00e9dicas obscuras do passado.<br \/>\nO desenvolvimento inexor\u00e1vel da farmacologia e a evolu\u00e7\u00e3o da tecnologia cir\u00fargica e de instrumentos sofisticados para diagn\u00f3sticos demonstram o avan\u00e7o do mundo cient\u00edfico, o qual tem fornecido uma base s\u00f3lida para se obter resultados que melhoraram a condi\u00e7\u00e3o da sa\u00fade na comunidade mundial.<br \/>\nO progresso obtido desde 1800 provavelmente causou um impacto positivo na atual situa\u00e7\u00e3o da sa\u00fade p\u00fablica. No entanto, as metas das gera\u00e7\u00f5es anteriores n\u00e3o podem ter os mesmos significados para aqueles que est\u00e3o experimentando os problemas m\u00e9dicos atuais. Em outras palavras, o n\u00edvel de sa\u00fade que conseguimos, que n\u00e3o podemos considerar como uma situa\u00e7\u00e3o est\u00e1vel, precisa progredir sempre para se obter n\u00edveis melhores de bem-estar.<br \/>\nIsto pode ser alcan\u00e7ado somente com uma vigil\u00e2ncia cont\u00ednua e com o compromisso de eliminar os erros e distor\u00e7\u00f5es, prevenindo abusos e com a concep\u00e7\u00e3o de novas solu\u00e7\u00f5es.<\/p>\n<p>Estes conceitos est\u00e3o se tornando mais prementes, pois durante alguns anos observou-se que a medicina est\u00e1 se tornando estagnada. Ela se firmou em conceitos desatualizados e incapazes de propor inova\u00e7\u00f5es para construir novos conceitos para o conhecimento m\u00e9dico.<br \/>\nExiste uma necessidade premente de um impulso novo e criador da vida a fim de dar vigor para uma estrutura te\u00f3rica asfixiante, cuja filosofia, pesquisa e pr\u00e1tica n\u00e3o parecem estar em equival\u00eancia para nossos tempos atuais. A sociedade avan\u00e7ada e exigente na qual vivemos n\u00e3o est\u00e1 mais satisfeita com o conhecimento da f\u00edsica e qu\u00edmica dominando no combate das doen\u00e7as. A necessidade de pesquisa e da introdu\u00e7\u00e3o de terapias que mant\u00e9m a integridade e a perman\u00eancia do ser humano est\u00e3o emergindo em nossa sociedade. Deve-se tamb\u00e9m levar em considera\u00e7\u00e3o a parte econ\u00f4mica, considerando as doen\u00e7as degenerativas e cr\u00f4nicas que atualmente n\u00e3o conseguem ser curadas com as terapias atuais, as quais s\u00e3o limitadas e obsoletas.<\/p>\n<p>Houve uma transi\u00e7\u00e3o no \u00faltimo s\u00e9culo a partir da predomin\u00e2ncia de patologias est\u00eanicas, isto \u00e9, aquelas que ocorrem em um corpo jovem e em boa forma para as doen\u00e7as ast\u00eanicas, que ocorrem em pacientes que s\u00e3o mais velhos e n\u00e3o est\u00e3o em boa forma.<\/p>\n<p>As conseq\u00fc\u00eancias marcantes dessas mudan\u00e7as cient\u00edficas e sociais n\u00e3o est\u00e3o em analogia com o aumento da conscientiza\u00e7\u00e3o m\u00e9dica necess\u00e1ria para favorecer uma extens\u00e3o das fronteiras te\u00f3ricas de uma doen\u00e7a.<br \/>\nPelo contr\u00e1rio, tem existido uma prefer\u00eancia em ignorar as consequ\u00eancias no modo de perceber qual \u00e9 excessivamente especializado e qual \u00e9 imprudente. A prioridade tem sido dada aos efeitos imediatos do tratamento, deixando o restante ao acaso.<\/p>\n<p>&nbsp;<\/p>\n<div class='et-learn-more clearfix'>\n\t\t\t\t\t<h3 class='heading-more'>clique aqui para ler mais<span class='et_learnmore_arrow'><span><\/span><\/span><\/h3>\n\t\t\t\t\t<div class='learn-more-content'><p>Esta atitude demonstra um impasse profundo e grave no tratamento da doen\u00e7a, confirmado pela falta de teorias e perspectivas que nos capacitam visualizar uma doen\u00e7a f\u00edsica de uma maneira diferente. At\u00e9 ent\u00e3o, tem havido diagn\u00f3sticos parciais que incluem somente an\u00e1lises patog\u00eanicas em uma perspectiva terap\u00eautica que \u00e9 simplesmente sintomatol\u00f3gica. No entanto, \u00e9 o indiv\u00edduo em sua totalidade que deve ser considerado; a din\u00e2mica vital, o aspecto psicol\u00f3gico e at\u00e9 mesmo a perspectiva espiritual, mesmo se esta n\u00e3o puder ser mensurada.<\/p>\n<p>A alma e o corpo n\u00e3o s\u00e3o dois corpos separados e sem comunica\u00e7\u00e3o, e sim duas manifesta\u00e7\u00f5es do mesmo ser e igualmente respons\u00e1veis pela sa\u00fade do indiv\u00edduo.\nDevido ao fato da medicina ortodoxa estar fechada a priori a este conceito, a necessidade de uma renova\u00e7\u00e3o mais profunda, est\u00e1 induzindo pensadores e m\u00e9dicos a adotarem posi\u00e7\u00f5es alternativas com mais freq\u00fc\u00eancia. Isto \u00e9 demonstrado pelo aumento de declara\u00e7\u00f5es e testemunhos que n\u00e3o est\u00e3o dentro dos par\u00e2metros oficiais da medicina. Isto acontece principalmente na \u00e1rea da oncologia, onde acontece um profundo estado de perplexidade e resigna\u00e7\u00e3o.<\/p>\n<p>\u00c8 nesta \u00e1rea que a falha da medicina \u00e9 mais evidente; \u00e9 aqui onde a abordagem sintomatol\u00f3gica revela toda a sua limita\u00e7\u00e3o, \u00e9 aqui que as teorias m\u00e9dicas terminam em uma infinidade de problemas n\u00e3o resolvidos.\nA gen\u00e9tica, que \u00e9 considerada importante na oncologia moderna, continua a oferecer in\u00fameras explica\u00e7\u00f5es baseadas nos processos enzim\u00e1ticos e receptores. Na verdade, isto n\u00e3o \u00e9 suficiente. \u00c8 necess\u00e1rio descobrir algo mais al\u00e9m desta linha de pesquisa e tamb\u00e9m pensar no desperd\u00edcio de recursos econ\u00f4micos, cient\u00edficos e humanos.<\/p>\n<p>Qual posicionamento tomar? Onde procurar elementos que possam trazer mais esclarecimentos para ajudar a atual oncologia?\nMuito pensadores, especialmente bi\u00f3logos, acreditam que aplicando a teoria de Darwin para a evolu\u00e7\u00e3o dos seres humanos, pode ser poss\u00edvel encontrar uma nova alternativa quando se trata de doen\u00e7as degenerativas tais como c\u00e2ncer, cardiopatias e doen\u00e7as mentais. De acordo com esta linha de pensamento, estas doen\u00e7as n\u00e3o s\u00e3o atribu\u00edveis aos fatores gen\u00e9ticos ou ambientais como se acredita no presente, mas sim por causa de infec\u00e7\u00f5es.<\/p>\n<p>No entanto, a resposta para a quest\u00e3o sobre o que causa uma doen\u00e7a degenerativa pode ser encontrada na disciplina que tem dado um impulso \u00e0 medicina, que \u00e9 a microbiologia.\nEst\u00e1 claro que, com a exce\u00e7\u00e3o da bacteriologia, o conhecimento nesta \u00e1rea da pesquisa \u00e9 ainda limitado, em rela\u00e7\u00e3o aos v\u00edrus, sub-v\u00edrus e fungos, cuja val\u00eancia patog\u00eanica, infelizmente ainda \u00e9 pouco conhecida.<\/p>\n<p>\u00c8 verdade que os estudantes tem dado mais aten\u00e7\u00e3o para estas entidades biol\u00f3gicas recentemente e de fato, o conceito de \u201cco-exist\u00eancia in\u00f3cua\u201d atribu\u00edda para muitos parasitas do corpo tem come\u00e7ado a ser questionado com mais convic\u00e7\u00e3o. \u00c8 necess\u00e1rio ter mais determina\u00e7\u00e3o neste processo de revis\u00e3o da microbiologia de modo que a conex\u00e3o mais pr\u00f3xima entre os microorganismos e as doen\u00e7as degenerativas possam ser esclarecidas.\nEu acredito que focar somente em uma dessas \u00e1reas obscuras \u2013 na micologia, o habitat dos fungos \u2013 ser\u00e1 poss\u00edvel descobrir as respostas adequadas para as quest\u00f5es relativas aos problemas dos tumores.<\/p>\n<p>Muitas evid\u00eancias indicam que este \u00e9 o caminho a ser seguido.\nA analogia entre a psor\u00edase \u2013 uma doen\u00e7a incur\u00e1vel da pele que muitos tratam como fungos \u2013 e tumores, os quais tamb\u00e9m constituem uma doen\u00e7a incur\u00e1vel do organismo, o sobreposicionamento sintomatol\u00f3gico da candid\u00edase sist\u00eamica e c\u00e2ncer e a rela\u00e7\u00e3o estritamente gen\u00e9tica entre micetos e massas neopl\u00e1sticas, tornam isso muito claro. Estes s\u00e3o todos os elementos que ap\u00f3iam e confirmam o ponto de vista de que todos os tipos de c\u00e2ncer que acontecem no mundo vegetal s\u00e3o causados por um fungo. Uma infec\u00e7\u00e3o causada por fungos, o da esp\u00e9cie C\u00e2ndida \u2013 poderia explicar porque um tumor ocorre e \u00e9 nesta dire\u00e7\u00e3o que a pesquisa deveria se posicionar para tentar resolver o c\u00e2ncer de uma vez por todas.<\/p>\n<p>Em minha experi\u00eancia pessoal, a \u00fanica subst\u00e2ncia que \u00e9 eficaz contra neoplasmas difusos \u00e9 o bicarbonato de s\u00f3dio. Anos de administra\u00e7\u00e3o parenteral &#8211; isto \u00e9, administra\u00e7\u00e3o diretamente na veia, art\u00e9ria ou cavidade \u2013 tem demonstrado que \u00e9 poss\u00edvel obter uma regress\u00e3o de massas neopl\u00e1sticas em muitos pacientes e algumas vezes resolver as suas condi\u00e7\u00f5es de doen\u00e7as at\u00e9 o ponto de cur\u00e1-las.\nO prop\u00f3sito deste livro \u00e9 explicar esta abordagem simples e nova que combate uma doen\u00e7a extremamente devastadora e variada. Espero firmemente que o papel fundamental dos fungos no desenvolvimento da doen\u00e7a neopl\u00e1stica seja conhecido, muito em breve, de modo que seja poss\u00edvel descobrir, com a ajuda dos estabelecimentos de sa\u00fade, as drogas anti-mic\u00f3ticas e os sistemas de terapias que podem rapidamente combater, sem danificar e sem sofrimento, uma doen\u00e7a que causa tanta devasta\u00e7\u00e3o para a humanidade.<\/p>\n<p>&nbsp;<\/p><\/div>\n\t\t\t\t<\/div>\n","protected":false},"excerpt":{"rendered":"<p>O sucesso alcan\u00e7ado pela medicina moderna nos \u00faltimos 100 anos \u00e9 realmente de grande import\u00e2ncia para a vida do homem, a medida que a medicina tem adquirido instrumentos para ajud\u00e1-lo a navegar efetivamente atrav\u00e9s do vasto oceano das doen\u00e7as. A organiza\u00e7\u00e3o do conhecimento, a conscientiza\u00e7\u00e3o da higiene p\u00fablica, da educa\u00e7\u00e3o para a sa\u00fade e a [&hellip;]<\/p>\n","protected":false},"author":1,"featured_media":0,"parent":68,"menu_order":0,"comment_status":"closed","ping_status":"open","template":"","meta":{"_et_pb_use_builder":"","_et_pb_old_content":"","_et_gb_content_width":""},"_links":{"self":[{"href":"http:\/\/www.curenaturalicancro.com\/br\/wp-json\/wp\/v2\/pages\/486"}],"collection":[{"href":"http:\/\/www.curenaturalicancro.com\/br\/wp-json\/wp\/v2\/pages"}],"about":[{"href":"http:\/\/www.curenaturalicancro.com\/br\/wp-json\/wp\/v2\/types\/page"}],"author":[{"embeddable":true,"href":"http:\/\/www.curenaturalicancro.com\/br\/wp-json\/wp\/v2\/users\/1"}],"replies":[{"embeddable":true,"href":"http:\/\/www.curenaturalicancro.com\/br\/wp-json\/wp\/v2\/comments?post=486"}],"version-history":[{"count":7,"href":"http:\/\/www.curenaturalicancro.com\/br\/wp-json\/wp\/v2\/pages\/486\/revisions"}],"predecessor-version":[{"id":496,"href":"http:\/\/www.curenaturalicancro.com\/br\/wp-json\/wp\/v2\/pages\/486\/revisions\/496"}],"up":[{"embeddable":true,"href":"http:\/\/www.curenaturalicancro.com\/br\/wp-json\/wp\/v2\/pages\/68"}],"wp:attachment":[{"href":"http:\/\/www.curenaturalicancro.com\/br\/wp-json\/wp\/v2\/media?parent=486"}],"curies":[{"name":"wp","href":"https:\/\/api.w.org\/{rel}","templated":true}]}}