{"id":473,"date":"2014-02-03T21:32:19","date_gmt":"2014-02-03T21:32:19","guid":{"rendered":"http:\/\/www.curenaturalicancro.com\/br\/?page_id=473"},"modified":"2014-02-03T21:32:19","modified_gmt":"2014-02-03T21:32:19","slug":"cancer-do-utero","status":"publish","type":"page","link":"http:\/\/www.curenaturalicancro.com\/br\/protocolo\/cancer-do-utero","title":{"rendered":"C\u00e2ncer do \u00fatero"},"content":{"rendered":"<p><strong>Muito importante:<\/strong><br \/>\n\u00c8 imprescind\u00edvel o acompanhamento m\u00e9dico durante o tratamento.<\/p>\n<p><strong>C\u00e2ncer do \u00fatero<\/strong><br \/>\n8 colheres de sopa de bicarbonato de s\u00f3dio em 4-5 litros de \u00e1gua morna.<br \/>\nVerificar se \u00e9 salgada.<br \/>\nPosicionar-se na banheira como que num plano inclinado, com a bacia mais alta com rela\u00e7\u00e3o \u00e0s costas<br \/>\nSubministrar lentamente na vagina a solu\u00e7\u00e3o com uma mangueirinha.<br \/>\nDurante a lavagem rodar 90\u00b0 a cada 15 minutos, tempo total uma hora Veja o protocolo TAT.<br \/>\nOu seja, assumir todas as posi\u00e7\u00f5es: de costas, flanco esquerdo, de bru\u00e7os, flanco direito<br \/>\nFazer a lavagem por 2 meses, iniciando a partir do t\u00e9rmino das menstrua\u00e7\u00f5es suspendendo durante as menstrua\u00e7\u00f5es sucessivas.<br \/>\nAmpola de soro de 500 cc de bicarbonato de s\u00f3dio 5% (a ser feito em 1 hora), 6 dias sim e 6 n\u00e3o \u2013 por 4 ciclos.<\/p>\n<p>Efeitos colaterais: em caso de irrita\u00e7\u00e3o, dor e leve perda de sangue, suspender por 2 dias as lavagens e efetuar a mesma opera\u00e7\u00e3o utilizando 5 colheres de sal em 5 litros de \u00e1gua por 2 dias.<br \/>\nEm caso de sede excessiva e acentuado cansa\u00e7o, beber muitos l\u00edquidos, mesmo que com a\u00e7\u00facar, salgar mais os alimentos.<\/p>\n<p>Complementos nutricionais : pot\u00e1ssio e magn\u00e9sio.<\/p>\n","protected":false},"excerpt":{"rendered":"<p>Muito importante: \u00c8 imprescind\u00edvel o acompanhamento m\u00e9dico durante o tratamento. C\u00e2ncer do \u00fatero 8 colheres de sopa de bicarbonato de s\u00f3dio em 4-5 litros de \u00e1gua morna. Verificar se \u00e9 salgada. Posicionar-se na banheira como que num plano inclinado, com a bacia mais alta com rela\u00e7\u00e3o \u00e0s costas Subministrar lentamente na vagina a solu\u00e7\u00e3o com [&hellip;]<\/p>\n","protected":false},"author":1,"featured_media":0,"parent":211,"menu_order":0,"comment_status":"closed","ping_status":"open","template":"","meta":{"_et_pb_use_builder":"","_et_pb_old_content":"","_et_gb_content_width":""},"_links":{"self":[{"href":"http:\/\/www.curenaturalicancro.com\/br\/wp-json\/wp\/v2\/pages\/473"}],"collection":[{"href":"http:\/\/www.curenaturalicancro.com\/br\/wp-json\/wp\/v2\/pages"}],"about":[{"href":"http:\/\/www.curenaturalicancro.com\/br\/wp-json\/wp\/v2\/types\/page"}],"author":[{"embeddable":true,"href":"http:\/\/www.curenaturalicancro.com\/br\/wp-json\/wp\/v2\/users\/1"}],"replies":[{"embeddable":true,"href":"http:\/\/www.curenaturalicancro.com\/br\/wp-json\/wp\/v2\/comments?post=473"}],"version-history":[{"count":1,"href":"http:\/\/www.curenaturalicancro.com\/br\/wp-json\/wp\/v2\/pages\/473\/revisions"}],"predecessor-version":[{"id":474,"href":"http:\/\/www.curenaturalicancro.com\/br\/wp-json\/wp\/v2\/pages\/473\/revisions\/474"}],"up":[{"embeddable":true,"href":"http:\/\/www.curenaturalicancro.com\/br\/wp-json\/wp\/v2\/pages\/211"}],"wp:attachment":[{"href":"http:\/\/www.curenaturalicancro.com\/br\/wp-json\/wp\/v2\/media?parent=473"}],"curies":[{"name":"wp","href":"https:\/\/api.w.org\/{rel}","templated":true}]}}