{"id":459,"date":"2014-02-03T20:53:36","date_gmt":"2014-02-03T20:53:36","guid":{"rendered":"http:\/\/www.curenaturalicancro.com\/br\/?page_id=459"},"modified":"2014-02-03T20:53:36","modified_gmt":"2014-02-03T20:53:36","slug":"cancer-osseo","status":"publish","type":"page","link":"http:\/\/www.curenaturalicancro.com\/br\/protocolo\/cancer-osseo","title":{"rendered":"C\u00e2ncer \u00f3sseo"},"content":{"rendered":"<p><strong>Muito importante:<\/strong><br \/>\n\u00c8 imprescind\u00edvel o acompanhamento m\u00e9dico durante o tratamento.<\/p>\n<p><strong>C\u00e2ncer \u00f3sseo<\/strong><br \/>\nFa\u00e7a\u00a0 radioterapia na \u00e1rea afetada do osso.<br \/>\nEnquanto isso, administre 400-500 ml\u00a0de bicarbonato de s\u00f3dio\u00a0 a 5% :<br \/>\n6 dias sim \/ seis dias n\u00e3o. Fa\u00e7a esse procedimento por 4 ciclos.<br \/>\nDepois fa\u00e7a um exame de Resson\u00e2ncia Magn\u00e9tica ou Tomografia Computadorizada<\/p>\n<p>Efeitos colaterais : sede e cansa\u00e7o.<br \/>\nBeba bastante l\u00edquidos, fa\u00e7a ingest\u00e3o de produtos doces e coloque\u00a0 mais sal nos alimentos, na hora das refei\u00e7\u00f5es.<br \/>\nComplementos nutricionais : pot\u00e1ssio, magn\u00e9sio e biofosfonatos.<\/p>\n","protected":false},"excerpt":{"rendered":"<p>Muito importante: \u00c8 imprescind\u00edvel o acompanhamento m\u00e9dico durante o tratamento. C\u00e2ncer \u00f3sseo Fa\u00e7a\u00a0 radioterapia na \u00e1rea afetada do osso. Enquanto isso, administre 400-500 ml\u00a0de bicarbonato de s\u00f3dio\u00a0 a 5% : 6 dias sim \/ seis dias n\u00e3o. Fa\u00e7a esse procedimento por 4 ciclos. Depois fa\u00e7a um exame de Resson\u00e2ncia Magn\u00e9tica ou Tomografia Computadorizada Efeitos colaterais [&hellip;]<\/p>\n","protected":false},"author":1,"featured_media":0,"parent":211,"menu_order":0,"comment_status":"closed","ping_status":"open","template":"","meta":{"_et_pb_use_builder":"","_et_pb_old_content":"","_et_gb_content_width":""},"_links":{"self":[{"href":"http:\/\/www.curenaturalicancro.com\/br\/wp-json\/wp\/v2\/pages\/459"}],"collection":[{"href":"http:\/\/www.curenaturalicancro.com\/br\/wp-json\/wp\/v2\/pages"}],"about":[{"href":"http:\/\/www.curenaturalicancro.com\/br\/wp-json\/wp\/v2\/types\/page"}],"author":[{"embeddable":true,"href":"http:\/\/www.curenaturalicancro.com\/br\/wp-json\/wp\/v2\/users\/1"}],"replies":[{"embeddable":true,"href":"http:\/\/www.curenaturalicancro.com\/br\/wp-json\/wp\/v2\/comments?post=459"}],"version-history":[{"count":1,"href":"http:\/\/www.curenaturalicancro.com\/br\/wp-json\/wp\/v2\/pages\/459\/revisions"}],"predecessor-version":[{"id":460,"href":"http:\/\/www.curenaturalicancro.com\/br\/wp-json\/wp\/v2\/pages\/459\/revisions\/460"}],"up":[{"embeddable":true,"href":"http:\/\/www.curenaturalicancro.com\/br\/wp-json\/wp\/v2\/pages\/211"}],"wp:attachment":[{"href":"http:\/\/www.curenaturalicancro.com\/br\/wp-json\/wp\/v2\/media?parent=459"}],"curies":[{"name":"wp","href":"https:\/\/api.w.org\/{rel}","templated":true}]}}