{"id":456,"date":"2014-02-03T20:50:34","date_gmt":"2014-02-03T20:50:34","guid":{"rendered":"http:\/\/www.curenaturalicancro.com\/br\/?page_id=456"},"modified":"2014-02-03T20:50:34","modified_gmt":"2014-02-03T20:50:34","slug":"cancer-do-olho","status":"publish","type":"page","link":"http:\/\/www.curenaturalicancro.com\/br\/protocolo\/cancer-do-olho","title":{"rendered":"C\u00e2ncer do olho"},"content":{"rendered":"<p><strong>Muito importante:<\/strong><br \/>\nMesmo que os tratamentos relacionados possam ser realizados pela pr\u00f3pria pessoa, entretanto, para alguns seria ideal a supervis\u00e3o de um m\u00e9dico.<\/p>\n<p><strong>Tratamento circular a 360\u00b0<\/strong><br \/>\n\u00c8 indicado quando si ministra bicarbonato de s\u00f3dio em uma cavidade (\u00fatero, bexiga, parte urinaria, estomago, boca, etc&#8230;).<br \/>\nDeitar-se na cama<br \/>\nPreencher a cavidade com a solu\u00e7\u00e3o de bicarbonato.<br \/>\nPosicionar 2 travesseiros sob a bacia.<br \/>\nRodar 90\u00b0 a cada 15 minutos, tempo total uma hora<br \/>\nOu seja, assumir todas as posi\u00e7\u00f5es: de costas, flanco esquerdo, de bru\u00e7os, flanco direito<\/p>\n<hr \/>\n<p>Colocar uma colher de caf\u00e9 de bicarbonato de s\u00f3dio em 1 copo de \u00e1gua morna.<br \/>\nVerificar se \u00e9 salgada.<br \/>\nDeitar-se na cama.<br \/>\nCom una bombinha de col\u00edrio colocar 1 gota na conjuntiva a cada 3 minutos por 3-4 vezes.<br \/>\n1 vez por dia durante 6 dias.<br \/>\nPausar durante 3 dias.<br \/>\nRealizar o ciclo intero de 9 dias por 4 vezes.<br \/>\nEfeitos colaterais: Em caso de irrita\u00e7\u00e3o, suspender o tratamento durante um dia.<br \/>\nColocar 2 gotas de \u00e1gua e sal (uma colher de caf\u00e9 em um copo) duas vezes ao dia.<\/p>\n","protected":false},"excerpt":{"rendered":"<p>Muito importante: Mesmo que os tratamentos relacionados possam ser realizados pela pr\u00f3pria pessoa, entretanto, para alguns seria ideal a supervis\u00e3o de um m\u00e9dico. Tratamento circular a 360\u00b0 \u00c8 indicado quando si ministra bicarbonato de s\u00f3dio em uma cavidade (\u00fatero, bexiga, parte urinaria, estomago, boca, etc&#8230;). Deitar-se na cama Preencher a cavidade com a solu\u00e7\u00e3o de [&hellip;]<\/p>\n","protected":false},"author":1,"featured_media":0,"parent":211,"menu_order":0,"comment_status":"closed","ping_status":"open","template":"","meta":{"_et_pb_use_builder":"","_et_pb_old_content":"","_et_gb_content_width":""},"_links":{"self":[{"href":"http:\/\/www.curenaturalicancro.com\/br\/wp-json\/wp\/v2\/pages\/456"}],"collection":[{"href":"http:\/\/www.curenaturalicancro.com\/br\/wp-json\/wp\/v2\/pages"}],"about":[{"href":"http:\/\/www.curenaturalicancro.com\/br\/wp-json\/wp\/v2\/types\/page"}],"author":[{"embeddable":true,"href":"http:\/\/www.curenaturalicancro.com\/br\/wp-json\/wp\/v2\/users\/1"}],"replies":[{"embeddable":true,"href":"http:\/\/www.curenaturalicancro.com\/br\/wp-json\/wp\/v2\/comments?post=456"}],"version-history":[{"count":1,"href":"http:\/\/www.curenaturalicancro.com\/br\/wp-json\/wp\/v2\/pages\/456\/revisions"}],"predecessor-version":[{"id":457,"href":"http:\/\/www.curenaturalicancro.com\/br\/wp-json\/wp\/v2\/pages\/456\/revisions\/457"}],"up":[{"embeddable":true,"href":"http:\/\/www.curenaturalicancro.com\/br\/wp-json\/wp\/v2\/pages\/211"}],"wp:attachment":[{"href":"http:\/\/www.curenaturalicancro.com\/br\/wp-json\/wp\/v2\/media?parent=456"}],"curies":[{"name":"wp","href":"https:\/\/api.w.org\/{rel}","templated":true}]}}