{"id":452,"date":"2014-02-03T15:58:45","date_gmt":"2014-02-03T15:58:45","guid":{"rendered":"http:\/\/www.curenaturalicancro.com\/br\/?page_id=452"},"modified":"2014-02-03T15:58:45","modified_gmt":"2014-02-03T15:58:45","slug":"melanoma-da-coroide","status":"publish","type":"page","link":"http:\/\/www.curenaturalicancro.com\/br\/protocolo\/melanoma-da-coroide","title":{"rendered":"Melanoma da cor\u00f3ide"},"content":{"rendered":"<p><strong>Muito importante:<\/strong><br \/>\n\u00c8 imprescind\u00edvel o acompanhamento m\u00e9dico durante o tratamento.<\/p>\n<p><strong>Melanoma da cor\u00f3ide<\/strong><br \/>\n1 colher de ch\u00e1 de bicarbonato de s\u00f3dio em um copo de \u00e1gua levemente morna.<br \/>\nExperimente para ver se est\u00e1 salgada.<\/p>\n<p>Deite-se na cama<br \/>\nCom um conta-gotas, coloque uma gota em cada olho a cada 3 minutos, durante 10 minutos .<br \/>\nFazer esse procedimento 1 vez por dia.<br \/>\nFa\u00e7a esse procedimento por 6 dias.<br \/>\nIntervalo de 3 dias.<br \/>\nRepita todo o ciclo por 4 vezes.<\/p>\n<p>Efeitos colaterais: em caso de dor ou irrita\u00e7\u00e3o, d\u00ea um dia de intervalo durante o tratamento.<br \/>\nColoque 2 gotas de \u00e1gua levemente salgada, duas vezes por dia, somente durante o dia de intervalo.<\/p>\n","protected":false},"excerpt":{"rendered":"<p>Muito importante: \u00c8 imprescind\u00edvel o acompanhamento m\u00e9dico durante o tratamento. Melanoma da cor\u00f3ide 1 colher de ch\u00e1 de bicarbonato de s\u00f3dio em um copo de \u00e1gua levemente morna. Experimente para ver se est\u00e1 salgada. Deite-se na cama Com um conta-gotas, coloque uma gota em cada olho a cada 3 minutos, durante 10 minutos . Fazer [&hellip;]<\/p>\n","protected":false},"author":1,"featured_media":0,"parent":211,"menu_order":0,"comment_status":"closed","ping_status":"open","template":"","meta":{"_et_pb_use_builder":"","_et_pb_old_content":"","_et_gb_content_width":""},"_links":{"self":[{"href":"http:\/\/www.curenaturalicancro.com\/br\/wp-json\/wp\/v2\/pages\/452"}],"collection":[{"href":"http:\/\/www.curenaturalicancro.com\/br\/wp-json\/wp\/v2\/pages"}],"about":[{"href":"http:\/\/www.curenaturalicancro.com\/br\/wp-json\/wp\/v2\/types\/page"}],"author":[{"embeddable":true,"href":"http:\/\/www.curenaturalicancro.com\/br\/wp-json\/wp\/v2\/users\/1"}],"replies":[{"embeddable":true,"href":"http:\/\/www.curenaturalicancro.com\/br\/wp-json\/wp\/v2\/comments?post=452"}],"version-history":[{"count":1,"href":"http:\/\/www.curenaturalicancro.com\/br\/wp-json\/wp\/v2\/pages\/452\/revisions"}],"predecessor-version":[{"id":453,"href":"http:\/\/www.curenaturalicancro.com\/br\/wp-json\/wp\/v2\/pages\/452\/revisions\/453"}],"up":[{"embeddable":true,"href":"http:\/\/www.curenaturalicancro.com\/br\/wp-json\/wp\/v2\/pages\/211"}],"wp:attachment":[{"href":"http:\/\/www.curenaturalicancro.com\/br\/wp-json\/wp\/v2\/media?parent=452"}],"curies":[{"name":"wp","href":"https:\/\/api.w.org\/{rel}","templated":true}]}}