{"id":434,"date":"2014-01-31T16:17:40","date_gmt":"2014-01-31T16:17:40","guid":{"rendered":"http:\/\/www.curenaturalicancro.com\/br\/?page_id=434"},"modified":"2014-01-31T16:17:40","modified_gmt":"2014-01-31T16:17:40","slug":"cancer-do-esofago","status":"publish","type":"page","link":"http:\/\/www.curenaturalicancro.com\/br\/protocolo\/cancer-do-esofago","title":{"rendered":"C\u00e2ncer do es\u00f4fago"},"content":{"rendered":"<p><strong>Muito importante:<\/strong><br \/>\n\u00c8 imprescind\u00edvel o acompanhamento m\u00e9dico durante o tratamento.<\/p>\n<p><strong>C\u00e2ncer do es\u00f4fago<\/strong><br \/>\nColocar uma colher de caf\u00e9 de bicarbonato de s\u00f3dio em 1 copo de \u00e1gua morna.<br \/>\nVerificar se \u00e9 salgada.<br \/>\nBeber toda a solu\u00e7\u00e3o.<br \/>\nDeitar-se na cama. Rodar 90\u00b0 a cada 15 minutos, tempo total uma hora\u00a0<a href=\"http:\/\/www.cancerfungus.com\/br\/pt-terapia-simoncini-tat-estomago.php\">Veja o protocolo TAT<\/a>.<br \/>\nOu seja, assumir todas as posi\u00e7\u00f5es: de costas, flanco esquerdo, de bru\u00e7os, flanco direito.<br \/>\nFazer 2 vezes ao dia antes do almo\u00e7o e do jantar, por 1 m\u00eas.<br \/>\n1 semana de repouso.<br \/>\nRepetir o ciclo completo 2 vezes.<br \/>\nAmpola de soro de 500 cc de bicarbonato de s\u00f3dio 5% (a ser feito em 1 hora), 6 dias sim e 6 n\u00e3o \u2013 por 4 ciclos.<\/p>\n<p>Efeitos colaterais: em caso de sede excessiva e acentuado cansa\u00e7o, beber muitos l\u00edquidos, mesmo que com a\u00e7\u00facar, salgar mais os alimentos.<\/p>\n<p>Complementos nutricionais : pot\u00e1ssio e magn\u00e9sio.<\/p>\n<p>&nbsp;<\/p>\n","protected":false},"excerpt":{"rendered":"<p>Muito importante: \u00c8 imprescind\u00edvel o acompanhamento m\u00e9dico durante o tratamento. C\u00e2ncer do es\u00f4fago Colocar uma colher de caf\u00e9 de bicarbonato de s\u00f3dio em 1 copo de \u00e1gua morna. Verificar se \u00e9 salgada. Beber toda a solu\u00e7\u00e3o. Deitar-se na cama. Rodar 90\u00b0 a cada 15 minutos, tempo total uma hora\u00a0Veja o protocolo TAT. Ou seja, assumir [&hellip;]<\/p>\n","protected":false},"author":1,"featured_media":0,"parent":211,"menu_order":0,"comment_status":"closed","ping_status":"open","template":"","meta":{"_et_pb_use_builder":"","_et_pb_old_content":"","_et_gb_content_width":""},"_links":{"self":[{"href":"http:\/\/www.curenaturalicancro.com\/br\/wp-json\/wp\/v2\/pages\/434"}],"collection":[{"href":"http:\/\/www.curenaturalicancro.com\/br\/wp-json\/wp\/v2\/pages"}],"about":[{"href":"http:\/\/www.curenaturalicancro.com\/br\/wp-json\/wp\/v2\/types\/page"}],"author":[{"embeddable":true,"href":"http:\/\/www.curenaturalicancro.com\/br\/wp-json\/wp\/v2\/users\/1"}],"replies":[{"embeddable":true,"href":"http:\/\/www.curenaturalicancro.com\/br\/wp-json\/wp\/v2\/comments?post=434"}],"version-history":[{"count":1,"href":"http:\/\/www.curenaturalicancro.com\/br\/wp-json\/wp\/v2\/pages\/434\/revisions"}],"predecessor-version":[{"id":435,"href":"http:\/\/www.curenaturalicancro.com\/br\/wp-json\/wp\/v2\/pages\/434\/revisions\/435"}],"up":[{"embeddable":true,"href":"http:\/\/www.curenaturalicancro.com\/br\/wp-json\/wp\/v2\/pages\/211"}],"wp:attachment":[{"href":"http:\/\/www.curenaturalicancro.com\/br\/wp-json\/wp\/v2\/media?parent=434"}],"curies":[{"name":"wp","href":"https:\/\/api.w.org\/{rel}","templated":true}]}}