{"id":430,"date":"2014-01-31T16:14:10","date_gmt":"2014-01-31T16:14:10","guid":{"rendered":"http:\/\/www.curenaturalicancro.com\/br\/?page_id=430"},"modified":"2014-01-31T16:16:11","modified_gmt":"2014-01-31T16:16:11","slug":"epithelioma","status":"publish","type":"page","link":"http:\/\/www.curenaturalicancro.com\/br\/protocolo\/epithelioma","title":{"rendered":"Epithelioma"},"content":{"rendered":"<p><img loading=\"lazy\" alt=\"iodo melanoma\" src=\"http:\/\/www.cancerfungus.com\/images\/iodo-melanoma.gif\" width=\"210\" height=\"158\" hspace=\"5\" \/><\/p>\n<p><strong>Epithelioma<\/strong><br \/>\nO tratamento para curar epitelioma consiste no uso da solu\u00e7\u00e3o de iodo a 7%, considerando que ela \u00e9 capaz de precipitar as prote\u00ednas dos corpos dos fungos e destru\u00ed-las completamente em um curto per\u00edodo de tempo.<\/p>\n<p>Se as les\u00f5es s\u00e3o relativamente pequenas, elas devem ser coradas com a solu\u00e7\u00e3o 10-20-30 vezes, duas vezes por dia, durante um per\u00edodo de 5 dias. Depois fa\u00e7a esse procedimento uma vez por dia, durante dez dias, at\u00e9 ficarem bem escuras.<\/p>\n<p>Quando a crosta estiver formada e ficar mais elevada do que o n\u00edvel da pele, torna-se necess\u00e1rio continuar a corar em cima e abaixo dela, mesmo se inicialmente causar bastante dor.<\/p>\n<p>&nbsp;<\/p>\n","protected":false},"excerpt":{"rendered":"<p>Epithelioma O tratamento para curar epitelioma consiste no uso da solu\u00e7\u00e3o de iodo a 7%, considerando que ela \u00e9 capaz de precipitar as prote\u00ednas dos corpos dos fungos e destru\u00ed-las completamente em um curto per\u00edodo de tempo. Se as les\u00f5es s\u00e3o relativamente pequenas, elas devem ser coradas com a solu\u00e7\u00e3o 10-20-30 vezes, duas vezes por [&hellip;]<\/p>\n","protected":false},"author":1,"featured_media":0,"parent":211,"menu_order":0,"comment_status":"closed","ping_status":"open","template":"","meta":{"_et_pb_use_builder":"","_et_pb_old_content":"","_et_gb_content_width":""},"_links":{"self":[{"href":"http:\/\/www.curenaturalicancro.com\/br\/wp-json\/wp\/v2\/pages\/430"}],"collection":[{"href":"http:\/\/www.curenaturalicancro.com\/br\/wp-json\/wp\/v2\/pages"}],"about":[{"href":"http:\/\/www.curenaturalicancro.com\/br\/wp-json\/wp\/v2\/types\/page"}],"author":[{"embeddable":true,"href":"http:\/\/www.curenaturalicancro.com\/br\/wp-json\/wp\/v2\/users\/1"}],"replies":[{"embeddable":true,"href":"http:\/\/www.curenaturalicancro.com\/br\/wp-json\/wp\/v2\/comments?post=430"}],"version-history":[{"count":2,"href":"http:\/\/www.curenaturalicancro.com\/br\/wp-json\/wp\/v2\/pages\/430\/revisions"}],"predecessor-version":[{"id":433,"href":"http:\/\/www.curenaturalicancro.com\/br\/wp-json\/wp\/v2\/pages\/430\/revisions\/433"}],"up":[{"embeddable":true,"href":"http:\/\/www.curenaturalicancro.com\/br\/wp-json\/wp\/v2\/pages\/211"}],"wp:attachment":[{"href":"http:\/\/www.curenaturalicancro.com\/br\/wp-json\/wp\/v2\/media?parent=430"}],"curies":[{"name":"wp","href":"https:\/\/api.w.org\/{rel}","templated":true}]}}