{"id":424,"date":"2014-01-31T15:31:33","date_gmt":"2014-01-31T15:31:33","guid":{"rendered":"http:\/\/www.curenaturalicancro.com\/br\/?page_id=424"},"modified":"2014-01-31T15:31:33","modified_gmt":"2014-01-31T15:31:33","slug":"cancer-cervical","status":"publish","type":"page","link":"http:\/\/www.curenaturalicancro.com\/br\/protocolo\/cancer-cervical","title":{"rendered":"C\u00e2ncer cervical"},"content":{"rendered":"<p><strong>Muito importante:<\/strong><br \/>\n\u00c8 imprescind\u00edvel o acompanhamento m\u00e9dico durante o tratamento.<\/p>\n<p><strong>C\u00e2ncer cervical<\/strong><br \/>\nPense em um semi-c\u00edrculo ao redor do n\u00f3dulo.<br \/>\nImagine um rel\u00f3gio, com hor\u00e1rio entre 11:00 e 13:00 em rela\u00e7\u00e3o ao n\u00f3dulo, que deveria estar localizado no centro.<\/p>\n<p>Administre uma inje\u00e7\u00e3o por dia, nestes pontos utilizando 30-50 ml de bicarbonato de s\u00f3dio a 5% . Fa\u00e7a este procedimento por 6 dias. Fa\u00e7a a administra\u00e7\u00e3o intravenosa com 500 ml de bicarbonato de s\u00f3dio a 5% &#8211; 6 dias sim \/ 6 dias n\u00e3o. Repita este procedimento por 4 ciclos.<\/p>\n<p>Aguarde pelo menos 3 semanas, depois repita o tratamento se o n\u00f3dulo n\u00e3o tiver desaparecido totalmente. Se aparecerem manchas roxas ou alguma irrita\u00e7\u00e3o, fa\u00e7a um intervalo de 1-2 dias com as inje\u00e7\u00f5es&#8230;<\/p>\n<p>Efeitos colaterais: dor e incha\u00e7o. A dor dura alguns minutos, o incha\u00e7o persiste por alguns dias. Beba bastante l\u00edquidos, fa\u00e7a ingest\u00e3o de produtos doces e coloque mais sal nos alimentos, na hora das refei\u00e7\u00f5es.<\/p>\n<p>Complementos nutricionais: pot\u00e1ssio, magn\u00e9sio, etc.<\/p>\n<p>&nbsp;<\/p>\n","protected":false},"excerpt":{"rendered":"<p>Muito importante: \u00c8 imprescind\u00edvel o acompanhamento m\u00e9dico durante o tratamento. C\u00e2ncer cervical Pense em um semi-c\u00edrculo ao redor do n\u00f3dulo. Imagine um rel\u00f3gio, com hor\u00e1rio entre 11:00 e 13:00 em rela\u00e7\u00e3o ao n\u00f3dulo, que deveria estar localizado no centro. Administre uma inje\u00e7\u00e3o por dia, nestes pontos utilizando 30-50 ml de bicarbonato de s\u00f3dio a 5% [&hellip;]<\/p>\n","protected":false},"author":1,"featured_media":0,"parent":211,"menu_order":0,"comment_status":"closed","ping_status":"open","template":"","meta":{"_et_pb_use_builder":"","_et_pb_old_content":"","_et_gb_content_width":""},"_links":{"self":[{"href":"http:\/\/www.curenaturalicancro.com\/br\/wp-json\/wp\/v2\/pages\/424"}],"collection":[{"href":"http:\/\/www.curenaturalicancro.com\/br\/wp-json\/wp\/v2\/pages"}],"about":[{"href":"http:\/\/www.curenaturalicancro.com\/br\/wp-json\/wp\/v2\/types\/page"}],"author":[{"embeddable":true,"href":"http:\/\/www.curenaturalicancro.com\/br\/wp-json\/wp\/v2\/users\/1"}],"replies":[{"embeddable":true,"href":"http:\/\/www.curenaturalicancro.com\/br\/wp-json\/wp\/v2\/comments?post=424"}],"version-history":[{"count":1,"href":"http:\/\/www.curenaturalicancro.com\/br\/wp-json\/wp\/v2\/pages\/424\/revisions"}],"predecessor-version":[{"id":425,"href":"http:\/\/www.curenaturalicancro.com\/br\/wp-json\/wp\/v2\/pages\/424\/revisions\/425"}],"up":[{"embeddable":true,"href":"http:\/\/www.curenaturalicancro.com\/br\/wp-json\/wp\/v2\/pages\/211"}],"wp:attachment":[{"href":"http:\/\/www.curenaturalicancro.com\/br\/wp-json\/wp\/v2\/media?parent=424"}],"curies":[{"name":"wp","href":"https:\/\/api.w.org\/{rel}","templated":true}]}}