{"id":420,"date":"2014-01-31T15:29:07","date_gmt":"2014-01-31T15:29:07","guid":{"rendered":"http:\/\/www.curenaturalicancro.com\/br\/?page_id=420"},"modified":"2014-01-31T15:29:15","modified_gmt":"2014-01-31T15:29:15","slug":"cancer-cerebral","status":"publish","type":"page","link":"http:\/\/www.curenaturalicancro.com\/br\/protocolo\/cancer-cerebral","title":{"rendered":"C\u00e2ncer cerebral"},"content":{"rendered":"<p><strong>Muito importante:<\/strong><br \/>\n\u00c8 imprescind\u00edvel o acompanhamento m\u00e9dico durante o tratamento.<\/p>\n<p><strong>C\u00e2ncer Cerebral<\/strong><br \/>\nAplica\u00e7\u00e3o intravenosa de 500 ml de bicarbonato de s\u00f3dio a 5%:<br \/>\n6 dias sim \/ seis dias n\u00e3o. Fa\u00e7a esse procedimento por 4 ciclos.<br \/>\nDepois fa\u00e7a um exame de Resson\u00e2ncia Magn\u00e9tica ou Tomografia Computadorizada.<br \/>\nFa\u00e7a um intervalo de 14 dias e depois repita todo o ciclo.<br \/>\nPosteriormente, a administra\u00e7\u00e3o intravenosa poder\u00e1 ser adiada, respeitando-se as condi\u00e7\u00f5es de sa\u00fade do paciente.<\/p>\n<p>Efeitos colaterais: sede, cansa\u00e7o, sono ou dor de cabe\u00e7a.<br \/>\nA administra\u00e7\u00e3o do bicarbonato de s\u00f3dio e o intervalo de 1-2-3 dias deve ser adaptado de acordo com cada caso.<br \/>\nBeba bastante l\u00edquidos, fa\u00e7a ingest\u00e3o de produtos doces e coloque\u00a0 mais sal nos alimentos, na hora das refei\u00e7\u00f5es.<br \/>\nComplementos nutricionais : pot\u00e1ssio e magn\u00e9sio.<\/p>\n<p>&nbsp;<\/p>\n","protected":false},"excerpt":{"rendered":"<p>Muito importante: \u00c8 imprescind\u00edvel o acompanhamento m\u00e9dico durante o tratamento. C\u00e2ncer Cerebral Aplica\u00e7\u00e3o intravenosa de 500 ml de bicarbonato de s\u00f3dio a 5%: 6 dias sim \/ seis dias n\u00e3o. Fa\u00e7a esse procedimento por 4 ciclos. Depois fa\u00e7a um exame de Resson\u00e2ncia Magn\u00e9tica ou Tomografia Computadorizada. Fa\u00e7a um intervalo de 14 dias e depois repita [&hellip;]<\/p>\n","protected":false},"author":1,"featured_media":0,"parent":211,"menu_order":0,"comment_status":"closed","ping_status":"open","template":"","meta":{"_et_pb_use_builder":"","_et_pb_old_content":"","_et_gb_content_width":""},"_links":{"self":[{"href":"http:\/\/www.curenaturalicancro.com\/br\/wp-json\/wp\/v2\/pages\/420"}],"collection":[{"href":"http:\/\/www.curenaturalicancro.com\/br\/wp-json\/wp\/v2\/pages"}],"about":[{"href":"http:\/\/www.curenaturalicancro.com\/br\/wp-json\/wp\/v2\/types\/page"}],"author":[{"embeddable":true,"href":"http:\/\/www.curenaturalicancro.com\/br\/wp-json\/wp\/v2\/users\/1"}],"replies":[{"embeddable":true,"href":"http:\/\/www.curenaturalicancro.com\/br\/wp-json\/wp\/v2\/comments?post=420"}],"version-history":[{"count":1,"href":"http:\/\/www.curenaturalicancro.com\/br\/wp-json\/wp\/v2\/pages\/420\/revisions"}],"predecessor-version":[{"id":421,"href":"http:\/\/www.curenaturalicancro.com\/br\/wp-json\/wp\/v2\/pages\/420\/revisions\/421"}],"up":[{"embeddable":true,"href":"http:\/\/www.curenaturalicancro.com\/br\/wp-json\/wp\/v2\/pages\/211"}],"wp:attachment":[{"href":"http:\/\/www.curenaturalicancro.com\/br\/wp-json\/wp\/v2\/media?parent=420"}],"curies":[{"name":"wp","href":"https:\/\/api.w.org\/{rel}","templated":true}]}}