{"id":274,"date":"2013-06-24T17:33:32","date_gmt":"2013-06-24T17:33:32","guid":{"rendered":"http:\/\/www.curenaturalicancro.com\/br\/?page_id=274"},"modified":"2015-09-01T10:31:10","modified_gmt":"2015-09-01T10:31:10","slug":"gato-sofre-cancer-relato-de-caso","status":"publish","type":"page","link":"http:\/\/www.curenaturalicancro.com\/br\/diverso\/gato-sofre-cancer-relato-de-caso","title":{"rendered":"gato Kim: relato de caso"},"content":{"rendered":"<h1>Uso de Bicarbonato de S\u00f3dio no tratamento de \u201cAdenocarcinoma tubular simples de grau III\u201d, recidivante em felino<\/h1>\n<h2>Relato de caso<\/h2>\n<p><em>Autor: M\u00e9dico Veterin\u00e1rio: Ricardo Luiz Capuano<\/em><\/p>\n<p><img loading=\"lazy\" class=\"alignright size-full wp-image-279\" src=\"http:\/\/www.curenaturalicancro.com\/br\/wp-content\/uploads\/2013\/06\/cat-kim-201.jpg\" alt=\"gato kim \" width=\"201\" height=\"180\" \/>Resumo: Os\u00a0tumores mam\u00e1rios\u00a0s\u00e3o muito comuns em c\u00e3es e gatos. H\u00e1 uma gama enorme de tipos histol\u00f3gicos que acometem os c\u00e3es, por\u00e9m na maioria dos casos s\u00e3o\u00a0tumores benignos. J\u00e1 nos gatos, a maior parte dos tumores s\u00e3o malignos e altamente agressivos. Nos c\u00e3es, cerca de 50% dos\u00a0tumores mam\u00e1rios\u00a0s\u00e3o malignos. Nos gatos, prevalece uma taxa muito superior, acima de 80%. Entre os tumores mais agressivos, o adenocarcinoma \u00e9 um dos tipos mais comuns. Em termos simples: adenocarcinoma\u00a0\u00e9 um\u00a0c\u00e2ncer\u00a0(neoplasia\u00a0maligna) que se origina de um tecido\u00a0glandular, no caso da paciente, da gl\u00e2ndula mam\u00e1ria. De uma forma geral, os adenocarcinomas s\u00e3o um tipo de c\u00e2ncer de dif\u00edcil remo\u00e7\u00e3o cir\u00fargica, com crescimento r\u00e1pido e de car\u00e1ter bastante agressivo. Os adenocarcinomas t\u00eam por caracter\u00edstica, tamb\u00e9m fazer met\u00e1stases em tecidos n\u00e3o glandulares, ou normais, sendo um tipo de c\u00e2ncer que independente do local, tem um progn\u00f3stico desfavor\u00e1vel.<\/p>\n<p>A classifica\u00e7\u00e3o histopatol\u00f3gica de malignidade proposta pela OMS, em 2005, baseou-se no grau de diferencia\u00e7\u00e3o celular e permitiu o agrupamento dessa neoplasia maligna em tr\u00eas categorias, considerando o grau de malignidade III como o mais grave. Essa avalia\u00e7\u00e3o leva em considera\u00e7\u00e3o a quantidade de c\u00e9lulas alteradas e a gravidade das altera\u00e7\u00f5es celulares.<\/p>\n<p>Relatamos o atendimento e acompanhamento do animal da esp\u00e9cie felina, com o nome de Kim, S.R.D., com 14 anos de idade, 3,2 Kg, com adenocarcinoma mam\u00e1rio recidivante de grau III. Optamos pelo tratamento com inje\u00e7\u00f5es infiltrativas na periferia do tumor com Bicarbonato de S\u00f3dio, adaptando para o animal o tratamento proposto pelo Dr. Tullio Simoncini, para humanos. Esse tratamento foi escolhido devido \u00e0s recidivas cont\u00ednuas, mesmo o animal tendo sido submetido em outra cl\u00ednica a cirurgias de retirada de tumores em 2006, 2011, maio de 2012 e novembro de 2012. No intervalo de novembro 2012 a janeiro de 2013 houve um crescimento tumoral que partiu da retirada total, ou seja, tamanho 0 a uma massa tumoral que alcan\u00e7ou em cerca de 2 meses, o tamanho de 10cm de comprimento, 9 cm largura e 2 cm de altura, aproximadamente. Com esse tratamento, o tumor apresentou uma regress\u00e3o.<\/p>\n<p>Unicamente nos valendo da matem\u00e1tica, em rela\u00e7\u00e3o ao tumor de mama, seria esperado que: um tumor que em 2 meses partiu de um tamanho 0, ou retirada total, a um tamanho de 10cm por 9cm, decorrido aproximadamente o mesmo tempo, de 2 meses, deveria alcan\u00e7ar o tamanho de 20cm por 18cm.<br \/>\nObviamente que quando trabalhamos com organismos vivos, existem in\u00fameras variantes que escapam \u00e0 matem\u00e1tica pura, mas de qualquer maneira, praticamente em todos os casos, um tumor recidivo e agressivo como demonstrava ser o da paciente, deveria normalmente seguir um crescimento r\u00e1pido como vinha fazendo, at\u00e9 o inicio do tratamento.<br \/>\nContrariando a sequ\u00eancia normal do desenvolvimento do tumor, este n\u00e3o s\u00f3 parou sua progress\u00e3o como alcan\u00e7ou uma redu\u00e7\u00e3o que resultou em seu tamanho final em 5,5cm por 7,4cm e 1,5cm. Houve uma redu\u00e7\u00e3o de aproximadamente 30% em sua largura, 25% em seu comprimento e espessura.<br \/>\nDevido aos resultados, mesmo o animal tendo vindo a \u00f3bito em consequ\u00eancia de altera\u00e7\u00f5es provocadas por met\u00e1stase em regi\u00e3o de al\u00e7as intestinais, fica clara a relev\u00e2ncia do experimento e sua necessidade de maiores estudos e interc\u00e2mbio de informa\u00e7\u00f5es.<\/p>\n<p>Palavras \u2013 chave: adenocarcinoma, Bicarbonato de S\u00f3dio, tumor mam\u00e1rio<br \/>\nAutor: M\u00e9dico Veterin\u00e1rio: Ricardo Luiz Capuano<\/p>\n<p>Apresentador do programa: \u201cNossos Irm\u00e3os Animais\u201d (veiculado toda sexta-feira \u00e0s 16h30, juntamente com as comunicadoras Ivany Barreto Lima, Silvia Nogueira e Miriam Lucia Nascimento) e do quadro \u201cConsci\u00eancia Animal\u201d (Todas as segundas dentro do Jornal Nova Manh\u00e3 e RBN \u2013 Noticias) na Radio Boa Nova \u2013 1450 AM.<\/p>\n<p>Related article:<br \/>\n<a href=\"http:\/\/www.curenaturalicancro.com\/br\/diverso\/gato-que-sofre-de-cancer\">gato que sofre de cancer<\/a><\/p>\n<p>Related websites:<br \/>\n<a href=\"http:\/\/www.radioboanova.com.br\/site\/programa\/nossos-irmaos-animais\" target=\"_blank\">radioboanova.com<\/a><br \/>\n<a href=\"http:\/\/vetsantoestevao.wix.com\/clinica\" target=\"_blank\">vetsantoestevao<\/a><br \/>\n<a href=\"http:\/\/nossosirmaosanimais-geas.blogspot.com.br\/\" target=\"_blank\">nossosirmaosanimais-geas<\/a><\/p>\n","protected":false},"excerpt":{"rendered":"<p>Uso de Bicarbonato de S\u00f3dio no tratamento de \u201cAdenocarcinoma tubular simples de grau III\u201d, recidivante em felino Relato de caso Autor: M\u00e9dico Veterin\u00e1rio: Ricardo Luiz Capuano Resumo: Os\u00a0tumores mam\u00e1rios\u00a0s\u00e3o muito comuns em c\u00e3es e gatos. H\u00e1 uma gama enorme de tipos histol\u00f3gicos que acometem os c\u00e3es, por\u00e9m na maioria dos casos s\u00e3o\u00a0tumores benignos. J\u00e1 nos [&hellip;]<\/p>\n","protected":false},"author":1,"featured_media":0,"parent":255,"menu_order":0,"comment_status":"closed","ping_status":"open","template":"","meta":{"_et_pb_use_builder":"","_et_pb_old_content":"","_et_gb_content_width":""},"_links":{"self":[{"href":"http:\/\/www.curenaturalicancro.com\/br\/wp-json\/wp\/v2\/pages\/274"}],"collection":[{"href":"http:\/\/www.curenaturalicancro.com\/br\/wp-json\/wp\/v2\/pages"}],"about":[{"href":"http:\/\/www.curenaturalicancro.com\/br\/wp-json\/wp\/v2\/types\/page"}],"author":[{"embeddable":true,"href":"http:\/\/www.curenaturalicancro.com\/br\/wp-json\/wp\/v2\/users\/1"}],"replies":[{"embeddable":true,"href":"http:\/\/www.curenaturalicancro.com\/br\/wp-json\/wp\/v2\/comments?post=274"}],"version-history":[{"count":15,"href":"http:\/\/www.curenaturalicancro.com\/br\/wp-json\/wp\/v2\/pages\/274\/revisions"}],"predecessor-version":[{"id":615,"href":"http:\/\/www.curenaturalicancro.com\/br\/wp-json\/wp\/v2\/pages\/274\/revisions\/615"}],"up":[{"embeddable":true,"href":"http:\/\/www.curenaturalicancro.com\/br\/wp-json\/wp\/v2\/pages\/255"}],"wp:attachment":[{"href":"http:\/\/www.curenaturalicancro.com\/br\/wp-json\/wp\/v2\/media?parent=274"}],"curies":[{"name":"wp","href":"https:\/\/api.w.org\/{rel}","templated":true}]}}