{"id":269,"date":"2013-06-01T14:58:07","date_gmt":"2013-06-01T14:58:07","guid":{"rendered":"http:\/\/www.curenaturalicancro.com\/br\/?page_id=269"},"modified":"2015-09-01T10:29:22","modified_gmt":"2015-09-01T10:29:22","slug":"gato-que-sofre-de-cancer","status":"publish","type":"page","link":"http:\/\/www.curenaturalicancro.com\/br\/diverso\/gato-que-sofre-de-cancer","title":{"rendered":"gato que sofre de c\u00e2ncer"},"content":{"rendered":"<p><img loading=\"lazy\" class=\"alignleft\" src=\"http:\/\/www.curenaturalicancro.com\/images\/cat-kim-201.jpg\" alt=\"gato que sofre de c\u00e2ncer\" width=\"201\" height=\"180\" \/>A coragem do m\u00e9dico, dr. Simoncini, curando pessoas com c\u00e2ncer e enfrentando a comunidade m\u00e9dico cient\u00edfica, com a divulga\u00e7\u00e3o de sua teoria de que o c\u00e2ncer n\u00e3o \u00e9 uma multiplica\u00e7\u00e3o louca\/desordenada de c\u00e9lulas e sim uma rea\u00e7\u00e3o natural do corpo \u00e0 infesta\u00e7\u00e3o do organismo pelo fungo C\u00e2ndida Albicans.<br \/>\nA coragem do m\u00e9dico dr. Rubens Cascapera Jr. de divulgar essa inova\u00e7\u00e3o conceitual; a minha coragem de estudar o assunto e sentir que poderia ser uma sa\u00edda para a Kim, minha gata com c\u00e2ncer recidivo de mama; a coragem do m\u00e9dico veterin\u00e1rio dr. Ricardo Capuano, de estudar o assunto e iniciar o tratamento na Kim, mesmo que a t\u00edtulo experimental e utilizando parcialmente o protocolo do dr. Simoncini; a coragem de Esp\u00edritos nos quais o dr.Ricardo confia, de indicaram que o m\u00e9todo \u00e9 eficiente e a coragem da Kim, sua vontade not\u00f3ria, not\u00e1vel e exemplar de viver, jamais se entregando e nos empurrando para nos mantermos numa atitude positiva e confiante, fizeram com que uma maravilhosa experi\u00eancia pudesse ter existido em nossas vidas, nesses dias de mar\u00e7o e come\u00e7o de abril.<\/p>\n<p>Um tumor de mama, de forma irregular de 10cm de largura, 9 de comprimento e dois e meio de espessura, ap\u00f3s 09 aplica\u00e7\u00f5es de bicarbonato l\u00edquido e dilu\u00eddo, foi reduzido a 5cm, 7cm e 1,5cm, sendo que a forma ficou triangular, com a base menor de 2,5 cmO tumor no pulm\u00e3o esquerdo foi estancado, pela inala\u00e7\u00e3o do bicarbonato. O tumor no f\u00edgado, com 06 aplica\u00e7\u00f5es n\u00e3o diretas, mas entre os \u00f3rg\u00e3os, melhorou em dois dos lobos, ficando em apenas um. Este causou a desencarna\u00e7\u00e3o da Kim, n\u00e3o pelo c\u00e2ncer, e sim por ter apertado veias e art\u00e9rias que irrigam o intestino, levando a um extravamento do plasma do sangue e provocando um colapso circulat\u00f3rio.<br \/>\nSem isso, o prosseguir do tratamento poderia obter a cura ou uma grande melhora.<\/p>\n<p>A aut\u00f3psia mostrou a verdade e revelou o acerto do dr. Simoncini, quanto ao bicarbonato.<br \/>\nTamb\u00e9m, a Kim n\u00e3o teve nenhum dos sintomas conhecidos de um \u00f3bito por c\u00e2ncer de f\u00edgado ou pulm\u00e3o. Desencarnou em paz, n\u00e3o manifestou dor, v\u00f4mitos, falta de ar ou convuls\u00f5es; e foi junto de mim, para minha gratifica\u00e7\u00e3o e honra.<\/p>\n<p>A Kim j\u00e1 havia passado por quatro cirurgias, desde 2006. Lev\u00e1-la ao dr. Ricardo foi a op\u00e7\u00e3o para um tratamento diferenciado, por ele ser esp\u00edrita, homeopata e fitoterapeuta. Depois veio a sugest\u00e3o aceita e em mar\u00e7o foi iniciado o tratamento com bicarbonato. Ocorre que os fungos vivem em ambiente acidificado (ph menor que 7) e quando o sangue est\u00e1 assim, a imunologia do corpo fica dificultada. Ent\u00e3o a sabedoria do organismo estabelece uma possibilidade de conter a infesta\u00e7\u00e3o, formando os tumores, que s\u00e3o material que se forma circundando a col\u00f4nia de fungos, para evitar sua prolifera\u00e7\u00e3o. Havendo condi\u00e7\u00e3o de alcalinizar o local, os fungos morrem e o tumor regride, perdendo sua fun\u00e7\u00e3o. O bicarbonato faz exatamente isso: alcaliniza o local e o sangue, quando injetado na corrente sangu\u00ednea, matando a C\u00e2ndida Albicans.<\/p>\n<p>Embora o dr. Ricardo como m\u00e9dico consciente e pesquisador, considere prematura a conclus\u00e3o de apoio irrestrito \u00e1 teoria do dr. Simoncini, preferindo apenas mostrar que obtivemos bons resultados, estes j\u00e1 s\u00e3o bastante promissores. Alem disso, deram \u00e0 vida da Kim, um belo diferencial em favor da renova\u00e7\u00e3o das id\u00e9ias e conceitos que nos prendem e impedem o progresso e a simplifica\u00e7\u00e3o da Vida.<\/p>\n<p>Certamente outros animais ser\u00e3o beneficiados pela experi\u00eancia com a Kim, se seus donos forem suficientemente corajosos para aceitarem um tratamento inusitado, sabendo que por tr\u00e1s da grande sofistica\u00e7\u00e3o tecnol\u00f3gica, pode haver interesses que n\u00e3o os de curar\u2026<\/p>\n<p>Story by: Cristina Sarraf<br \/>\nOriginal title: A vit\u00f3ria da coragem<br \/>\nsource: jornaldocem.com.br \u2013 Brazil<\/p>\n<p>UPDATE: <a title=\"relato de caso\" href=\"http:\/\/www.curenaturalicancro.com\/br\/diverso\/gato-sofre-cancer-relato-de-caso\">Relato de caso<\/a><\/p>\n","protected":false},"excerpt":{"rendered":"<p>A coragem do m\u00e9dico, dr. Simoncini, curando pessoas com c\u00e2ncer e enfrentando a comunidade m\u00e9dico cient\u00edfica, com a divulga\u00e7\u00e3o de sua teoria de que o c\u00e2ncer n\u00e3o \u00e9 uma multiplica\u00e7\u00e3o louca\/desordenada de c\u00e9lulas e sim uma rea\u00e7\u00e3o natural do corpo \u00e0 infesta\u00e7\u00e3o do organismo pelo fungo C\u00e2ndida Albicans. A coragem do m\u00e9dico dr. Rubens Cascapera [&hellip;]<\/p>\n","protected":false},"author":1,"featured_media":0,"parent":255,"menu_order":0,"comment_status":"closed","ping_status":"open","template":"","meta":{"_et_pb_use_builder":"","_et_pb_old_content":"","_et_gb_content_width":""},"_links":{"self":[{"href":"http:\/\/www.curenaturalicancro.com\/br\/wp-json\/wp\/v2\/pages\/269"}],"collection":[{"href":"http:\/\/www.curenaturalicancro.com\/br\/wp-json\/wp\/v2\/pages"}],"about":[{"href":"http:\/\/www.curenaturalicancro.com\/br\/wp-json\/wp\/v2\/types\/page"}],"author":[{"embeddable":true,"href":"http:\/\/www.curenaturalicancro.com\/br\/wp-json\/wp\/v2\/users\/1"}],"replies":[{"embeddable":true,"href":"http:\/\/www.curenaturalicancro.com\/br\/wp-json\/wp\/v2\/comments?post=269"}],"version-history":[{"count":7,"href":"http:\/\/www.curenaturalicancro.com\/br\/wp-json\/wp\/v2\/pages\/269\/revisions"}],"predecessor-version":[{"id":614,"href":"http:\/\/www.curenaturalicancro.com\/br\/wp-json\/wp\/v2\/pages\/269\/revisions\/614"}],"up":[{"embeddable":true,"href":"http:\/\/www.curenaturalicancro.com\/br\/wp-json\/wp\/v2\/pages\/255"}],"wp:attachment":[{"href":"http:\/\/www.curenaturalicancro.com\/br\/wp-json\/wp\/v2\/media?parent=269"}],"curies":[{"name":"wp","href":"https:\/\/api.w.org\/{rel}","templated":true}]}}