{"id":264,"date":"2013-06-01T14:46:56","date_gmt":"2013-06-01T14:46:56","guid":{"rendered":"http:\/\/www.curenaturalicancro.com\/br\/?page_id=264"},"modified":"2014-05-12T23:58:29","modified_gmt":"2014-05-12T23:58:29","slug":"video-dr-simoncini","status":"publish","type":"page","link":"http:\/\/www.curenaturalicancro.com\/br\/video\/video-dr-simoncini","title":{"rendered":"video dr simoncini"},"content":{"rendered":"<p>Entrevista\u00a0Dr Simoncini &#8211; Rome [leg PT]<\/p>\n<p><iframe loading=\"lazy\" width=\"1080\" height=\"810\" src=\"http:\/\/www.youtube.com\/embed\/CFrauPgZPJA?feature=oembed\" frameborder=\"0\" allowfullscreen><\/iframe><\/p>\n<p>A coragem do m\u00e9dico, dr. Simoncini, curando pessoas com c\u00e2ncer e enfrentando a comunidade m\u00e9dico cient\u00edfica, com a divulga\u00e7\u00e3o de sua teoria de que o c\u00e2ncer n\u00e3o \u00e9 uma multiplica\u00e7\u00e3o louca\/desordenada de c\u00e9lulas e sim uma rea\u00e7\u00e3o natural do corpo \u00e0 infesta\u00e7\u00e3o do organismo pelo fungo C\u00e2ndida Albicans<\/p>\n<hr \/>\n<p>Also watch English <a title=\"patients video's\" href=\"http:\/\/www.curenaturalicancro.com\/en\/video\/video-patients\" target=\"_blank\">patient testimonials<\/a><\/p>\n<p>&nbsp;<\/p>\n","protected":false},"excerpt":{"rendered":"<p>Entrevista\u00a0Dr Simoncini &#8211; Rome [leg PT] A coragem do m\u00e9dico, dr. Simoncini, curando pessoas com c\u00e2ncer e enfrentando a comunidade m\u00e9dico cient\u00edfica, com a divulga\u00e7\u00e3o de sua teoria de que o c\u00e2ncer n\u00e3o \u00e9 uma multiplica\u00e7\u00e3o louca\/desordenada de c\u00e9lulas e sim uma rea\u00e7\u00e3o natural do corpo \u00e0 infesta\u00e7\u00e3o do organismo pelo fungo C\u00e2ndida Albicans Also [&hellip;]<\/p>\n","protected":false},"author":1,"featured_media":0,"parent":222,"menu_order":0,"comment_status":"closed","ping_status":"open","template":"","meta":{"_et_pb_use_builder":"","_et_pb_old_content":"","_et_gb_content_width":""},"_links":{"self":[{"href":"http:\/\/www.curenaturalicancro.com\/br\/wp-json\/wp\/v2\/pages\/264"}],"collection":[{"href":"http:\/\/www.curenaturalicancro.com\/br\/wp-json\/wp\/v2\/pages"}],"about":[{"href":"http:\/\/www.curenaturalicancro.com\/br\/wp-json\/wp\/v2\/types\/page"}],"author":[{"embeddable":true,"href":"http:\/\/www.curenaturalicancro.com\/br\/wp-json\/wp\/v2\/users\/1"}],"replies":[{"embeddable":true,"href":"http:\/\/www.curenaturalicancro.com\/br\/wp-json\/wp\/v2\/comments?post=264"}],"version-history":[{"count":14,"href":"http:\/\/www.curenaturalicancro.com\/br\/wp-json\/wp\/v2\/pages\/264\/revisions"}],"predecessor-version":[{"id":537,"href":"http:\/\/www.curenaturalicancro.com\/br\/wp-json\/wp\/v2\/pages\/264\/revisions\/537"}],"up":[{"embeddable":true,"href":"http:\/\/www.curenaturalicancro.com\/br\/wp-json\/wp\/v2\/pages\/222"}],"wp:attachment":[{"href":"http:\/\/www.curenaturalicancro.com\/br\/wp-json\/wp\/v2\/media?parent=264"}],"curies":[{"name":"wp","href":"https:\/\/api.w.org\/{rel}","templated":true}]}}