{"id":255,"date":"2013-06-01T14:10:52","date_gmt":"2013-06-01T14:10:52","guid":{"rendered":"http:\/\/www.curenaturalicancro.com\/br\/?page_id=255"},"modified":"2014-02-03T23:34:58","modified_gmt":"2014-02-03T23:34:58","slug":"diverso","status":"publish","type":"page","link":"http:\/\/www.curenaturalicancro.com\/br\/diverso","title":{"rendered":"diverso"},"content":{"rendered":"<h2>gato que sofre de c\u00e2ncer<\/h2>\n<p><div style=\"width: 211px\" class=\"wp-caption alignleft\"><img loading=\"lazy\" alt=\"gato que sofre de c\u00e2ncer\" src=\"http:\/\/www.curenaturalicancro.com\/images\/cat-kim-201.jpg\" width=\"201\" height=\"180\" \/><p class=\"wp-caption-text\">Gato Kim<\/p><\/div>A coragem do m\u00e9dico, dr. Simoncini, curando pessoas com c\u00e2ncer e enfrentando a comunidade m\u00e9dico cient\u00edfica, com a divulga\u00e7\u00e3o de sua teoria de que o c\u00e2ncer n\u00e3o \u00e9 uma multiplica\u00e7\u00e3o louca\/desordenada de c\u00e9lulas e sim uma rea\u00e7\u00e3o natural do corpo \u00e0 infesta\u00e7\u00e3o do organismo pelo fungo C\u00e2ndida Albicans.<\/p>\n<p><a href=\"http:\/\/www.curenaturalicancro.com\/br\/diverso\/gato-que-sofre-de-cancer\" title=\"leia mas\">Leia a hist\u00f3ria completa<\/a><\/p>\n<p>&nbsp;<\/p>\n","protected":false},"excerpt":{"rendered":"<p>gato que sofre de c\u00e2ncer A coragem do m\u00e9dico, dr. Simoncini, curando pessoas com c\u00e2ncer e enfrentando a comunidade m\u00e9dico cient\u00edfica, com a divulga\u00e7\u00e3o de sua teoria de que o c\u00e2ncer n\u00e3o \u00e9 uma multiplica\u00e7\u00e3o louca\/desordenada de c\u00e9lulas e sim uma rea\u00e7\u00e3o natural do corpo \u00e0 infesta\u00e7\u00e3o do organismo pelo fungo C\u00e2ndida Albicans. Leia a [&hellip;]<\/p>\n","protected":false},"author":1,"featured_media":0,"parent":0,"menu_order":5,"comment_status":"closed","ping_status":"open","template":"","meta":{"_et_pb_use_builder":"","_et_pb_old_content":"","_et_gb_content_width":""},"_links":{"self":[{"href":"http:\/\/www.curenaturalicancro.com\/br\/wp-json\/wp\/v2\/pages\/255"}],"collection":[{"href":"http:\/\/www.curenaturalicancro.com\/br\/wp-json\/wp\/v2\/pages"}],"about":[{"href":"http:\/\/www.curenaturalicancro.com\/br\/wp-json\/wp\/v2\/types\/page"}],"author":[{"embeddable":true,"href":"http:\/\/www.curenaturalicancro.com\/br\/wp-json\/wp\/v2\/users\/1"}],"replies":[{"embeddable":true,"href":"http:\/\/www.curenaturalicancro.com\/br\/wp-json\/wp\/v2\/comments?post=255"}],"version-history":[{"count":13,"href":"http:\/\/www.curenaturalicancro.com\/br\/wp-json\/wp\/v2\/pages\/255\/revisions"}],"predecessor-version":[{"id":501,"href":"http:\/\/www.curenaturalicancro.com\/br\/wp-json\/wp\/v2\/pages\/255\/revisions\/501"}],"wp:attachment":[{"href":"http:\/\/www.curenaturalicancro.com\/br\/wp-json\/wp\/v2\/media?parent=255"}],"curies":[{"name":"wp","href":"https:\/\/api.w.org\/{rel}","templated":true}]}}