{"id":2,"date":"2011-03-20T12:53:28","date_gmt":"2011-03-20T12:53:28","guid":{"rendered":"http:\/\/www.curenaturalicancro.com\/br\/?page_id=2"},"modified":"2015-08-31T23:23:26","modified_gmt":"2015-08-31T23:23:26","slug":"dr-simoncini","status":"publish","type":"page","link":"http:\/\/www.curenaturalicancro.com\/br\/dr-simoncini","title":{"rendered":"dr. simoncini"},"content":{"rendered":"<p><a href=\"http:\/\/www.curenaturalicancro.com\/br\/wp-content\/uploads\/2011\/03\/simoncini144.gif\"><img loading=\"lazy\" class=\"alignleft size-full wp-image-70\" title=\"dr tullio simoncini\" src=\"http:\/\/www.curenaturalicancro.com\/br\/wp-content\/uploads\/2011\/03\/simoncini144.gif\" alt=\"dr tullio simoncini\" width=\"144\" height=\"130\" \/><\/a>Tullio Simoncini (1951) \u00e9 um m\u00e9dico especializado em oncologia romana, diabetologia e dist\u00farbios metab\u00f3licos.<br \/>\nEle tem uma forte oposi\u00e7\u00e3o a qualquer tipo de conformismo intelectual, que \u00e9 muitas vezes baseada em suposi\u00e7\u00f5es sem fundamento ou pior, em mentiras e falsidades.<\/p>\n<p>Ele tem uma forte oposi\u00e7\u00e3o a qualquer tipo de conformismo intelectual, que \u00e9 muitas vezes baseada em suposi\u00e7\u00f5es sem fundamento ou pior, em mentiras e falsidades.<\/p>\n<div>\n<p>Quando, considerando o fracasso total de oncologia oficial, o que \u00e9 \u00f3bvio para todos, pode-se entender sua posi\u00e7\u00e3o fortemente cr\u00edtica de um sistema italiano e m\u00e9dica global que opera no que \u00e9 um fim cient\u00edfico morto que \u00e9 de nenhuma ajuda para os pacientes.<\/p>\n<p>Dr. Simoncini cultiva esportes e cuida do seu corpo e mente, seguindo elementares regras naturais, tais como uma dieta saud\u00e1vel, atividade f\u00edsica e da pr\u00e1tica da responsabilidade moral. Ele esportes favoritos s\u00e3o esqui, corrida e futebol.<\/p>\n<\/div>\n<div>Sua tend\u00eancia para a s\u00edntese m\u00e9dica e cient\u00edfica tamb\u00e9m resulta de uma sensibilidade natural que tende a perceber a harmonia do todo como distinto do valor de suas partes constituintes. Esta qualidade \u00e9 refor\u00e7ada e expressa por sua propens\u00e3o para a m\u00fasica, e cultivada por sua pr\u00e1tica de instrumentos musicais, como piano e viol\u00e3o cl\u00e1ssico e moderno.<\/div>\n<div><\/div>\n<div>Quando um aluno na escola e na universidade, suas habilidades musicais o levaram a formar v\u00e1rias bandas musicais que percorreram It\u00e1lia central.Personalidade Simoncini \u00e9 permeado por um humanitarismo forte, que provocou-o a refletir, por causa da impot\u00eancia da medicina, quando confrontado com a dor dos pacientes, sobre a forma como a medicina pouco conhecimento fundamental e inadequada \u00e9. Essa empatia para a dor dos outros tem sido o motivador constante no caminho da sua vida pessoal.Ele est\u00e1 sempre viajando por toda a It\u00e1lia para explicar sua teoria em congressos, confer\u00eancias e entrevistas, e para mostrar quantos pacientes curados de c\u00e2ncer.<\/div>\n<div><\/div>\n<div>Dr. Simoncini diecovered que a causa desta terr\u00edvel doen\u00e7a \u00e9 um fungo e se esfor\u00e7ou para convencer os cientistas como errado s\u00e3o as teorias atuais sobre o c\u00e2ncer. A terapia com base na forte subst\u00e2ncia antif\u00fangica, bicarbonato de s\u00f3dio, \u00e9 inofensivo e muito eficaz e deve ser adoptada em todo o mundo.<\/div>\n<div><\/div>\n","protected":false},"excerpt":{"rendered":"<p>Tullio Simoncini (1951) \u00e9 um m\u00e9dico especializado em oncologia romana, diabetologia e dist\u00farbios metab\u00f3licos. Ele tem uma forte oposi\u00e7\u00e3o a qualquer tipo de conformismo intelectual, que \u00e9 muitas vezes baseada em suposi\u00e7\u00f5es sem fundamento ou pior, em mentiras e falsidades. Ele tem uma forte oposi\u00e7\u00e3o a qualquer tipo de conformismo intelectual, que \u00e9 muitas vezes [&hellip;]<\/p>\n","protected":false},"author":1,"featured_media":0,"parent":0,"menu_order":0,"comment_status":"closed","ping_status":"open","template":"","meta":{"_et_pb_use_builder":"","_et_pb_old_content":"","_et_gb_content_width":""},"_links":{"self":[{"href":"http:\/\/www.curenaturalicancro.com\/br\/wp-json\/wp\/v2\/pages\/2"}],"collection":[{"href":"http:\/\/www.curenaturalicancro.com\/br\/wp-json\/wp\/v2\/pages"}],"about":[{"href":"http:\/\/www.curenaturalicancro.com\/br\/wp-json\/wp\/v2\/types\/page"}],"author":[{"embeddable":true,"href":"http:\/\/www.curenaturalicancro.com\/br\/wp-json\/wp\/v2\/users\/1"}],"replies":[{"embeddable":true,"href":"http:\/\/www.curenaturalicancro.com\/br\/wp-json\/wp\/v2\/comments?post=2"}],"version-history":[{"count":20,"href":"http:\/\/www.curenaturalicancro.com\/br\/wp-json\/wp\/v2\/pages\/2\/revisions"}],"predecessor-version":[{"id":612,"href":"http:\/\/www.curenaturalicancro.com\/br\/wp-json\/wp\/v2\/pages\/2\/revisions\/612"}],"wp:attachment":[{"href":"http:\/\/www.curenaturalicancro.com\/br\/wp-json\/wp\/v2\/media?parent=2"}],"curies":[{"name":"wp","href":"https:\/\/api.w.org\/{rel}","templated":true}]}}