{"id":169,"date":"2011-09-22T12:31:20","date_gmt":"2011-09-22T12:31:20","guid":{"rendered":"http:\/\/www.curenaturalicancro.com\/br\/?page_id=169"},"modified":"2011-09-22T12:44:24","modified_gmt":"2011-09-22T12:44:24","slug":"o-blefe-das-estatisticas-do-cancer","status":"publish","type":"page","link":"http:\/\/www.curenaturalicancro.com\/br\/o-livro\/capitulo-2\/o-blefe-das-estatisticas-do-cancer","title":{"rendered":"O blefe das estat\u00edsticas do C\u00e2ncer"},"content":{"rendered":"<p>Um dos mais controversos e contradit\u00f3rios argumentos da oncologia \u00e9, sem d\u00favida, o que se refere \u00e0s estat\u00edsticas dos pacientes com c\u00e2ncer. De acordo com essas estat\u00edsticas, de cada duas pessoas, uma oficialmente se recupera. Embora a dramaticidade, a informa\u00e7\u00e3o, contudo, cont\u00e9m uma esperan\u00e7a, implicitamente, isso gera algo positivo tanto para os cientistas como para os pacientes.<br \/>\nOs cientistas observam: Devem continuar a pesquisa como come\u00e7aram porque isso est\u00e1 produzindo resultados; n\u00e3o tentem alternativas te\u00f3ricas ou terap\u00eauticas, nem fiquem desencorajados pelo fato dos pacientes continuarem morrendo todos os dias. Para os pacientes, por outro lado, isso gera um alerta:, devem seguir o protocolo terap\u00eautico convencional e ter\u00e3o 50% de chance.de sobreviv\u00eancia.<\/p>\n<p>Mas na pr\u00e1tica; os dados estat\u00edsticos apresentados agem como impedimentos cient\u00edficos e psicol\u00f3gicos para aqueles que, sentindo a n\u00e3o validade da oncologia oficial, n\u00e3o consideram os resultados como significativos, pelas seguintes raz\u00f5es:<br \/>\n1. Estat\u00edsticas \u00e0 parte, s\u00f3 relembrando nossos contatos pessoais, podemos observar que os sobreviventes do c\u00e2ncer podem ser contados nos dedos das m\u00e3os.<br \/>\n2. Terapias oficiais produzem efeitos que s\u00e3o devastadores e muitas vezes mortais.<br \/>\n3. Muitos dos pacientes que param os tratamentos oficiais vivem mais e melhor.<br \/>\n4. A expectativa para se descobrir com seguran\u00e7a a causa do c\u00e2ncer \u00e9, estimada em pelo menos 10 anos.<\/p>\n<p>Por um lado, temos experi\u00eancia e evid\u00eancia nos dizendo para evitar as terapias convencionais da oncologia, e por outro lado, os \u00edndices nos mostrando 50% de chance de sobreviv\u00eancia, como se isso fosse garantia de sucesso.<br \/>\nEst\u00e1 claro que se essa informa\u00e7\u00e3o pode ser refutada mesmo parcialmente, o argumento da oncologia dever\u00e1 cair imediatamente. Devemos analisar com mais seriedade essa estat\u00edstica mundial de 50%, para compreender e identificar fraudes e desentendimentos.<\/p>\n<p><em>Translated excerpt from the book \u201cCancer is a Fungus\u201d<\/em><br \/>\n<em> cap\u00edtulo 2 \u2013 O blefe das estat\u00edsticas do C\u00e2ncer<\/em><\/p>\n","protected":false},"excerpt":{"rendered":"<p>Um dos mais controversos e contradit\u00f3rios argumentos da oncologia \u00e9, sem d\u00favida, o que se refere \u00e0s estat\u00edsticas dos pacientes com c\u00e2ncer. De acordo com essas estat\u00edsticas, de cada duas pessoas, uma oficialmente se recupera. Embora a dramaticidade, a informa\u00e7\u00e3o, contudo, cont\u00e9m uma esperan\u00e7a, implicitamente, isso gera algo positivo tanto para os cientistas como para [&hellip;]<\/p>\n","protected":false},"author":1,"featured_media":0,"parent":149,"menu_order":0,"comment_status":"closed","ping_status":"open","template":"","meta":{"_et_pb_use_builder":"","_et_pb_old_content":"","_et_gb_content_width":""},"_links":{"self":[{"href":"http:\/\/www.curenaturalicancro.com\/br\/wp-json\/wp\/v2\/pages\/169"}],"collection":[{"href":"http:\/\/www.curenaturalicancro.com\/br\/wp-json\/wp\/v2\/pages"}],"about":[{"href":"http:\/\/www.curenaturalicancro.com\/br\/wp-json\/wp\/v2\/types\/page"}],"author":[{"embeddable":true,"href":"http:\/\/www.curenaturalicancro.com\/br\/wp-json\/wp\/v2\/users\/1"}],"replies":[{"embeddable":true,"href":"http:\/\/www.curenaturalicancro.com\/br\/wp-json\/wp\/v2\/comments?post=169"}],"version-history":[{"count":3,"href":"http:\/\/www.curenaturalicancro.com\/br\/wp-json\/wp\/v2\/pages\/169\/revisions"}],"predecessor-version":[{"id":171,"href":"http:\/\/www.curenaturalicancro.com\/br\/wp-json\/wp\/v2\/pages\/169\/revisions\/171"}],"up":[{"embeddable":true,"href":"http:\/\/www.curenaturalicancro.com\/br\/wp-json\/wp\/v2\/pages\/149"}],"wp:attachment":[{"href":"http:\/\/www.curenaturalicancro.com\/br\/wp-json\/wp\/v2\/media?parent=169"}],"curies":[{"name":"wp","href":"https:\/\/api.w.org\/{rel}","templated":true}]}}