{"id":167,"date":"2011-09-22T12:29:58","date_gmt":"2011-09-22T12:29:58","guid":{"rendered":"http:\/\/www.curenaturalicancro.com\/br\/?page_id=167"},"modified":"2011-09-22T13:21:35","modified_gmt":"2011-09-22T13:21:35","slug":"o-blefe-da-multifatorialidade","status":"publish","type":"page","link":"http:\/\/www.curenaturalicancro.com\/br\/o-livro\/capitulo-2\/o-blefe-da-multifatorialidade","title":{"rendered":"O blefe da Multifatorialidade"},"content":{"rendered":"<p>Um dos mais importantes argumentos que ap\u00f3iam a teoria da gen\u00e9tica na oncologia \u00e9 a multifatorialidade.<br \/>\nA base desse conceito \u00e9 a suposi\u00e7\u00e3o de que a concomit\u00e2ncia de mais fatores (causas), \u00e9 necess\u00e1ria para o desenvolvimento da neoplasia. Essas causas agem combinadas e em v\u00e1rias fases e formas, por um per\u00edodo de tempo certa forma extenso, e ent\u00e3o ativam a degenera\u00e7\u00e3o gen\u00e9tica, a qual \u00e9 respons\u00e1vel pela reprodu\u00e7\u00e3o celular descontrolada que \u00e9 a causa do c\u00e2ncer.<\/p>\n<p>Deste modo uma posi\u00e7\u00e3o conceitual \u00e9, como temos demonstrado, muito complexa e consequentemente obscura, desde as varia\u00e7\u00f5es dos componentes espec\u00edficos que s\u00e3o sempre incompreens\u00edveis em suas formula\u00e7\u00f5es, com infinitas possibilidades.<br \/>\nMas, em um n\u00edvel l\u00f3gico, admitindo a exist\u00eancia de infinitas causas de um m\u00f3rbido processo significa admitir a ignor\u00e2ncia sobre as causas reais.<br \/>\nPropor a multifatorialidade do modelo causal, onde um alto n\u00famero de fatores continua desconhecido, significa admitir a ignor\u00e2ncia da causa. Esse fato tem sido reconhecido e aceito em todas as \u00e9pocas.<\/p>\n<p>Aqui est\u00e3o algumas cita\u00e7\u00f5es.<\/p>\n<ul>\n<li>\u201c&#8230; Atrav\u00e9s de um n\u00famero menor, (proposi\u00e7\u00f5es) n\u00f3s iremos alcan\u00e7ar o conhecimento mais r\u00e1pido&#8230;\u201d.(Organon, Aristotle)<\/li>\n<li>\u201cId\u00e9ias complexas s\u00e3o muito mais sujeitas a serem falsas.\u201d (J.Locke)<\/li>\n<li>\u201cInventar sem algum escr\u00fapulo um novo princ\u00edpio para todo fen\u00f4meno, ao inv\u00e9s de adaptar isso para um j\u00e1 conhecido; complementar nossas hip\u00f3teses com tanta multiplicidade; isso constitui certamente, uma prova de que nenhum desses princ\u00edpios \u00e9 o certo, e que n\u00f3s s\u00f3 queremos esconder nossa ignor\u00e2ncia da verdade com a face da falsidade.\u201d (D.Hume)<\/li>\n<li>\u201cQuando (a ci\u00eancia), depois de muito tentar e preparar, t\u00e3o logo alcance a meta, pode encontrar um obst\u00e1culo e ter que recome\u00e7ar; e quando n\u00e3o h\u00e1 concord\u00e2ncia entre os colegas, o caminho para o objetivo comum deve ser perseguido. Um estudo pode estar muito distante do objetivo principal da ci\u00eancia.. .\u201d (I.Kant).<\/li>\n<li>\u201cPortanto, o caminho mais seguro para alcan\u00e7ar a verdade \u00e9 sempre o mais curto, qualquer interpola\u00e7\u00e3o de conceitos pode ser a causa da hipocrisia.\u201d (A.Schopenauer)<\/li>\n<li>\u201cNa verdade, a complica\u00e7\u00e3o do aparato n\u00e3o tem nenhuma rela\u00e7\u00e3o com a sua efetividade e praticamente nenhuma teoria cient\u00edfica de qualquer interesse pode ser expressa neste vasto sistema de min\u00facias.\u201d (Karl Popper).<\/li>\n<li>A multifatorialidade \u00e9 portanto, um conceito vazio e incerto para qualquer pesquisa. \u00c8 a tela que esconde a mais profunda impot\u00eancia cient\u00edfica.<\/li>\n<\/ul>\n<p>Translated excerpt from the book \u201c<a title=\"o livro cancer is a fungus\" href=\"http:\/\/www.cancerisafungus.com\/\" target=\"_blank\">Cancer is a Fungus<\/a>\u201d<br \/>\ncap\u00edtulo 2 \u2013\u00a0O blefe da Multifatorialidade<\/p>\n","protected":false},"excerpt":{"rendered":"<p>Um dos mais importantes argumentos que ap\u00f3iam a teoria da gen\u00e9tica na oncologia \u00e9 a multifatorialidade. A base desse conceito \u00e9 a suposi\u00e7\u00e3o de que a concomit\u00e2ncia de mais fatores (causas), \u00e9 necess\u00e1ria para o desenvolvimento da neoplasia. Essas causas agem combinadas e em v\u00e1rias fases e formas, por um per\u00edodo de tempo certa forma [&hellip;]<\/p>\n","protected":false},"author":1,"featured_media":0,"parent":149,"menu_order":0,"comment_status":"closed","ping_status":"open","template":"","meta":{"_et_pb_use_builder":"","_et_pb_old_content":"","_et_gb_content_width":""},"_links":{"self":[{"href":"http:\/\/www.curenaturalicancro.com\/br\/wp-json\/wp\/v2\/pages\/167"}],"collection":[{"href":"http:\/\/www.curenaturalicancro.com\/br\/wp-json\/wp\/v2\/pages"}],"about":[{"href":"http:\/\/www.curenaturalicancro.com\/br\/wp-json\/wp\/v2\/types\/page"}],"author":[{"embeddable":true,"href":"http:\/\/www.curenaturalicancro.com\/br\/wp-json\/wp\/v2\/users\/1"}],"replies":[{"embeddable":true,"href":"http:\/\/www.curenaturalicancro.com\/br\/wp-json\/wp\/v2\/comments?post=167"}],"version-history":[{"count":4,"href":"http:\/\/www.curenaturalicancro.com\/br\/wp-json\/wp\/v2\/pages\/167\/revisions"}],"predecessor-version":[{"id":183,"href":"http:\/\/www.curenaturalicancro.com\/br\/wp-json\/wp\/v2\/pages\/167\/revisions\/183"}],"up":[{"embeddable":true,"href":"http:\/\/www.curenaturalicancro.com\/br\/wp-json\/wp\/v2\/pages\/149"}],"wp:attachment":[{"href":"http:\/\/www.curenaturalicancro.com\/br\/wp-json\/wp\/v2\/media?parent=167"}],"curies":[{"name":"wp","href":"https:\/\/api.w.org\/{rel}","templated":true}]}}