{"id":163,"date":"2011-09-22T12:23:54","date_gmt":"2011-09-22T12:23:54","guid":{"rendered":"http:\/\/www.curenaturalicancro.com\/br\/?page_id=163"},"modified":"2011-09-22T13:17:09","modified_gmt":"2011-09-22T13:17:09","slug":"o-blefe-da-genetica-e-do-cientificamente-comprovado","status":"publish","type":"page","link":"http:\/\/www.curenaturalicancro.com\/br\/o-livro\/capitulo-2\/o-blefe-da-genetica-e-do-cientificamente-comprovado","title":{"rendered":"O blefe da gen\u00e9tica e do \u201cCientificamente Comprovado\u201d"},"content":{"rendered":"<p>Cada problema cient\u00edfico \u00e9, ou deveria ser, um problema te\u00f3rico usado para tra\u00e7ar um caminho que conduza \u00e0 resolu\u00e7\u00e3o de uma certa condi\u00e7\u00e3o m\u00f3rbida, ou seja, para uma terapia apropriada. Uma vez que a causa da doen\u00e7a \u00e9 identificada, a abordagem pr\u00e1tica, terap\u00eautica deveria ser em fun\u00e7\u00e3o da causa.<\/p><\/div>\n<div>Infelizmente, isso n\u00e3o ocorre na oncologia moderna, porque ningu\u00e9m, nem na medicina oficial, nem na chamada medicina alternativa, se d\u00e1 ao trabalho de conceber uma teoria l\u00f3gica, espec\u00edfica, sobre a origem das doen\u00e7as neopl\u00e1sicas.<\/p>\n<p>A respeito dessa defici\u00eancia fundamental, oncologistas e pesquisadores colocam em primeiro lugar o conceito do \u201ccientificamente comprovado\u201d na avalia\u00e7\u00e3o de uma teoria ou de um sistema terap\u00eautico a respeito de tumores. Esse conceito \u00e9 o passaporte indispens\u00e1vel para a aceita\u00e7\u00e3o ou rejei\u00e7\u00e3o de qualquer proposta de estudo ou terapia. Esquematicamente, esse conceito \u00e9 baseado em alguns princ\u00edpios simples de Galileu e, mais recentemente, nos<\/p><\/div>\n<div>conceitos de Popp, que devem ser observados por aqueles que querem progredir no ramo da ci\u00eancia. S\u00e3o eles:<br \/>\n1. A formula\u00e7\u00e3o de uma hip\u00f3tese seguida da observa\u00e7\u00e3o de um fen\u00f4meno ou de fen\u00f4menos combinados;<br \/>\n2. A reprodu\u00e7\u00e3o e estudo do fen\u00f4meno para que este possa ser analisado;<br \/>\n3. A formula\u00e7\u00e3o de uma lei de avalia\u00e7\u00e3o descrevendo o fen\u00f4meno e permitindo o progn\u00f3stico e o trajeto que o cientista deve seguir;<br \/>\n4. A habilidade de compartilhar os resultados obtidos com os outros pesquisadores, permitindo que eles fa\u00e7am uso do que foi descoberto como base de outros estudos posteriores, investiga\u00e7\u00f5es e aplica\u00e7\u00f5es.<\/p>\n<p>Quem poderia discordar disso? Quem poderia recusar tal garantia, tanto para o mundo cient\u00edfico, como para a sociedade? Ningu\u00e9m sequer sonharia em se afastar desse sistema! Um cientista que se negar a seguir tal m\u00e9todo de estudo n\u00e3o conseguir\u00e1 ir adiante em sua pesquisa, como tamb\u00e9m acabar\u00e1 sendo isolado.<\/p>\n<p>Na realidade, a oncologia atual \u00e9 um sistema em decad\u00eancia e os m\u00e9todos cient\u00edficos n\u00e3o trazem resultados satisfat\u00f3rios. Qual \u00e9 a causa de tal falha? Quais s\u00e3o os problemas e os desentendimentos em tal situa\u00e7\u00e3o? Sem d\u00favida a falta de direcionamento para m\u00e9todos inovadores!<\/p>\n<p>No in\u00edcio, a teoria tem um efeito revolucion\u00e1rio, enriquecendo o aparato conceitual existente. Isso acontece pelo menos no come\u00e7o quando a teoria est\u00e1 apta a suprir (ao menos potencialmente) algumas interpreta\u00e7\u00f5es da realidade sob estudo, que sejam mais incitantes do que as precedentes.<\/p><\/div>\n<div>No entanto, se uma teoria n\u00e3o \u00e9 capaz de suprir todas, ou parte das explica\u00e7\u00f5es para o fen\u00f4meno que ela estuda em um tempo razo\u00e1vel, inevitavelmente ela se inutiliza, de forma que seus estudos e experimentos se tornam repetitivos e infrut\u00edferos. Ela se torna, em outras palavras, uma teoria morta, mesmo quando estudos e experimentos continuam a ser desenvolvidos..<\/p>\n<p>O que realmente est\u00e1 acontecendo \u00e9 a dissocia\u00e7\u00e3o da id\u00e9ia inicial dos conceitos importantes e experimentos relacionados, criando ent\u00e3o um dinamismo onde a id\u00e9ia principal se direciona cada vez mais para a dimens\u00e3o metaf\u00edsica, onde \u00e9 armazenada como um fato adquirido, protegida de qualquer cr\u00edtica e averigua\u00e7\u00e3o. Portanto, todas as hip\u00f3teses subsidi\u00e1rias, juntamente com uma quantidade de experimentos infrut\u00edferos, tendem a se multiplicar inutilmente.<\/p>\n<p>Translated excerpt from the book \u201c<a title=\"o livro cancer is a fungus\" href=\"http:\/\/www.cancerisafungus.com\/\" target=\"_blank\">Cancer is a Fungus<\/a>\u201d<br \/>\ncap\u00edtulo 2 \u2013 O blefe da gen\u00e9tica e do \u201cCientificamente Comprovado\u201d<\/p>\n","protected":false},"excerpt":{"rendered":"<p>Cada problema cient\u00edfico \u00e9, ou deveria ser, um problema te\u00f3rico usado para tra\u00e7ar um caminho que conduza \u00e0 resolu\u00e7\u00e3o de uma certa condi\u00e7\u00e3o m\u00f3rbida, ou seja, para uma terapia apropriada. Uma vez que a causa da doen\u00e7a \u00e9 identificada, a abordagem pr\u00e1tica, terap\u00eautica deveria ser em fun\u00e7\u00e3o da causa. Infelizmente, isso n\u00e3o ocorre na oncologia [&hellip;]<\/p>\n","protected":false},"author":1,"featured_media":0,"parent":149,"menu_order":0,"comment_status":"closed","ping_status":"open","template":"","meta":{"_et_pb_use_builder":"","_et_pb_old_content":"","_et_gb_content_width":""},"_links":{"self":[{"href":"http:\/\/www.curenaturalicancro.com\/br\/wp-json\/wp\/v2\/pages\/163"}],"collection":[{"href":"http:\/\/www.curenaturalicancro.com\/br\/wp-json\/wp\/v2\/pages"}],"about":[{"href":"http:\/\/www.curenaturalicancro.com\/br\/wp-json\/wp\/v2\/types\/page"}],"author":[{"embeddable":true,"href":"http:\/\/www.curenaturalicancro.com\/br\/wp-json\/wp\/v2\/users\/1"}],"replies":[{"embeddable":true,"href":"http:\/\/www.curenaturalicancro.com\/br\/wp-json\/wp\/v2\/comments?post=163"}],"version-history":[{"count":5,"href":"http:\/\/www.curenaturalicancro.com\/br\/wp-json\/wp\/v2\/pages\/163\/revisions"}],"predecessor-version":[{"id":180,"href":"http:\/\/www.curenaturalicancro.com\/br\/wp-json\/wp\/v2\/pages\/163\/revisions\/180"}],"up":[{"embeddable":true,"href":"http:\/\/www.curenaturalicancro.com\/br\/wp-json\/wp\/v2\/pages\/149"}],"wp:attachment":[{"href":"http:\/\/www.curenaturalicancro.com\/br\/wp-json\/wp\/v2\/media?parent=163"}],"curies":[{"name":"wp","href":"https:\/\/api.w.org\/{rel}","templated":true}]}}