{"id":161,"date":"2011-09-22T12:19:23","date_gmt":"2011-09-22T12:19:23","guid":{"rendered":"http:\/\/www.curenaturalicancro.com\/br\/?page_id=161"},"modified":"2011-09-22T13:15:18","modified_gmt":"2011-09-22T13:15:18","slug":"a-situacao-real-da-oncologia","status":"publish","type":"page","link":"http:\/\/www.curenaturalicancro.com\/br\/o-livro\/capitulo-2\/a-situacao-real-da-oncologia","title":{"rendered":"A Situa\u00e7\u00e3o Real da Oncologia"},"content":{"rendered":"<p>No in\u00edcio de 1900, uma pessoa a cada 100 morria de c\u00e2ncer. Atualmente, este \u00edndice indica \u00f3bito para uma a cada tr\u00eas pessoas. Podemos prever que dentro de alguns anos, uma a cada duas pessoas morrer\u00e1 de c\u00e2ncer.<\/p>\n<p>Um \u00edndice de mortalidade de 90 por cento, isto \u00e9, 1.8 milh\u00f5es de mortes para cada 2 milh\u00f5es de casos apontados todos os anos em todo o mundo \u00e9 observado pela maioria dos tumores do trato digestivo. Os resultados para c\u00e2ncer de pulm\u00e3o tamb\u00e9m s\u00e3o similares e para todos os tipos de c\u00e2ncer onde a mistifica\u00e7\u00e3o ou manipula\u00e7\u00e3o de dados n\u00e3o \u00e9 poss\u00edvel.<\/p>\n<p>C\u00e2ncer \u00e9 o problema mais importante na medicina, n\u00e3o somente por causa da sua propor\u00e7\u00e3o, mas especialmente devido a longa linha sintomatol\u00f3gica que aparece com esta doen\u00e7a, especialmente nas fases mais avan\u00e7adas e pelo estado de extremo sofrimento psicol\u00f3gico, pelo qual o paciente e os parentes tamb\u00e9m passam.<\/p>\n<p>O presidente norte americano Richard Nixon por volta de 1971, proclamou uma guerra contra a \u201cdoen\u00e7a do s\u00e9culo\u201d. Desde ent\u00e3o, esta guerra tem absorvido no mundo todo, uma quantidade enorme de recursos econ\u00f4micos, cient\u00edficos e humanos que excedem o limite de qualquer imagina\u00e7\u00e3o. Mas os resultados n\u00e3o s\u00e3o satisfat\u00f3rios. Apesar dos esfor\u00e7os continuamente renovados e das descobertas supostamente miraculosas, existe algo muito pouco concreto: a causa do c\u00e2ncer ainda \u00e9 desconhecida.<\/p>\n<p><strong>O problema n\u00e3o est\u00e1 resolvido.<\/strong><br \/>\nTodo ano milh\u00f5es de pessoas s\u00e3o aniquiladas por esta severa doen\u00e7a como se estivessem sido sugadas por um c\u00edrculo de morte e dor, sendo quase imposs\u00edvel de se livrar. C\u00e2ncer \u00e9 a enorme espada de D\u00e2mocles, o terr\u00edvel deus vingativo de um sistema social superado, onde cidad\u00e3os indefesos devem aceitar passivamente a fal\u00eancia da possibilidade de manter a pr\u00f3pria sa\u00fade e s\u00e3o for\u00e7ados a delegar a outros, os cuidados desta.<\/p>\n<p>A grande falta de confian\u00e7a \u00e9 evidente, at\u00e9 mesmo entre os m\u00e9dicos. Enquetes e question\u00e1rios mostram que tr\u00eas em cada quatro m\u00e9dicos (75%), recusariam qualquer quimioterapia, pois a consideram ineficiente contra a doen\u00e7a, al\u00e9m de seus efeitos devastadores no organismo.<\/p>\n<p>Isto \u00e9 o que muitos m\u00e9dicos e cientistas dizem sobre a quimioterapia:<br \/>\n\u201cA maioria dos pacientes que sofrem de c\u00e2ncer neste pa\u00eds morrem em conseq\u00fc\u00eancia da quimioterapia, a qual n\u00e3o cura o c\u00e2ncer de mama, de c\u00f3lon ou c\u00e2ncer de pulm\u00e3o. H\u00e1 mais de uma d\u00e9cada isto est\u00e1 documentado e apesar disso os m\u00e9dicos a utilizam para combater esses tumores\u201d. (Allen Levin, MD, UCSF, \u201cThe Healing of Cancer\u201d, Marcus Books, 1990).<\/p>\n<p>\u201cSe eu desenvolvesse um c\u00e2ncer, jamais iria me submeter ao tratamento padr\u00e3o utilizado para combater essa doen\u00e7a. Os pacientes que tem c\u00e2ncer e ficam longe desses m\u00e9todos de tratamento, tem alguma chance de obter a cura\u201d.(Prof. Gorge Mathe, \u201cScientific Medicine Stymied\u201d, Medicines Nouvelles, Paris, 1989).<\/p>\n<p>\u201cDoutor Hardin Jones, professor da Universidade da Calif\u00f3rnia, concluiu, ap\u00f3s analisar por muitas d\u00e9cadas as estat\u00edsticas sobre sobreviventes do c\u00e2ncer, concluiu que: \u201c.quando n\u00e3o tratados, os pacientes n\u00e3o pioram e, em alguns casos, podem at\u00e9 melhorar \u201d. A inquietante conclus\u00e3o do Dr. Jones nunca foi refutada\u201d. (Walter Last, \u201cThe Ecologist\u201d, vol. 28, no. 2, mar\u00e7o-abril 1998)<\/p>\n<p>\u201cMuitos oncologistas recomendam a quimioterapia para quase todos os tipos de c\u00e2ncer, apesar dos constantes fracassos\u201d.(Albert Braverman, MD, \u201cMedical Oncology in the 90\u2019s\u201d, Lancet, 1991, Vol 337, p. 901)<\/p>\n<div>\n<p>\u201cOs tratamentos atuais mais eficientes trazem consigo riscos, efeitos colaterais e problemas pr\u00e1ticos. Ap\u00f3s muitos pacientes passarem por isso, somente uma pequena porcentagem obteve apenas uma regress\u00e3o parcial de seus tumores\u201d. (Edward G. Griffin \u201cWorld Without C\u00e2ncer\u201d, American Media Publications, 1996)<\/p>\n<p>\u201cAfinal, para a esmagadora maioria dos casos, n\u00e3o existem quaisquer provas de que a quimioterapia prolongue a expectativa de sobrevida. Esta \u00e9 a grande inverdade sobre essa terapia: que existe uma correla\u00e7\u00e3o entre a redu\u00e7\u00e3o do c\u00e2ncer e a extens\u00e3o do per\u00edodo de vida do paciente\u201d. (Philip Day, \u201cCancer: Why we\u2019re still dying to know the truth\u201d, Credence Publications, 2000).<\/p>\n<p>\u201cV\u00e1rios cientistas do McGill Cancer Center enviaram para 118 m\u00e9dicos, todos especialistas em c\u00e2ncer de pulm\u00e3o, um question\u00e1rio para determinar o n\u00edvel de confian\u00e7a que tinham nas terapias que eles aplicavam. Tamb\u00e9m foram solicitados a imaginar que eles mesmos haviam contra\u00eddo a doen\u00e7a e quais das seis terapias experimentais oferecidas iriam escolher. Dos 79 m\u00e9dicos que responderam o question\u00e1rio, 64 deles disseram que n\u00e3o se submeteriam a qualquer tratamento que contivesse cis-platinum &#8211; uma das drogas que eles usavam na quimioterapia -, enquanto que 58 dos 79 acreditavam que todas as terapias experimentais acima n\u00e3o foram aceitas, por causa da inefic\u00e1cia e do elevado n\u00edvel de toxicidade da quimioterapia\u201d. (Philip Day, \u201cCancer: Why we\u2019re still dying to know the truth\u201d, Credence Publications, 2000).<\/p>\n<p>&#8220;Doutor Ulrich Able, um epidemiologista alem\u00e3o, da Heidelberg Mannheim Tumor Clinic, ap\u00f3s analisar e rever exaustivamente todos os principais estudos e experimentos cl\u00ednicos j\u00e1 realizados na quimioterapia&#8230;. Able descobriu que a taxa mundial de resultados positivos por causa da quimioterapia era question\u00e1vel, apesar de n\u00e3o haver nenhuma evid\u00eancia cient\u00edfica dispon\u00edvel que demonstrasse que a quimioterapia era capaz de &#8220;prolongar de forma significativa a vida dos pacientes afetados pelo tipo mais comum de c\u00e2ncer de \u00f3rg\u00e3os\u201d . Able destaca o fato de que raramente a quimioterapia melhora a qualidade de vida, e ele a descreve como um m\u00edsero tratamento cient\u00edfico que submete inutilmente pelo menos 80 por cento dos pacientes de c\u00e2ncer do mundo. Mesmo n\u00e3o havendo qualquer prova cient\u00edfica de que a quimioterapia funciona, nem m\u00e9dicos nem pacientes est\u00e3o preparados para desistir (Lancet, 10 de agosto de 1991). Esse exaustivo estudo foi ignorado pelos principais meios de comunica\u00e7\u00e3o&#8221; (Tim O&#8217;Shea, \u201cChemotherapy \u2013 An Unproven Procedure\u201d )<\/p>\n<p>&#8220;De acordo com as associa\u00e7\u00f5es m\u00e9dicas, os efeitos colaterais not\u00f3rios e perigosos das drogas se tornaram a quarta causa de morte ap\u00f3s o infarto, c\u00e2ncer e apoplexia&#8221; (Journal of American Medical Association, 15 de abril de 1998).<\/p>\n<p>Portanto, as teorias b\u00e1sicas, nas quais a oncologia atual se ap\u00f3ia n\u00e3o s\u00e3o muito eficazes, com a conseq\u00fc\u00eancia de tornar qualquer pesquisa in\u00fatil e\u00a0improdutiva, mesmo quando apoiadas por um aparato econ\u00f4mico cient\u00edfico de \u00e2mbito mundial.<\/p>\n<p><em>Translated excerpt from the book \u201c<a title=\"o livro cancer is a fungus\" href=\"http:\/\/www.cancerisafungus.com\/\" target=\"_blank\">Cancer is a Fungus<\/a>\u201d<\/em><br \/>\n<em> cap\u00edtulo 2 \u2013\u00a0A Situa\u00e7\u00e3o Real da Oncologia<\/em><\/p>\n<\/div>\n","protected":false},"excerpt":{"rendered":"<p>No in\u00edcio de 1900, uma pessoa a cada 100 morria de c\u00e2ncer. Atualmente, este \u00edndice indica \u00f3bito para uma a cada tr\u00eas pessoas. Podemos prever que dentro de alguns anos, uma a cada duas pessoas morrer\u00e1 de c\u00e2ncer. Um \u00edndice de mortalidade de 90 por cento, isto \u00e9, 1.8 milh\u00f5es de mortes para cada 2 [&hellip;]<\/p>\n","protected":false},"author":1,"featured_media":0,"parent":149,"menu_order":0,"comment_status":"closed","ping_status":"open","template":"","meta":{"_et_pb_use_builder":"","_et_pb_old_content":"","_et_gb_content_width":""},"_links":{"self":[{"href":"http:\/\/www.curenaturalicancro.com\/br\/wp-json\/wp\/v2\/pages\/161"}],"collection":[{"href":"http:\/\/www.curenaturalicancro.com\/br\/wp-json\/wp\/v2\/pages"}],"about":[{"href":"http:\/\/www.curenaturalicancro.com\/br\/wp-json\/wp\/v2\/types\/page"}],"author":[{"embeddable":true,"href":"http:\/\/www.curenaturalicancro.com\/br\/wp-json\/wp\/v2\/users\/1"}],"replies":[{"embeddable":true,"href":"http:\/\/www.curenaturalicancro.com\/br\/wp-json\/wp\/v2\/comments?post=161"}],"version-history":[{"count":5,"href":"http:\/\/www.curenaturalicancro.com\/br\/wp-json\/wp\/v2\/pages\/161\/revisions"}],"predecessor-version":[{"id":175,"href":"http:\/\/www.curenaturalicancro.com\/br\/wp-json\/wp\/v2\/pages\/161\/revisions\/175"}],"up":[{"embeddable":true,"href":"http:\/\/www.curenaturalicancro.com\/br\/wp-json\/wp\/v2\/pages\/149"}],"wp:attachment":[{"href":"http:\/\/www.curenaturalicancro.com\/br\/wp-json\/wp\/v2\/media?parent=161"}],"curies":[{"name":"wp","href":"https:\/\/api.w.org\/{rel}","templated":true}]}}