{"id":156,"date":"2011-09-22T12:11:38","date_gmt":"2011-09-22T12:11:38","guid":{"rendered":"http:\/\/www.curenaturalicancro.com\/br\/?page_id=156"},"modified":"2011-09-22T12:11:38","modified_gmt":"2011-09-22T12:11:38","slug":"responsabilidade-pessoal-na-doenca","status":"publish","type":"page","link":"http:\/\/www.curenaturalicancro.com\/br\/o-livro\/capitulo-2\/responsabilidade-pessoal-na-doenca","title":{"rendered":"Responsabilidade Pessoal na doen\u00e7a"},"content":{"rendered":"<div>A rela\u00e7\u00e3o entre a parte org\u00e2nica e ps\u00edquica na condi\u00e7\u00e3o de sa\u00fade do indiv\u00edduo, \u00e9 baseada em uma totalidade que pode ser revelada atrav\u00e9s da din\u00e2mica da doen\u00e7a, sendo quase sempre capaz de mostrar val\u00eancia dupla corporal e ps\u00edquica de qualquer manifesta\u00e7\u00e3o patol\u00f3gica.<\/div>\n<div>A medicina moderna, apesar de aceitar a unidade gen\u00e9tica de cada ser vivente, ignora que exista algumas vezes, a incid\u00eancia predominante dos fen\u00f4menos imateriais no desenvolvimento de processos patol\u00f3gicos.<\/div>\n<div>Considerando o organismo humano como um objeto est\u00e1tico com caracter\u00edsticas que s\u00e3o facilmente classific\u00e1veis em rela\u00e7\u00e3o aos fatores externos, dificulta a compreens\u00e3o de doen\u00e7as, especialmente onde as varia\u00e7\u00f5es ps\u00edquicas afetam fortemente a estrutura corporal.<\/div>\n<div>Al\u00e9m do mais, a combina\u00e7\u00e3o da padroniza\u00e7\u00e3o e a superficialidade evidente na terap\u00eautica atual, podem advir da mentalidade da medicina atual, onde as adapta\u00e7\u00f5es em fun\u00e7\u00e3o do indiv\u00edduo n\u00e3o s\u00e3o previstas.<\/div>\n<div><em><small>Translated excerpt from the book \u201c<a title=\"o livro cancer is a fungus\" href=\"http:\/\/www.cancerisafungus.com\/\" target=\"_blank\">Cancer is a Fungus<\/a>\u201d<br \/>\ncap\u00edtulo 1 \u2013 Responsabilidade Pessoal na doen\u00e7a<\/small><\/em><\/div>\n","protected":false},"excerpt":{"rendered":"<p>A rela\u00e7\u00e3o entre a parte org\u00e2nica e ps\u00edquica na condi\u00e7\u00e3o de sa\u00fade do indiv\u00edduo, \u00e9 baseada em uma totalidade que pode ser revelada atrav\u00e9s da din\u00e2mica da doen\u00e7a, sendo quase sempre capaz de mostrar val\u00eancia dupla corporal e ps\u00edquica de qualquer manifesta\u00e7\u00e3o patol\u00f3gica. A medicina moderna, apesar de aceitar a unidade gen\u00e9tica de cada ser [&hellip;]<\/p>\n","protected":false},"author":1,"featured_media":0,"parent":149,"menu_order":0,"comment_status":"closed","ping_status":"open","template":"","meta":{"_et_pb_use_builder":"","_et_pb_old_content":"","_et_gb_content_width":""},"_links":{"self":[{"href":"http:\/\/www.curenaturalicancro.com\/br\/wp-json\/wp\/v2\/pages\/156"}],"collection":[{"href":"http:\/\/www.curenaturalicancro.com\/br\/wp-json\/wp\/v2\/pages"}],"about":[{"href":"http:\/\/www.curenaturalicancro.com\/br\/wp-json\/wp\/v2\/types\/page"}],"author":[{"embeddable":true,"href":"http:\/\/www.curenaturalicancro.com\/br\/wp-json\/wp\/v2\/users\/1"}],"replies":[{"embeddable":true,"href":"http:\/\/www.curenaturalicancro.com\/br\/wp-json\/wp\/v2\/comments?post=156"}],"version-history":[{"count":2,"href":"http:\/\/www.curenaturalicancro.com\/br\/wp-json\/wp\/v2\/pages\/156\/revisions"}],"predecessor-version":[{"id":159,"href":"http:\/\/www.curenaturalicancro.com\/br\/wp-json\/wp\/v2\/pages\/156\/revisions\/159"}],"up":[{"embeddable":true,"href":"http:\/\/www.curenaturalicancro.com\/br\/wp-json\/wp\/v2\/pages\/149"}],"wp:attachment":[{"href":"http:\/\/www.curenaturalicancro.com\/br\/wp-json\/wp\/v2\/media?parent=156"}],"curies":[{"name":"wp","href":"https:\/\/api.w.org\/{rel}","templated":true}]}}