{"id":152,"date":"2011-09-22T12:07:49","date_gmt":"2011-09-22T12:07:49","guid":{"rendered":"http:\/\/www.curenaturalicancro.com\/br\/?page_id=152"},"modified":"2011-09-22T13:41:39","modified_gmt":"2011-09-22T13:41:39","slug":"medicina-holistica-e-alopatica","status":"publish","type":"page","link":"http:\/\/www.curenaturalicancro.com\/br\/o-livro\/capitulo-2\/medicina-holistica-e-alopatica","title":{"rendered":"Medicina hol\u00edstica e alop\u00e1tica"},"content":{"rendered":"<p>De acordo com os aspectos filos\u00f3ficos, discutidos no cap\u00edtulo I, existe uma separa\u00e7\u00e3o do indiv\u00edduo em parte material e espiritual. Apesar de frequentemente unificadas conceitualmente, estas duas partes nunca foram interpretadas em conjunto. Esta falta de reconhecimento determinou a dicotomia que existe na medicina atual. Na verdade, com o desenvolvimento dos dois dom\u00ednios te\u00f3ricos e aplicativos, sua incomunicabilidade rec\u00edproca aumentou, at\u00e9 chegar \u00e0 irreversibilidade. Consequentemente, cada dom\u00ednio cont\u00e9m sua pr\u00f3pria configura\u00e7\u00e3o te\u00f3rica, filos\u00f3fica, epistemiol\u00f3gica, metodol\u00f3gica e terap\u00eautica.<\/p>\n<p>Atualmente a medicina considera o corpo e a mente separadamente e se assim continuar a proceder, n\u00e3o haver\u00e1 possibilidade de intera\u00e7\u00e3o e unifica\u00e7\u00e3o, considerando que n\u00e3o existem teorias capazes de explicar simultaneamente e satisfatoriamente todas as express\u00f5es do ser humano.<\/p>\n<p>Mas, se aceitarmos o valor fundamental e n\u00e3o experimental da exist\u00eancia humana e se introduzirmos o conceito de uma comuta\u00e7\u00e3o constante entre os elementos espirituais e materiais, torna-se poss\u00edvel nos libertarmos do dom\u00ednio da manifesta\u00e7\u00e3o e o indiv\u00edduo esse tornar\u00e1 livre da quantifica\u00e7\u00e3o de suas express\u00f5es imateriais.<\/p>\n<p>Basicamente, todos podem conduzir suas vidas e serem livres para \u201cgastar\u201d suas energias\u2013 suas cargas neurol\u00f3gicas do modo como desejam. Este comportamento tem um efeito no n\u00edvel corp\u00f3reo que eventualmente pode ser quantificado no n\u00edvel m\u00e9dico. O per\u00edodo de vida e a quantidade \u201cgasta\u201d ter\u00e1 conseq\u00fc\u00eancias no n\u00edvel corp\u00f3reo.<br \/>\nDevemos evidenciar o componente concreto que permite a jun\u00e7\u00e3o dos dois elementos, que pode ser encontrado no denominador comum que gera todas as manifesta\u00e7\u00f5es do ser humano.<\/p>\n<p><em>Translated excerpt from the book \u201c<a title=\"o livro cancer is a fungus\" href=\"http:\/\/www.cancerisafungus.com\/\" target=\"_blank\">Cancer is a Fungus<\/a>\u201d<br \/>\ncap\u00edtulo 2 \u2013 Medicina hol\u00edstica e alop\u00e1tica<\/em><\/p>\n","protected":false},"excerpt":{"rendered":"<p>De acordo com os aspectos filos\u00f3ficos, discutidos no cap\u00edtulo I, existe uma separa\u00e7\u00e3o do indiv\u00edduo em parte material e espiritual. Apesar de frequentemente unificadas conceitualmente, estas duas partes nunca foram interpretadas em conjunto. Esta falta de reconhecimento determinou a dicotomia que existe na medicina atual. Na verdade, com o desenvolvimento dos dois dom\u00ednios te\u00f3ricos e [&hellip;]<\/p>\n","protected":false},"author":1,"featured_media":0,"parent":149,"menu_order":0,"comment_status":"closed","ping_status":"open","template":"","meta":{"_et_pb_use_builder":"","_et_pb_old_content":"","_et_gb_content_width":""},"_links":{"self":[{"href":"http:\/\/www.curenaturalicancro.com\/br\/wp-json\/wp\/v2\/pages\/152"}],"collection":[{"href":"http:\/\/www.curenaturalicancro.com\/br\/wp-json\/wp\/v2\/pages"}],"about":[{"href":"http:\/\/www.curenaturalicancro.com\/br\/wp-json\/wp\/v2\/types\/page"}],"author":[{"embeddable":true,"href":"http:\/\/www.curenaturalicancro.com\/br\/wp-json\/wp\/v2\/users\/1"}],"replies":[{"embeddable":true,"href":"http:\/\/www.curenaturalicancro.com\/br\/wp-json\/wp\/v2\/comments?post=152"}],"version-history":[{"count":6,"href":"http:\/\/www.curenaturalicancro.com\/br\/wp-json\/wp\/v2\/pages\/152\/revisions"}],"predecessor-version":[{"id":192,"href":"http:\/\/www.curenaturalicancro.com\/br\/wp-json\/wp\/v2\/pages\/152\/revisions\/192"}],"up":[{"embeddable":true,"href":"http:\/\/www.curenaturalicancro.com\/br\/wp-json\/wp\/v2\/pages\/149"}],"wp:attachment":[{"href":"http:\/\/www.curenaturalicancro.com\/br\/wp-json\/wp\/v2\/media?parent=152"}],"curies":[{"name":"wp","href":"https:\/\/api.w.org\/{rel}","templated":true}]}}