{"id":149,"date":"2011-09-22T12:06:14","date_gmt":"2011-09-22T12:06:14","guid":{"rendered":"http:\/\/www.curenaturalicancro.com\/br\/?page_id=149"},"modified":"2015-07-08T19:50:37","modified_gmt":"2015-07-08T19:50:37","slug":"capitulo-2","status":"publish","type":"page","link":"http:\/\/www.curenaturalicancro.com\/br\/o-livro\/capitulo-2","title":{"rendered":"Cap\u00edtulo 2"},"content":{"rendered":"<p>[et_pb_section][et_pb_row][et_pb_column type=&#8221;1_3&#8243;][et_pb_text admin_label=&#8221;Text&#8221; background_layout=&#8221;light&#8221; text_orientation=&#8221;left&#8221; use_border_color=&#8221;off&#8221; border_color=&#8221;#ffffff&#8221; border_style=&#8221;solid&#8221;]<script type=\"text\/javascript\">\/\/ <![CDATA[     google_ad_client = \"ca-pub-6481753546353330\";     google_ad_slot = \"6670371020\";     google_ad_width = 300;     google_ad_height = 250; \/\/ ]]><\/script><!-- 300x250-cnc-br-2014 --><script src=\"\/\/pagead2.googlesyndication.com\/pagead\/show_ads.js\" type=\"text\/javascript\">\/\/ <![CDATA[ \/\/ ]]><\/script>[\/et_pb_text][\/et_pb_column][et_pb_column type=&#8221;2_3&#8243;][et_pb_text admin_label=&#8221;Text&#8221;]<\/p>\n<h1><strong><a title=\"Medicina hol\u00edstica e alop\u00e1tica\" href=\"http:\/\/www.curenaturalicancro.com\/br\/livro\/medicina-holistica-e-alopatica\">Medicina hol\u00edstica e alop\u00e1tica<\/a><\/strong><\/h1>\n<h1><strong><a title=\"Responsabilidade Pessoal na doen\u00e7a\" href=\"http:\/\/www.curenaturalicancro.com\/br\/livro\/responsabilidade-pessoal-na-doenca\">Responsabilidade Pessoal na doen\u00e7a<\/a><\/strong><\/h1>\n<h1><strong><a title=\"A Situa\u00e7\u00e3o Real da Oncologia\" href=\"http:\/\/www.curenaturalicancro.com\/br\/livro\/a-situacao-real-da-oncologia\">A Situa\u00e7\u00e3o Real da Oncologia<\/a><\/strong><\/h1>\n<h1><strong><a title=\"O blefe da gen\u00e9tica e do \u201cCientificamente Comprovado\u201d\" href=\"http:\/\/www.curenaturalicancro.com\/br\/livro\/o-blefe-da-genetica-e-do-cientificamente-comprovado\">O blefe da gen\u00e9tica e do \u201cCientificamente Comprovado\u201d<\/a><\/strong><\/h1>\n<h1><strong><a title=\"O blefe da Multifatorialidade\" href=\"http:\/\/www.curenaturalicancro.com\/br\/livro\/o-blefe-da-multifatorialidade\">O blefe da Multifatorialidade<\/a><\/strong><\/h1>\n<h1><strong><a title=\"O blefe das estat\u00edsticas do C\u00e2ncer\" href=\"http:\/\/www.curenaturalicancro.com\/br\/livro\/o-blefe-das-estatisticas-do-cancer\">O blefe das estat\u00edsticas do C\u00e2ncer<\/a><\/strong><\/h1>\n<p>[\/et_pb_text][\/et_pb_column][\/et_pb_row][\/et_pb_section]<\/p>\n","protected":false},"excerpt":{"rendered":"<p><div class=\"et_pb_section et_pb_section_0 et_section_regular\" >\n\t\t\t\t\n\t\t\t\t\n\t\t\t\t\n\t\t\t\t\n\t\t\t\t\t\n\t\t\t\t\n\t\t\t\t\n\t\t\t<\/div><div class=\"et_pb_row et_pb_row_0 et_pb_row_empty\">\n\t\t\t\t\n\t\t\t\t\n\t\t\t\t\n\t\t\t<\/div>Medicina hol\u00edstica e alop\u00e1tica Responsabilidade Pessoal na doen\u00e7a A Situa\u00e7\u00e3o Real da Oncologia O blefe da gen\u00e9tica e do \u201cCientificamente Comprovado\u201d O blefe da Multifatorialidade O blefe das estat\u00edsticas do C\u00e2ncer<\/p>\n","protected":false},"author":1,"featured_media":0,"parent":248,"menu_order":2,"comment_status":"closed","ping_status":"open","template":"","meta":{"_et_pb_use_builder":"on","_et_pb_old_content":"<h1><strong><a title=\"Medicina hol\u00edstica e alop\u00e1tica\" href=\"http:\/\/www.curenaturalicancro.com\/br\/livro\/medicina-holistica-e-alopatica\">Medicina hol\u00edstica e alop\u00e1tica<\/a><\/strong><\/h1>\r\n<h1><strong><a title=\"Responsabilidade Pessoal na doen\u00e7a\" href=\"http:\/\/www.curenaturalicancro.com\/br\/livro\/responsabilidade-pessoal-na-doenca\">Responsabilidade Pessoal na doen\u00e7a<\/a><\/strong><\/h1>\r\n<h1><strong><a title=\"A Situa\u00e7\u00e3o Real da Oncologia\" href=\"http:\/\/www.curenaturalicancro.com\/br\/livro\/a-situacao-real-da-oncologia\">A Situa\u00e7\u00e3o Real da Oncologia<\/a><\/strong><\/h1>\r\n<h1><strong><a title=\"O blefe da gen\u00e9tica e do \u201cCientificamente Comprovado\u201d\" href=\"http:\/\/www.curenaturalicancro.com\/br\/livro\/o-blefe-da-genetica-e-do-cientificamente-comprovado\">O blefe da gen\u00e9tica e do \u201cCientificamente Comprovado\u201d<\/a><\/strong><\/h1>\r\n<h1><strong><a title=\"O blefe da Multifatorialidade\" href=\"http:\/\/www.curenaturalicancro.com\/br\/livro\/o-blefe-da-multifatorialidade\">O blefe da Multifatorialidade<\/a><\/strong><\/h1>\r\n<h1><strong><a title=\"O blefe das estat\u00edsticas do C\u00e2ncer\" href=\"http:\/\/www.curenaturalicancro.com\/br\/livro\/o-blefe-das-estatisticas-do-cancer\">O blefe das estat\u00edsticas do C\u00e2ncer<\/a><\/strong><\/h1>","_et_gb_content_width":""},"_links":{"self":[{"href":"http:\/\/www.curenaturalicancro.com\/br\/wp-json\/wp\/v2\/pages\/149"}],"collection":[{"href":"http:\/\/www.curenaturalicancro.com\/br\/wp-json\/wp\/v2\/pages"}],"about":[{"href":"http:\/\/www.curenaturalicancro.com\/br\/wp-json\/wp\/v2\/types\/page"}],"author":[{"embeddable":true,"href":"http:\/\/www.curenaturalicancro.com\/br\/wp-json\/wp\/v2\/users\/1"}],"replies":[{"embeddable":true,"href":"http:\/\/www.curenaturalicancro.com\/br\/wp-json\/wp\/v2\/comments?post=149"}],"version-history":[{"count":16,"href":"http:\/\/www.curenaturalicancro.com\/br\/wp-json\/wp\/v2\/pages\/149\/revisions"}],"predecessor-version":[{"id":608,"href":"http:\/\/www.curenaturalicancro.com\/br\/wp-json\/wp\/v2\/pages\/149\/revisions\/608"}],"up":[{"embeddable":true,"href":"http:\/\/www.curenaturalicancro.com\/br\/wp-json\/wp\/v2\/pages\/248"}],"wp:attachment":[{"href":"http:\/\/www.curenaturalicancro.com\/br\/wp-json\/wp\/v2\/media?parent=149"}],"curies":[{"name":"wp","href":"https:\/\/api.w.org\/{rel}","templated":true}]}}