{"id":141,"date":"2011-09-21T13:46:02","date_gmt":"2011-09-21T13:46:02","guid":{"rendered":"http:\/\/www.curenaturalicancro.com\/br\/?page_id=141"},"modified":"2011-09-21T13:48:14","modified_gmt":"2011-09-21T13:48:14","slug":"a-alma-e-problema-mente-corpo","status":"publish","type":"page","link":"http:\/\/www.curenaturalicancro.com\/br\/o-livro\/capitulo-1\/a-alma-e-problema-mente-corpo","title":{"rendered":"A alma e o problema mente \u2013 corpo"},"content":{"rendered":"<div>\n<p><span style=\"font-family: Helvetica;\"><span style=\"color: #333333;\">Existem praticamente dois pontos de vista na busca do conhecimento para o estudo da mat\u00e9ria viva.<br \/>\nExiste a abordagem vitalista, de acordo com a qual um organismo vivo n\u00e3o pode ser satisfatoriamente explicado somente atrav\u00e9s da descri\u00e7\u00e3o de suas formas e de sua composi\u00e7\u00e3o f\u00edsica, visando tamb\u00e9m os princ\u00edpios que devem ser observados no tempo e espa\u00e7o. Existe tamb\u00e9m uma abordagem reducionista, a qual ap\u00f3ia a convic\u00e7\u00e3o que, se observamos totalmente como os componentes interagem, um sistema pode ser representado por fun\u00e7\u00f5es f\u00edsicas e matem\u00e1ticas.<br \/>\nInfelizmente para a abordagem reducionista, a an\u00e1lise dos componentes de um sistema funcional no mundo biol\u00f3gico \u00e9, na maioria das vezes, in\u00fatil ou irrelevante.<br \/>\nNa verdade, nos fen\u00f4menos mais comuns e nos mais importantes da vida, as partes integrantes s\u00e3o t\u00e3o interdependentes que perdem suas caracter\u00edsticas e significado, se estiverem separadas na sua totalidade.<\/span><\/span><\/p>\n<p><span style=\"font-family: Helvetica;\"><span style=\"color: #333333;\">Este limite, o qual por si s\u00f3, n\u00e3o pode ser reduzido, apresenta problemas posteriores de utilidade, quando avaliado na rela\u00e7\u00e3o com outras entidades biol\u00f3gicas, entidades naturais, ou at\u00e9 mesmo em relacionamentos com diferentes caracter\u00edsticas temporais.<br \/>\nNa pr\u00e1tica, a abordagem reducionista na medicina impede a compreens\u00e3o total da realidade de um indiv\u00edduo, com o intuito de estimular e direcionar a pesquisa em dire\u00e7\u00e3o \u00e0 \u00e1reas que s\u00e3o t\u00e3o restritas e infrut\u00edferas, que eles tornam a pesquisa basicamente in\u00fatil.<\/span><\/span><\/p>\n<p><span style=\"font-family: Helvetica;\"><span style=\"color: #333333;\">Como chegamos a esta situa\u00e7\u00e3o? De onde se origina esta separa\u00e7\u00e3o irrepar\u00e1vel entre os valores human\u00edsticos e materiais na compreens\u00e3o da sa\u00fade de uma pessoa?<br \/>\nN\u00e3o h\u00e1 d\u00favida de que as origens de tais distor\u00e7\u00f5es podem ser esclarecidas na hist\u00f3ria da filosofia. Se retornarmos ao per\u00edodo de 1600, muitos fatos ainda n\u00e3o est\u00e3o muito claros e s\u00e3o desconhecidos pelos atuais pesquisadores.<\/span><\/span><\/p>\n<p><em><small><span style=\"color: #333333; font-family: Helvetica;\"><span>Translated excerpt from the book \u201c<\/span><\/span><span><a title=\"o livro cancer is a fungus\" href=\"http:\/\/www.cancerisafungus.com\/\" target=\"_blank\"><span style=\"color: #1b8be0;\"><span style=\"font-family: Helvetica;\">Cancer is a Fungus<\/span><\/span><\/a><\/span><span style=\"font-family: Helvetica;\"><span style=\"color: #333333;\">\u201d<br \/>\ncap\u00edtulo 1 \u2013 A alma e o problema mente \u2013 corpo<\/span><\/span><\/small><\/em><\/p>\n<p>&nbsp;<\/p>\n<\/div>\n","protected":false},"excerpt":{"rendered":"<p>Existem praticamente dois pontos de vista na busca do conhecimento para o estudo da mat\u00e9ria viva. Existe a abordagem vitalista, de acordo com a qual um organismo vivo n\u00e3o pode ser satisfatoriamente explicado somente atrav\u00e9s da descri\u00e7\u00e3o de suas formas e de sua composi\u00e7\u00e3o f\u00edsica, visando tamb\u00e9m os princ\u00edpios que devem ser observados no tempo [&hellip;]<\/p>\n","protected":false},"author":1,"featured_media":0,"parent":97,"menu_order":0,"comment_status":"closed","ping_status":"open","template":"","meta":{"_et_pb_use_builder":"","_et_pb_old_content":"","_et_gb_content_width":""},"_links":{"self":[{"href":"http:\/\/www.curenaturalicancro.com\/br\/wp-json\/wp\/v2\/pages\/141"}],"collection":[{"href":"http:\/\/www.curenaturalicancro.com\/br\/wp-json\/wp\/v2\/pages"}],"about":[{"href":"http:\/\/www.curenaturalicancro.com\/br\/wp-json\/wp\/v2\/types\/page"}],"author":[{"embeddable":true,"href":"http:\/\/www.curenaturalicancro.com\/br\/wp-json\/wp\/v2\/users\/1"}],"replies":[{"embeddable":true,"href":"http:\/\/www.curenaturalicancro.com\/br\/wp-json\/wp\/v2\/comments?post=141"}],"version-history":[{"count":4,"href":"http:\/\/www.curenaturalicancro.com\/br\/wp-json\/wp\/v2\/pages\/141\/revisions"}],"predecessor-version":[{"id":147,"href":"http:\/\/www.curenaturalicancro.com\/br\/wp-json\/wp\/v2\/pages\/141\/revisions\/147"}],"up":[{"embeddable":true,"href":"http:\/\/www.curenaturalicancro.com\/br\/wp-json\/wp\/v2\/pages\/97"}],"wp:attachment":[{"href":"http:\/\/www.curenaturalicancro.com\/br\/wp-json\/wp\/v2\/media?parent=141"}],"curies":[{"name":"wp","href":"https:\/\/api.w.org\/{rel}","templated":true}]}}