{"id":137,"date":"2011-09-21T13:44:51","date_gmt":"2011-09-21T13:44:51","guid":{"rendered":"http:\/\/www.curenaturalicancro.com\/br\/?page_id=137"},"modified":"2011-09-21T13:44:51","modified_gmt":"2011-09-21T13:44:51","slug":"postulados-morais-para-a-saude","status":"publish","type":"page","link":"http:\/\/www.curenaturalicancro.com\/br\/o-livro\/capitulo-1\/postulados-morais-para-a-saude","title":{"rendered":"Postulados morais para a sa\u00fade"},"content":{"rendered":"<h1><span class=\"Apple-style-span\" style=\"color: #333333; font-weight: 300;\">Quando os n\u00edveis biol\u00f3gicos vitais s\u00e3o conduzidos adequadamente pelo ego com sustento cont\u00ednuo e com cometimento, eles se tornam totalmente saturados e ganham uma carga biol\u00f3gica e espalham sua energia para outros locais. Estes, por sua vez tornam-se saturados e passam para um n\u00edvel mais elevado, onde a densidade biol\u00f3gica vital se expande e torna-se o prel\u00fadio da busca para o bem maior.<\/span><\/h1>\n<div>\n<p><span style=\"font-family: Helvetica;\"><span style=\"color: #333333;\">Em outras palavras, o senso moral \u00e9 uma qualidade emergente, que \u00e9 uma fun\u00e7\u00e3o dieta da disposi\u00e7\u00e3o e da energia de cada campo existencial, que por sua vez \u00e9 uma fun\u00e7\u00e3o da energia e da sa\u00fade das partes. Quando a integra\u00e7\u00e3o f\u00edsico-ps\u00edquica \u00e9 alcan\u00e7ada, atingir\u00e1 um potencial m\u00e1ximo bioenerg\u00e9tico e produzir\u00e1 a consci\u00eancia da sublima\u00e7\u00e3o espiritual.<\/span><\/span><\/p>\n<p><span style=\"font-family: Helvetica;\"><span style=\"color: #333333;\">Um horizonte se abre diante do individuo naquele momento \u2013 o horizonte do mundo \u00e9tico; o \u00fanico capaz de contribuir infinitamente para o enriquecimento pessoal que somente a intera\u00e7\u00e3o interpessoal pode causar, constituindo o precursor da dimens\u00e3o religiosa e espiritual, trazendo a paz e serenidade para o individuo e comunidade.<\/span><\/span><\/p>\n<p><span style=\"font-family: Helvetica;\"><span style=\"color: #333333;\">Uma compreens\u00e3o dos problemas da vida e sa\u00fade torna-se poss\u00edvel somente se a exist\u00eancia humana for interpretada na sua totalidade e se o desejo humano for direcionado para n\u00edveis mais elevados de energia e bondade, visando a perspectiva \u00e9tica.<br \/>\nTal meta \u00e9 imposs\u00edvel para qualquer sistema cient\u00edfico r\u00edgido.<\/span><\/span><\/p>\n<p><span style=\"font-family: Helvetica;\"><span style=\"color: #333333;\">[&#8230;]<\/span><\/span><\/p>\n<p><span style=\"font-family: Helvetica;\"><span style=\"color: #333333;\">A fim de se obter o equil\u00edbrio perfeito e o m\u00e1ximo bem-estar n\u00e3o \u00e9 suficiente depender somente das necessidades corporais. \u00c8 necess\u00e1rio possuir uma proje\u00e7\u00e3o espiritual que sempre produz, n\u00e3o somente com palavras, mas com resultados concretos e tang\u00edveis.<\/span><\/span><\/p>\n<p><span style=\"font-family: Helvetica;\"><span style=\"color: #333333;\">Para obtermos tais resultados, devemos lembrar-nos da fortaleza que n\u00e3o \u00e9 somente espiritual) dos santos, ou das palavras que Cristo sempre pronunciava quando restaurava a sa\u00fade aos doentes ou vida aos mortos : \u201cTodos os seus pecados est\u00e3o perdoados\u201d. Isto \u00e9 suficiente para demonstrar a ess\u00eancia dos valores morais e espirituais na sa\u00fade.<\/span><\/span><\/p>\n<p><em><small><span style=\"color: #333333; font-family: Helvetica;\"><span>Translated excerpt from the book \u201c<\/span><\/span><span><a title=\"o livro cancer is a fungus\" href=\"http:\/\/www.cancerisafungus.com\/\" target=\"_blank\"><span style=\"color: #1b8be0;\"><span style=\"font-family: Helvetica;\">Cancer is a Fungus<\/span><\/span><\/a><\/span><span style=\"font-family: Helvetica;\"><span style=\"color: #333333;\">\u201d<br \/>\ncap\u00edtulo 1 \u2013 Postulados morais para a sa\u00fade<\/span><\/span><\/small><\/em><\/p>\n<\/div>\n","protected":false},"excerpt":{"rendered":"<p>Quando os n\u00edveis biol\u00f3gicos vitais s\u00e3o conduzidos adequadamente pelo ego com sustento cont\u00ednuo e com cometimento, eles se tornam totalmente saturados e ganham uma carga biol\u00f3gica e espalham sua energia para outros locais. Estes, por sua vez tornam-se saturados e passam para um n\u00edvel mais elevado, onde a densidade biol\u00f3gica vital se expande e torna-se [&hellip;]<\/p>\n","protected":false},"author":1,"featured_media":0,"parent":97,"menu_order":0,"comment_status":"closed","ping_status":"open","template":"","meta":{"_et_pb_use_builder":"","_et_pb_old_content":"","_et_gb_content_width":""},"_links":{"self":[{"href":"http:\/\/www.curenaturalicancro.com\/br\/wp-json\/wp\/v2\/pages\/137"}],"collection":[{"href":"http:\/\/www.curenaturalicancro.com\/br\/wp-json\/wp\/v2\/pages"}],"about":[{"href":"http:\/\/www.curenaturalicancro.com\/br\/wp-json\/wp\/v2\/types\/page"}],"author":[{"embeddable":true,"href":"http:\/\/www.curenaturalicancro.com\/br\/wp-json\/wp\/v2\/users\/1"}],"replies":[{"embeddable":true,"href":"http:\/\/www.curenaturalicancro.com\/br\/wp-json\/wp\/v2\/comments?post=137"}],"version-history":[{"count":1,"href":"http:\/\/www.curenaturalicancro.com\/br\/wp-json\/wp\/v2\/pages\/137\/revisions"}],"predecessor-version":[{"id":140,"href":"http:\/\/www.curenaturalicancro.com\/br\/wp-json\/wp\/v2\/pages\/137\/revisions\/140"}],"up":[{"embeddable":true,"href":"http:\/\/www.curenaturalicancro.com\/br\/wp-json\/wp\/v2\/pages\/97"}],"wp:attachment":[{"href":"http:\/\/www.curenaturalicancro.com\/br\/wp-json\/wp\/v2\/media?parent=137"}],"curies":[{"name":"wp","href":"https:\/\/api.w.org\/{rel}","templated":true}]}}