{"id":135,"date":"2011-09-21T13:42:55","date_gmt":"2011-09-21T13:42:55","guid":{"rendered":"http:\/\/www.curenaturalicancro.com\/br\/?page_id=135"},"modified":"2011-09-21T13:47:25","modified_gmt":"2011-09-21T13:47:25","slug":"doenca","status":"publish","type":"page","link":"http:\/\/www.curenaturalicancro.com\/br\/o-livro\/capitulo-1\/doenca","title":{"rendered":"Doenca"},"content":{"rendered":"<div>\n<p><span style=\"font-family: Helvetica;\"><span style=\"color: #333333;\">A doen\u00e7a \u00e9 a perda da energia capaz de limitar a vida de uma pessoa, consequentemente diminuindo sua habilidade de ser aut\u00f4noma e livre. A doen\u00e7a \u00e9 principalmente um evento de fundo nervoso (com exce\u00e7\u00e3o dos epis\u00f3dios traum\u00e1ticos acidentais) de origem supra neurol\u00f3gicas ( as quais determinam sua exaust\u00e3o) e de causas corp\u00f3reas que impedem o suprimento de energia e regenera\u00e7\u00e3o.<\/span><\/span><\/p>\n<p><span style=\"font-family: Helvetica;\"><span style=\"color: #333333;\">Na intera\u00e7\u00e3o e equil\u00edbrio das duas \u00e1reas \u2013 supra e sub-neurol\u00f3gicas \u2013 permanece o segredo da sa\u00fade e o segredo da interpreta\u00e7\u00e3o da doen\u00e7a, para aqueles que entendem a profundidade do status do sistema, suas normas e seu equil\u00edbrio. Considerando que a doen\u00e7a afeta o organismo em sua totalidade, seu desenvolvimento em tempo e espa\u00e7o pode adquirir caracter\u00edsticas que s\u00e3o espec\u00edficas e particulares em grau menor ou mais elevado.<\/span><\/span><\/p>\n<p><span style=\"font-family: Helvetica;\"><span style=\"color: #333333;\">A doen\u00e7a pode ser classificada como:<\/span><\/span><\/p>\n<ol>\n<li><span style=\"font-family: Helvetica;\"><span style=\"color: #333333;\">Aguda ou cr\u00f4nica, dependendo da dura\u00e7\u00e3o dos seus efeitos no decorrer do per\u00edodo.<\/span><\/span><\/li>\n<li><span style=\"font-family: Helvetica;\"><span style=\"color: #333333;\">Circunscrita ou difusa, dependendo se est\u00e1 localizada em um n\u00edvel bio- existencial ou n\u00e3o.<\/span><\/span><\/li>\n<li><span style=\"font-family: Helvetica;\"><span style=\"color: #333333;\">Ascendente ou descendente (a partir do n\u00edvel corp\u00f3reo ao n\u00edvel espiritual e vice-versa), se a propaga\u00e7\u00e3o e os efeitos tendem a envolver especificamente n\u00edveis que s\u00e3o diferentes do original no qual a doen\u00e7a se iniciou.<\/span><\/span><\/li>\n<\/ol>\n<\/div>\n<article id=\"post-36\">\n<div>\n<p><em><small><span style=\"color: #333333; font-family: Helvetica;\"><span>Translated excerpt from the book \u201c<\/span><\/span><span><a title=\"o livro cancer is a fungus\" href=\"http:\/\/www.cancerisafungus.com\/\" target=\"_blank\"><span style=\"color: #1b8be0;\"><span style=\"font-family: Helvetica;\">Cancer is a Fungus<\/span><\/span><\/a><\/span><span style=\"font-family: Helvetica;\"><span style=\"color: #333333;\">\u201d<br \/>\ncap\u00edtulo 1 \u2013 Doenca<\/span><\/span><\/small><\/em><\/p>\n<\/div>\n<\/article>\n<p>&nbsp;<\/p>\n","protected":false},"excerpt":{"rendered":"<p>A doen\u00e7a \u00e9 a perda da energia capaz de limitar a vida de uma pessoa, consequentemente diminuindo sua habilidade de ser aut\u00f4noma e livre. A doen\u00e7a \u00e9 principalmente um evento de fundo nervoso (com exce\u00e7\u00e3o dos epis\u00f3dios traum\u00e1ticos acidentais) de origem supra neurol\u00f3gicas ( as quais determinam sua exaust\u00e3o) e de causas corp\u00f3reas que impedem [&hellip;]<\/p>\n","protected":false},"author":1,"featured_media":0,"parent":97,"menu_order":0,"comment_status":"closed","ping_status":"open","template":"","meta":{"_et_pb_use_builder":"","_et_pb_old_content":"","_et_gb_content_width":""},"_links":{"self":[{"href":"http:\/\/www.curenaturalicancro.com\/br\/wp-json\/wp\/v2\/pages\/135"}],"collection":[{"href":"http:\/\/www.curenaturalicancro.com\/br\/wp-json\/wp\/v2\/pages"}],"about":[{"href":"http:\/\/www.curenaturalicancro.com\/br\/wp-json\/wp\/v2\/types\/page"}],"author":[{"embeddable":true,"href":"http:\/\/www.curenaturalicancro.com\/br\/wp-json\/wp\/v2\/users\/1"}],"replies":[{"embeddable":true,"href":"http:\/\/www.curenaturalicancro.com\/br\/wp-json\/wp\/v2\/comments?post=135"}],"version-history":[{"count":2,"href":"http:\/\/www.curenaturalicancro.com\/br\/wp-json\/wp\/v2\/pages\/135\/revisions"}],"predecessor-version":[{"id":144,"href":"http:\/\/www.curenaturalicancro.com\/br\/wp-json\/wp\/v2\/pages\/135\/revisions\/144"}],"up":[{"embeddable":true,"href":"http:\/\/www.curenaturalicancro.com\/br\/wp-json\/wp\/v2\/pages\/97"}],"wp:attachment":[{"href":"http:\/\/www.curenaturalicancro.com\/br\/wp-json\/wp\/v2\/media?parent=135"}],"curies":[{"name":"wp","href":"https:\/\/api.w.org\/{rel}","templated":true}]}}