{"id":129,"date":"2011-09-21T13:36:27","date_gmt":"2011-09-21T13:36:27","guid":{"rendered":"http:\/\/www.curenaturalicancro.com\/br\/?page_id=129"},"modified":"2011-09-21T13:37:38","modified_gmt":"2011-09-21T13:37:38","slug":"corpo-espirito-consideracoes-anatomicas-funcionais","status":"publish","type":"page","link":"http:\/\/www.curenaturalicancro.com\/br\/o-livro\/capitulo-1\/corpo-espirito-consideracoes-anatomicas-funcionais","title":{"rendered":"Corpo e Esp\u00edrito: Considera\u00e7\u00f5es Anat\u00f4micas e Funcionais"},"content":{"rendered":"<div><span style=\"font-family: Helvetica;\"><span style=\"color: #333333;\">Ao fazermos a descri\u00e7\u00e3o de um indiv\u00edduo a partir de uma perspectiva m\u00e9dica e n\u00e3o reducionista, temos que levar em considera\u00e7\u00e3o seus componentes estat\u00edsticos (anatomia) ou seus componentes din\u00e2micos (fisiologia).<\/span><\/span><\/div>\n<div>\n<p><span style=\"font-family: Helvetica;\"><span style=\"color: #333333;\">Em qualquer situa\u00e7\u00e3o, os dois componentes refletem o organismo na totalidade, na manifesta\u00e7\u00e3o da vida. Esta manifesta\u00e7\u00e3o torna poss\u00edvel, a consci\u00eancia do self e do ser, em rela\u00e7\u00e3o ao mundo externo e outros seres humanos, com uma sinergia entre o sistema nervoso e os elementos extra.<\/span><\/span><\/p>\n<p><span style=\"font-family: Helvetica;\"><span style=\"color: #333333;\">Apesar dos componentes n\u00e3o neurol\u00f3gicos dedicados \u00e0 nutri\u00e7\u00e3o, suporte e apoio da estrutura nervosa serem indispens\u00e1veis para um indiv\u00edduo, o componente neurol\u00f3gico \u00e9 essencial para a qualidade de vida da pessoa na sua totalidade, e n\u00e3o \u00e9 limitado ao aspecto f\u00edsico.<br \/>\nA estrutura nervosa pode ser considerada como o ponto de tr\u00e2nsito e de mudan\u00e7a entre a habilidade f\u00edsica e a habilidade para pensar e criar id\u00e9ias.<br \/>\nOs v\u00e1rios mecanismos homeost\u00e1ticos, retroativos e de feedback, que existem no corpo, apesar de serem dif\u00edceis de interpretar, n\u00e3o podem invalidar a simplicidade de um esquema gerado para a integra\u00e7\u00e3o dos processos materiais e fen\u00f4menos supra materiais.<br \/>\nNeste mecanismo, o sistema n\u00e3o neurol\u00f3gico \u201crecarrega\u201d o sistema neurol\u00f3gico, o qual por sua vez fornece a estrutura para os processos nervosos e ps\u00edquicos em uma transforma\u00e7\u00e3o cont\u00ednua de energias corporais quantific\u00e1veis para energias mentais e espirituais impalp\u00e1veis.<br \/>\nTorna-se necess\u00e1rio, entretanto, utilizar mais especifica\u00e7\u00f5es da realidade humana na classifica\u00e7\u00e3o do indiv\u00edduo como corpo-mente ou como corpo-alma.<\/span><\/span><\/p>\n<p><span style=\"font-family: Helvetica;\"><span style=\"color: #333333;\">Isto n\u00e3o pode ser feito com o intento de se perder a totalidade, que pode ser dissociada somente pelo prop\u00f3sito da observa\u00e7\u00e3o, mas com o prop\u00f3sito de se estabelecer uma din\u00e2mica intra e intersetorial mais compreens\u00edvel. As altera\u00e7\u00f5es que geram uma doen\u00e7a dependem destas din\u00e2micas.<\/span><\/span><\/p>\n<p><span style=\"font-family: Helvetica;\"><span style=\"color: #333333;\">O homem pode ser visualizado nas seguintes \u201cfaixas de exist\u00eancia\u201d<\/span><\/span><\/p>\n<ol>\n<li><span style=\"font-family: Helvetica;\"><span style=\"color: #333333;\">Corpo<\/span><\/span><\/li>\n<li><span style=\"font-family: Helvetica;\"><span style=\"color: #333333;\">Estrutura neurol\u00f3gica<\/span><\/span><\/li>\n<li><span style=\"font-family: Helvetica;\"><span style=\"color: #333333;\">Mente<\/span><\/span><\/li>\n<li><span style=\"font-family: Helvetica;\"><span style=\"color: #333333;\">Intelecto<\/span><\/span><\/li>\n<li><span style=\"font-family: Helvetica;\"><span style=\"color: #333333;\">Aspecto psicol\u00f3gico, (emo\u00e7\u00e3o, voli\u00e7\u00e3o)<\/span><\/span><\/li>\n<li><span style=\"font-family: Helvetica;\"><span style=\"color: #333333;\">Esp\u00edrito<\/span><\/span><\/li>\n<\/ol>\n<p><em><small><span style=\"color: #333333; font-family: Helvetica;\"><span>Translated excerpt from the book \u201c<\/span><\/span><span><a title=\"o livro cancer is a fungus\" href=\"http:\/\/www.cancerisafungus.com\/\" target=\"_blank\"><span style=\"color: #1b8be0;\"><span style=\"font-family: Helvetica;\">Cancer is a Fungus<\/span><\/span><\/a><\/span><span style=\"font-family: Helvetica;\"><span style=\"color: #333333;\">\u201d<br \/>\ncap\u00edtulo 1 \u2013 Corpo e Esp\u00edrito: Considera\u00e7\u00f5es Anat\u00f4micas e Funcionais<\/span><\/span><\/small><\/em><\/p>\n<\/div>\n","protected":false},"excerpt":{"rendered":"<p>Ao fazermos a descri\u00e7\u00e3o de um indiv\u00edduo a partir de uma perspectiva m\u00e9dica e n\u00e3o reducionista, temos que levar em considera\u00e7\u00e3o seus componentes estat\u00edsticos (anatomia) ou seus componentes din\u00e2micos (fisiologia). Em qualquer situa\u00e7\u00e3o, os dois componentes refletem o organismo na totalidade, na manifesta\u00e7\u00e3o da vida. Esta manifesta\u00e7\u00e3o torna poss\u00edvel, a consci\u00eancia do self e do [&hellip;]<\/p>\n","protected":false},"author":1,"featured_media":0,"parent":97,"menu_order":0,"comment_status":"closed","ping_status":"open","template":"","meta":{"_et_pb_use_builder":"","_et_pb_old_content":"","_et_gb_content_width":""},"_links":{"self":[{"href":"http:\/\/www.curenaturalicancro.com\/br\/wp-json\/wp\/v2\/pages\/129"}],"collection":[{"href":"http:\/\/www.curenaturalicancro.com\/br\/wp-json\/wp\/v2\/pages"}],"about":[{"href":"http:\/\/www.curenaturalicancro.com\/br\/wp-json\/wp\/v2\/types\/page"}],"author":[{"embeddable":true,"href":"http:\/\/www.curenaturalicancro.com\/br\/wp-json\/wp\/v2\/users\/1"}],"replies":[{"embeddable":true,"href":"http:\/\/www.curenaturalicancro.com\/br\/wp-json\/wp\/v2\/comments?post=129"}],"version-history":[{"count":3,"href":"http:\/\/www.curenaturalicancro.com\/br\/wp-json\/wp\/v2\/pages\/129\/revisions"}],"predecessor-version":[{"id":132,"href":"http:\/\/www.curenaturalicancro.com\/br\/wp-json\/wp\/v2\/pages\/129\/revisions\/132"}],"up":[{"embeddable":true,"href":"http:\/\/www.curenaturalicancro.com\/br\/wp-json\/wp\/v2\/pages\/97"}],"wp:attachment":[{"href":"http:\/\/www.curenaturalicancro.com\/br\/wp-json\/wp\/v2\/media?parent=129"}],"curies":[{"name":"wp","href":"https:\/\/api.w.org\/{rel}","templated":true}]}}