{"id":119,"date":"2011-09-21T13:29:34","date_gmt":"2011-09-21T13:29:34","guid":{"rendered":"http:\/\/www.curenaturalicancro.com\/br\/?page_id=119"},"modified":"2011-09-21T13:32:35","modified_gmt":"2011-09-21T13:32:35","slug":"anatomia-patologica","status":"publish","type":"page","link":"http:\/\/www.curenaturalicancro.com\/br\/o-livro\/capitulo-1\/anatomia-patologica","title":{"rendered":"Anatomia Patol\u00f3gica"},"content":{"rendered":"<div>\n<p>A visualiza\u00e7\u00e3o e o estudo do organismo e seus componentes engloba a \u00e1rea da anatomia. Se estes componentes s\u00e3o objeto da an\u00e1lise de uma doen\u00e7a, este campo \u00e9 chamado de anatomia patol\u00f3gica.<\/p>\n<\/div>\n<article id=\"post-47\">\n<div>\n<p><span style=\"font-family: Helvetica;\"><span style=\"color: #333333;\">Um f\u00edgado saud\u00e1vel, por exemplo, \u00e9 uma refer\u00eancia, mas um f\u00edgado adiposo precisa ser investigado. O mesmo procedimento ser\u00e1 aplicado para o est\u00f4mago, c\u00e9rebro, sangue, gl\u00e2ndulas, membranas, ossos etc.<\/span><\/span><\/p>\n<p><span style=\"font-family: Helvetica;\"><span style=\"color: #333333;\">O que a anatomia patol\u00f3gica demonstra? Que um certo \u00f3rg\u00e3o ou tecido do corpo apresentou uma doen\u00e7a, ou foi a causa da doen\u00e7a? Que doen\u00e7a?<br \/>\nResposta \u201cqualquer doen\u00e7a \u201d !<br \/>\n\u00c8 verdadeiro que se um \u00f3rg\u00e3o ou um tecido alterado, com a configura\u00e7\u00e3o patol\u00f3gica alterada, pode constituir evid\u00eancia de alguma doen\u00e7a, mas n\u00e3o necessariamente uma doen\u00e7a espec\u00edfica.<\/span><\/span><\/p>\n<p><em><small><span style=\"color: #333333; font-family: Helvetica;\"><span>Translated excerpt from the book \u201c<\/span><\/span><span><a title=\"o livro cancer is a fungus\" href=\"http:\/\/www.cancerisafungus.com\/\" target=\"_blank\"><span style=\"color: #1b8be0;\"><span style=\"font-family: Helvetica;\">Cancer is a Fungus<\/span><\/span><\/a><\/span><span style=\"font-family: Helvetica;\"><span style=\"color: #333333;\">\u201d<br \/>\ncap\u00edtulo 1 \u2013 Anatomia Patol\u00f3gica<\/span><\/span><\/small><\/em><\/p>\n<\/div>\n<\/article>\n<p>&nbsp;<\/p>\n","protected":false},"excerpt":{"rendered":"<p>A visualiza\u00e7\u00e3o e o estudo do organismo e seus componentes engloba a \u00e1rea da anatomia. Se estes componentes s\u00e3o objeto da an\u00e1lise de uma doen\u00e7a, este campo \u00e9 chamado de anatomia patol\u00f3gica. Um f\u00edgado saud\u00e1vel, por exemplo, \u00e9 uma refer\u00eancia, mas um f\u00edgado adiposo precisa ser investigado. O mesmo procedimento ser\u00e1 aplicado para o est\u00f4mago, [&hellip;]<\/p>\n","protected":false},"author":1,"featured_media":0,"parent":97,"menu_order":0,"comment_status":"closed","ping_status":"open","template":"","meta":{"_et_pb_use_builder":"","_et_pb_old_content":"","_et_gb_content_width":""},"_links":{"self":[{"href":"http:\/\/www.curenaturalicancro.com\/br\/wp-json\/wp\/v2\/pages\/119"}],"collection":[{"href":"http:\/\/www.curenaturalicancro.com\/br\/wp-json\/wp\/v2\/pages"}],"about":[{"href":"http:\/\/www.curenaturalicancro.com\/br\/wp-json\/wp\/v2\/types\/page"}],"author":[{"embeddable":true,"href":"http:\/\/www.curenaturalicancro.com\/br\/wp-json\/wp\/v2\/users\/1"}],"replies":[{"embeddable":true,"href":"http:\/\/www.curenaturalicancro.com\/br\/wp-json\/wp\/v2\/comments?post=119"}],"version-history":[{"count":3,"href":"http:\/\/www.curenaturalicancro.com\/br\/wp-json\/wp\/v2\/pages\/119\/revisions"}],"predecessor-version":[{"id":123,"href":"http:\/\/www.curenaturalicancro.com\/br\/wp-json\/wp\/v2\/pages\/119\/revisions\/123"}],"up":[{"embeddable":true,"href":"http:\/\/www.curenaturalicancro.com\/br\/wp-json\/wp\/v2\/pages\/97"}],"wp:attachment":[{"href":"http:\/\/www.curenaturalicancro.com\/br\/wp-json\/wp\/v2\/media?parent=119"}],"curies":[{"name":"wp","href":"https:\/\/api.w.org\/{rel}","templated":true}]}}