{"id":116,"date":"2011-09-21T13:28:05","date_gmt":"2011-09-21T13:28:05","guid":{"rendered":"http:\/\/www.curenaturalicancro.com\/br\/?page_id=116"},"modified":"2011-09-21T13:33:52","modified_gmt":"2011-09-21T13:33:52","slug":"o-sintoma","status":"publish","type":"page","link":"http:\/\/www.curenaturalicancro.com\/br\/o-livro\/capitulo-1\/o-sintoma","title":{"rendered":"O Sintoma"},"content":{"rendered":"<div>\n<p><span style=\"font-family: Helvetica;\"><span style=\"color: #333333;\">Acredita-se que uma pessoa se \u201csente mal\u201d quando n\u00e3o dorme, n\u00e3o come, est\u00e1 cansada, n\u00e3o respira com facilidade, vai ao banheiro com muita freq\u00fc\u00eancia etc. Mesmo se descrevermos um sintoma com uma tecnologia espec\u00edfica, mas compreens\u00edvel para um leigo (anorexia, astenia, dispn\u00e9ia e estrang\u00faria), isto n\u00e3o deveria nos fazer perder a ess\u00eancia da doen\u00e7a, mesmo se o sintoma representar o elemento mais importante.<\/span><\/span><\/p>\n<p><span style=\"font-family: Helvetica;\"><span style=\"color: #333333;\">Quando um \u00f3rg\u00e3o ou tecido do corpo \u00e9 danificado de alguma forma, o m\u00e9todo para se analisar sua completa capacidade funcional baseia-se em quatro t\u00f3picos: rubor, incha\u00e7o, dor e temperatura.<br \/>\nA localiza\u00e7\u00e3o anat\u00f4mica e o tipo de combina\u00e7\u00e3o dos elementos dos quatro t\u00f3picos, considerando-se os sintomas e suas varia\u00e7\u00f5es, normalmente surgem dos mecanismos patog\u00eanicos subjacentes.<\/span><\/span><\/p>\n<p><span style=\"font-family: Helvetica;\"><span style=\"color: #333333;\">Entretanto, definir um sintoma como uma manifesta\u00e7\u00e3o da doen\u00e7a, pode-se perguntar \u201cque doen\u00e7a?\u201d<br \/>\nA resposta correta seria \u201cqualquer doen\u00e7a\u201d ! Sim, qualquer doen\u00e7a \u2013 pois, por um aspecto \u00e9 verdade que o sintoma se origina de um simples processo patol\u00f3gico e por outro lado, tamb\u00e9m \u00e9 verdade que o sintoma n\u00e3o demonstra nenhuma doen\u00e7a espec\u00edfica.<\/span><\/span><\/p>\n<\/div>\n<article id=\"post-47\">\n<div>\n<p><em><small><span style=\"color: #333333; font-family: Helvetica;\"><span>Translated excerpt from the book \u201c<\/span><\/span><span><a title=\"o livro cancer is a fungus\" href=\"http:\/\/www.cancerisafungus.com\/\" target=\"_blank\"><span style=\"color: #1b8be0;\"><span style=\"font-family: Helvetica;\">Cancer is a Fungus<\/span><\/span><\/a><\/span><span style=\"font-family: Helvetica;\"><span style=\"color: #333333;\">\u201d<br \/>\ncap\u00edtulo 1 \u2013 O Sintoma<\/span><\/span><\/small><\/em><\/p>\n<\/div>\n<\/article>\n<p>&nbsp;<\/p>\n","protected":false},"excerpt":{"rendered":"<p>Acredita-se que uma pessoa se \u201csente mal\u201d quando n\u00e3o dorme, n\u00e3o come, est\u00e1 cansada, n\u00e3o respira com facilidade, vai ao banheiro com muita freq\u00fc\u00eancia etc. Mesmo se descrevermos um sintoma com uma tecnologia espec\u00edfica, mas compreens\u00edvel para um leigo (anorexia, astenia, dispn\u00e9ia e estrang\u00faria), isto n\u00e3o deveria nos fazer perder a ess\u00eancia da doen\u00e7a, mesmo [&hellip;]<\/p>\n","protected":false},"author":1,"featured_media":0,"parent":97,"menu_order":0,"comment_status":"closed","ping_status":"open","template":"","meta":{"_et_pb_use_builder":"","_et_pb_old_content":"","_et_gb_content_width":""},"_links":{"self":[{"href":"http:\/\/www.curenaturalicancro.com\/br\/wp-json\/wp\/v2\/pages\/116"}],"collection":[{"href":"http:\/\/www.curenaturalicancro.com\/br\/wp-json\/wp\/v2\/pages"}],"about":[{"href":"http:\/\/www.curenaturalicancro.com\/br\/wp-json\/wp\/v2\/types\/page"}],"author":[{"embeddable":true,"href":"http:\/\/www.curenaturalicancro.com\/br\/wp-json\/wp\/v2\/users\/1"}],"replies":[{"embeddable":true,"href":"http:\/\/www.curenaturalicancro.com\/br\/wp-json\/wp\/v2\/comments?post=116"}],"version-history":[{"count":3,"href":"http:\/\/www.curenaturalicancro.com\/br\/wp-json\/wp\/v2\/pages\/116\/revisions"}],"predecessor-version":[{"id":128,"href":"http:\/\/www.curenaturalicancro.com\/br\/wp-json\/wp\/v2\/pages\/116\/revisions\/128"}],"up":[{"embeddable":true,"href":"http:\/\/www.curenaturalicancro.com\/br\/wp-json\/wp\/v2\/pages\/97"}],"wp:attachment":[{"href":"http:\/\/www.curenaturalicancro.com\/br\/wp-json\/wp\/v2\/media?parent=116"}],"curies":[{"name":"wp","href":"https:\/\/api.w.org\/{rel}","templated":true}]}}