{"id":114,"date":"2011-09-21T13:26:07","date_gmt":"2011-09-21T13:26:07","guid":{"rendered":"http:\/\/www.curenaturalicancro.com\/br\/?page_id=114"},"modified":"2011-09-21T13:32:08","modified_gmt":"2011-09-21T13:32:08","slug":"a-ineficiente-logica-do-determinismo","status":"publish","type":"page","link":"http:\/\/www.curenaturalicancro.com\/br\/o-livro\/capitulo-1\/a-ineficiente-logica-do-determinismo","title":{"rendered":"A ineficiente l\u00f3gica do determinismo"},"content":{"rendered":"<div><span style=\"font-family: Helvetica;\"><span style=\"color: #333333;\">A compreens\u00e3o dos mecanismos patog\u00eanicos \u00e9 insuficiente para interpretar uma doen\u00e7a. N\u00e3o \u00e9 suficiente basear-se em regras pr\u00e9-estabelecidas considerando que todos os acontecimentos tem uma causa, e que por sua vez se originou de uma outra. A realidade supra material tem uma excel\u00eancia que n\u00e3o pode ser capturada pelas leis do determinismo.<\/span><\/span><\/div>\n<div>\n<p><span style=\"font-family: Helvetica;\"><span style=\"color: #333333;\">Mas o que \u00e9 determinismo?<br \/>\nAtrav\u00e9s deste termo queremos dizer que qualquer evento existe por causa de uma outra causa anterior, que por sua vez tamb\u00e9m tem outro fator pr\u00e9vio, e assim por diante. Uma constante operacional \u00e9 reconhecida na rela\u00e7\u00e3o entre os v\u00e1rios eventos \u2013 uma constante que precede a partir da causa inicial e continua para sempre. Esta postula\u00e7\u00e3o \u00e9 il\u00f3gica e contradit\u00f3ria.<\/span><\/span><\/p>\n<p><span style=\"font-family: Helvetica;\"><span style=\"color: #333333;\">A consequ\u00eancia pr\u00e1tica da aplica\u00e7\u00e3o desta lei para explicar o desenvolvimento de uma doen\u00e7a, \u00e9 que, se n\u00f3s perdermos a certeza da const\u00e2ncia, um evento pode ser determinado por causas incertas, considerando que elas existem em quantidades infinitas.<br \/>\nA l\u00f3gica, entretanto, nos permitiu desvendar um fato. Se queremos continuar explorando a raz\u00e3o de um evento (por exemplo, de uma doen\u00e7a), devemos nos transportar para um n\u00edvel conceitual \u201cmetaf\u00edsico\u201d.<br \/>\nNeste caso, a atual quest\u00e3o n\u00e3o seria: \u201ccomo acontece um evento\u201d?, mas: \u201cpor que raz\u00e3o acontece um evento?\u201d Deste modo, n\u00f3s descobrimos que a primeira necessidade de encontrar raz\u00f5es para um evento \u00e9 a causa ontol\u00f3gica (isto \u00e9, pertinente \u00e0 natureza intr\u00ednseca \u2013 do ser) ,e em segundo lugar a lei de causa e efeito.<br \/>\n\u201cA filosofia deve se encontrar com a religi\u00e3o\u201d disse Hegel 4, pois a filosofia \u00e9 a base de qualquer pensamento.\u2019<\/span><\/span><\/p>\n<p><span style=\"font-family: Helvetica;\"><span style=\"color: #333333;\">O determinismo, entretanto tem uma validade relativa \u2013 enfocando que ele pode ser admitido somente em um ambiente circunscrito. Mesmo quando \u00e9 poss\u00edvel configurar previamente uma sequ\u00eancia de eventos, n\u00e3o devemos nos esquecer de que um evento deve ocorrer \u201cpor causa dos par\u00e2metros de uma natureza superior\u201d cujas origens, como observamos, surgem no que n\u00e3o pode ser determinado.<br \/>\nA medida que procedemos em nossas observa\u00e7\u00f5es, a partir do n\u00edvel da mat\u00e9ria f\u00edsica para \u00e2mbito ser humano (at\u00e9 mesmo o conceito de ser divino), observamos que o processo din\u00e2mico \u00e9 ampliado.<\/span><\/span><\/p>\n<p><span style=\"font-family: Helvetica;\"><span style=\"color: #333333;\">Aqueles que apreciam a metaf\u00edsica (isto \u00e9, o estudo das bases da realidade) e o instinto de liberdade e independ\u00eancia do pensamento, n\u00e3o podem apreciar serem lacrados dentro de uma gaiola mental formada por regras, padr\u00f5es e m\u00e9todos que n\u00e3o foram estabelecidos pelo pensamento convencional. Admitir a exist\u00eancia do infinito, n\u00e3o significa a priori aceitar qualquer princ\u00edpio pr\u00e9-concebido. Significa aceitar todos e poss\u00edveis aspectos da realidade.<\/span><\/span><\/p>\n<p><em><small><span style=\"color: #333333; font-family: Helvetica;\"><span>Translated excerpt from the book \u201c<\/span><\/span><span><a title=\"o livro cancer is a fungus\" href=\"http:\/\/www.cancerisafungus.com\/\" target=\"_blank\"><span style=\"color: #1b8be0;\"><span style=\"font-family: Helvetica;\">Cancer is a Fungus<\/span><\/span><\/a><\/span><span style=\"font-family: Helvetica;\"><span style=\"color: #333333;\">\u201d<br \/>\ncap\u00edtulo 1 \u2013 A ineficiente l\u00f3gica do determinismo<\/span><\/span><\/small><\/em><\/p>\n<\/div>\n","protected":false},"excerpt":{"rendered":"<p>A compreens\u00e3o dos mecanismos patog\u00eanicos \u00e9 insuficiente para interpretar uma doen\u00e7a. N\u00e3o \u00e9 suficiente basear-se em regras pr\u00e9-estabelecidas considerando que todos os acontecimentos tem uma causa, e que por sua vez se originou de uma outra. A realidade supra material tem uma excel\u00eancia que n\u00e3o pode ser capturada pelas leis do determinismo. Mas o que [&hellip;]<\/p>\n","protected":false},"author":1,"featured_media":0,"parent":97,"menu_order":0,"comment_status":"closed","ping_status":"open","template":"","meta":{"_et_pb_use_builder":"","_et_pb_old_content":"","_et_gb_content_width":""},"_links":{"self":[{"href":"http:\/\/www.curenaturalicancro.com\/br\/wp-json\/wp\/v2\/pages\/114"}],"collection":[{"href":"http:\/\/www.curenaturalicancro.com\/br\/wp-json\/wp\/v2\/pages"}],"about":[{"href":"http:\/\/www.curenaturalicancro.com\/br\/wp-json\/wp\/v2\/types\/page"}],"author":[{"embeddable":true,"href":"http:\/\/www.curenaturalicancro.com\/br\/wp-json\/wp\/v2\/users\/1"}],"replies":[{"embeddable":true,"href":"http:\/\/www.curenaturalicancro.com\/br\/wp-json\/wp\/v2\/comments?post=114"}],"version-history":[{"count":2,"href":"http:\/\/www.curenaturalicancro.com\/br\/wp-json\/wp\/v2\/pages\/114\/revisions"}],"predecessor-version":[{"id":126,"href":"http:\/\/www.curenaturalicancro.com\/br\/wp-json\/wp\/v2\/pages\/114\/revisions\/126"}],"up":[{"embeddable":true,"href":"http:\/\/www.curenaturalicancro.com\/br\/wp-json\/wp\/v2\/pages\/97"}],"wp:attachment":[{"href":"http:\/\/www.curenaturalicancro.com\/br\/wp-json\/wp\/v2\/media?parent=114"}],"curies":[{"name":"wp","href":"https:\/\/api.w.org\/{rel}","templated":true}]}}