{"id":111,"date":"2011-09-21T13:21:25","date_gmt":"2011-09-21T13:21:25","guid":{"rendered":"http:\/\/www.curenaturalicancro.com\/br\/?page_id=111"},"modified":"2011-09-21T13:31:25","modified_gmt":"2011-09-21T13:31:25","slug":"novas-modalidades-do-conhecimento-medico","status":"publish","type":"page","link":"http:\/\/www.curenaturalicancro.com\/br\/o-livro\/capitulo-1\/novas-modalidades-do-conhecimento-medico","title":{"rendered":"Novas Modalidades do Conhecimento M\u00e9dico"},"content":{"rendered":"<div><span style=\"font-family: Helvetica;\"><span style=\"color: #333333;\">O c\u00e2ncer ainda \u00e9 um mist\u00e9rio, considerando o atual conhecimento a respeito desta doen\u00e7a, apesar dos enormes esfor\u00e7os feitos por pesquisadores no mundo todo.<\/span><\/span><\/div>\n<div>\n<p><span style=\"font-family: Helvetica;\"><span style=\"color: #333333;\">Os \u00edndices de sobreviv\u00eancia para os tipos mais comuns de c\u00e2ncer, os quais constituem 90% dos casos, tem permanecido virtualmente imut\u00e1veis nos \u00faltimos 25 anos. Esta \u00e9 uma informa\u00e7\u00e3o dram\u00e1tica, que n\u00e3o pode ser abrandada nem mesmo pelas estat\u00edsticas que se referem a um \u00edndice global de sobreviv\u00eancia em 50% e que todos sabem que n\u00e3o \u00e9 verdadeiro.<\/span><\/span><\/p>\n<p><span style=\"font-family: Helvetica;\"><span style=\"color: #333333;\">Devido ao alto \u00edndice de mortalidade, \u00e9 normal que o medo desta doen\u00e7a t\u00e3o devastadora se instale em toda a sociedade, produzindo um temor geral de impot\u00eancia e resigna\u00e7\u00e3o, considerando que as institui\u00e7\u00f5es de sa\u00fade sempre fazem o melhor para convencer a popula\u00e7\u00e3o sobre os m\u00e9ritos da pesquisa cient\u00edfica oficial e resultados satisfat\u00f3rios obtidos.<\/span><\/span><\/p>\n<p><span style=\"font-family: Helvetica;\"><span style=\"color: #333333;\">Uma abordagem que tenta trazer alguns resultados para esta doen\u00e7a obscura, deve necessariamente passar por duas fases; a pars destruens , a qual evidencia os limites da oncologia atual e a pars construens, que prop\u00f5e novos horizontes conceituais e novos campos de pesquisa, basicamente numa abordagem que tenta compreender onde est\u00e3o os erros e que ao mesmo tempo descobre solu\u00e7\u00f5es l\u00f3gicas e eficazes.<br \/>\nPara que isto aconte\u00e7a, \u00e9 necess\u00e1rio que inicialmente se questione o m\u00e9todo cient\u00edfico experimental atualmente utilizado para as pessoas doentes ou saud\u00e1veis, considerando que ele \u00e9 inadequado e frequentemente ineficaz para compreender e avaliar o homem na sua totalidade.<br \/>\nUm estudo excessivamente \u201cracional\u201d das caracter\u00edsticas f\u00edsicas surgiu no pensamento ocidental desde o per\u00edodo da revolu\u00e7\u00e3o cient\u00edfica alguns s\u00e9culos atr\u00e1s, isto \u00e9, uma abordagem cient\u00edfica baseada exclusivamente no estudo da mat\u00e9ria e da natureza. Este modo de pensar influenciou negativamente a forma\u00e7\u00e3o de teorias m\u00e9dicas e biol\u00f3gicas, elaborando interpreta\u00e7\u00f5es para a mat\u00e9ria inerte, n\u00e3o para os seres vivos.<\/span><\/span><\/p>\n<p><span style=\"font-family: Helvetica;\"><span style=\"color: #333333;\">Esta aplica\u00e7\u00e3o irracional das leis que s\u00e3o v\u00e1lidas somente para sistemas inertes, conduziu \u00e0 omiss\u00e3o de diferen\u00e7as importantes entre a biologia e as ci\u00eancias f\u00edsicas, especialmente para aqueles que acreditam que a f\u00edsica \u00e9 a ci\u00eancia que produz o alicerce para o entendimento de todas as outras ci\u00eancias, inclusive a biologia.<\/span><\/span><\/p>\n<p><em><small><span style=\"color: #333333; font-family: Helvetica;\"><span>Translated excerpt from the book \u201c<\/span><\/span><span><a title=\"o livro cancer is a fungus\" href=\"http:\/\/www.cancerisafungus.com\/\" target=\"_blank\"><span style=\"color: #1b8be0;\"><span style=\"font-family: Helvetica;\">Cancer is a Fungus<\/span><\/span><\/a><\/span><span style=\"font-family: Helvetica;\"><span style=\"color: #333333;\">\u201d<br \/>\ncap\u00edtulo 1 \u2013 Novas Modalidades do Conhecimento M\u00e9dico<\/span><\/span><\/small><\/em><\/p>\n<\/div>\n","protected":false},"excerpt":{"rendered":"<p>O c\u00e2ncer ainda \u00e9 um mist\u00e9rio, considerando o atual conhecimento a respeito desta doen\u00e7a, apesar dos enormes esfor\u00e7os feitos por pesquisadores no mundo todo. Os \u00edndices de sobreviv\u00eancia para os tipos mais comuns de c\u00e2ncer, os quais constituem 90% dos casos, tem permanecido virtualmente imut\u00e1veis nos \u00faltimos 25 anos. Esta \u00e9 uma informa\u00e7\u00e3o dram\u00e1tica, que [&hellip;]<\/p>\n","protected":false},"author":1,"featured_media":0,"parent":97,"menu_order":0,"comment_status":"closed","ping_status":"open","template":"","meta":{"_et_pb_use_builder":"","_et_pb_old_content":"","_et_gb_content_width":""},"_links":{"self":[{"href":"http:\/\/www.curenaturalicancro.com\/br\/wp-json\/wp\/v2\/pages\/111"}],"collection":[{"href":"http:\/\/www.curenaturalicancro.com\/br\/wp-json\/wp\/v2\/pages"}],"about":[{"href":"http:\/\/www.curenaturalicancro.com\/br\/wp-json\/wp\/v2\/types\/page"}],"author":[{"embeddable":true,"href":"http:\/\/www.curenaturalicancro.com\/br\/wp-json\/wp\/v2\/users\/1"}],"replies":[{"embeddable":true,"href":"http:\/\/www.curenaturalicancro.com\/br\/wp-json\/wp\/v2\/comments?post=111"}],"version-history":[{"count":2,"href":"http:\/\/www.curenaturalicancro.com\/br\/wp-json\/wp\/v2\/pages\/111\/revisions"}],"predecessor-version":[{"id":124,"href":"http:\/\/www.curenaturalicancro.com\/br\/wp-json\/wp\/v2\/pages\/111\/revisions\/124"}],"up":[{"embeddable":true,"href":"http:\/\/www.curenaturalicancro.com\/br\/wp-json\/wp\/v2\/pages\/97"}],"wp:attachment":[{"href":"http:\/\/www.curenaturalicancro.com\/br\/wp-json\/wp\/v2\/media?parent=111"}],"curies":[{"name":"wp","href":"https:\/\/api.w.org\/{rel}","templated":true}]}}