{"id":104,"date":"2011-09-21T13:14:59","date_gmt":"2011-09-21T13:14:59","guid":{"rendered":"http:\/\/www.curenaturalicancro.com\/br\/?page_id=104"},"modified":"2011-09-21T13:16:22","modified_gmt":"2011-09-21T13:16:22","slug":"por-que-o-cancer-ainda-permanece-entre-nos","status":"publish","type":"page","link":"http:\/\/www.curenaturalicancro.com\/br\/o-livro\/capitulo-1\/por-que-o-cancer-ainda-permanece-entre-nos","title":{"rendered":"Por que o C\u00e2ncer ainda permanece entre n\u00f3s?"},"content":{"rendered":"<p><span style=\"font-family: Helvetica;\"><span style=\"color: #333333;\">A pergunta que muitas pessoas fazem \u00e9 por que raz\u00e3o, ap\u00f3s tantos anos de estudos e pesquisas, o c\u00e2ncer ainda n\u00e3o foi combatido?<\/span><\/span><\/p>\n<p><span style=\"font-family: Helvetica;\"><span style=\"color: #333333;\">O problema \u00e9 cient\u00edfico, mas na minha opini\u00e3o, \u00e9 um problema de natureza cultural e social, considerando que ele representa a base do conhecimento em n\u00edvel mundial \u2013 uma estrutura que impede que a liberdade de pensamento e a criatividade sejam capazes de encontrar as solu\u00e7\u00f5es corretas.<\/span><\/span><\/p>\n<p><span style=\"font-family: Helvetica;\"><span style=\"color: #333333;\">A estrutura politizada das universidades e as categorias profissionais, as quais s\u00e3o estabelecidas quase como castas, com financiamento concedido somente para institui\u00e7\u00f5es que est\u00e3o quase mumificadas e o monop\u00f3lio da informa\u00e7\u00e3o mantido pelos poderes pol\u00edticos e culturais \u2013 todos estes s\u00e3o elementos que impedem as mentes mais f\u00e9rteis e mais criativas da sociedade de terem a m\u00ednima chance de explorar novas op\u00e7\u00f5es. Esta atitude social fossilizada est\u00e1 for\u00e7ando toda a popula\u00e7\u00e3o a coexistir em uma situa\u00e7\u00e3o cr\u00f4nica de medo e sofrimento, quando se trata de uma doen\u00e7a \u2013 c\u00e2ncer \u2013 a qual poderia ser combatida com muita efic\u00e1cia.<\/span><\/span><\/p>\n<p><span style=\"font-family: Helvetica;\"><span style=\"color: #333333;\">Algum tempo atr\u00e1s, uma paciente com c\u00e2ncer me procurou. Enquanto eu explicava minha teoria mic\u00f3tica sobre o c\u00e2ncer, ela comentou: \u201cPelo menos esta perspectiva me d\u00e1 a dignidade de ficar doente. Isso faz sentido\u201d<br \/>\nA batalha para combater as causas dos tumores, no entanto, deve inicialmente ser empreendida contra um status cultural que \u00e9 sufocante e profundamente enraizado. Contudo, o preconceito individual, a trivialidade e atitudes conformistas que foram semeadas e cultivadas nas mentes das pessoas devem ser combatidas. Estas atitudes visam entorpecer qualquer habilidade de pensar, de analisar e de ampliar a mente em rela\u00e7\u00e3o \u00e0 alguma pessoa que tenha algo novo para apresentar.<br \/>\nNa realidade, a batalha contra o c\u00e2ncer consiste de duas importantes etapas. A primeira \u00e9 contra a doen\u00e7a f\u00edsica; a segunda \u00e9 contra a postura mental, tanto daqueles que pretendem manter os seus privil\u00e9gios quanto daqueles, que, devido \u00e0 doutrina\u00e7\u00e3o social, n\u00e3o parecem interessados em tentar novas t\u00e9cnicas. Eu acredito que esta \u00faltima batalha \u00e9 a mais dif\u00edcil e a mais longa \u2013 mas somente vencendo-a ser\u00e1 poss\u00edvel obter sucesso na primeira.<br \/>\n\u00c8 verdade que existem charlat\u00f5es e pessoas que s\u00e3o enganadas. No entanto, esta observa\u00e7\u00e3o n\u00e3o pode ser uma raz\u00e3o v\u00e1lida pra se fechar as portas ao progresso e \u00e0 inova\u00e7\u00e3o, especialmente quando neste caso n\u00e3o existe nenhuma outra solu\u00e7\u00e3o em m\u00e3os.<\/span><\/span><\/p>\n<p><span style=\"font-family: Helvetica;\"><span style=\"color: #333333;\">Portanto, quais s\u00e3o os crit\u00e9rios pra se classificar a efic\u00e1cia de uma terapia? Quem est\u00e1 encarregado de julgar quem est\u00e1 errado ou n\u00e3o? Eu acredito que os representantes e os defensores da oncologia oficial \u2013 com seus \u201cm\u00e9todos cient\u00edficos confi\u00e1veis\u201d \u2013 s\u00e3o os menos qualificados para averiguar a integridade e a efic\u00e1cia de uma terapia que representa uma alternativa para o que eles praticam. Os fatos demonstram claramente que, na realidade, tais pessoas s\u00e3o a express\u00e3o de 50 anos de falhas, afli\u00e7\u00f5es e sofrimentos.<\/span><\/span><\/p>\n<p><span style=\"font-family: Helvetica;\"><span style=\"color: #333333;\">Al\u00e9m do mais, representam meio s\u00e9culo de obscuridade ideol\u00f3gica, que atrav\u00e9s da repress\u00e3o cultural e mistifica\u00e7\u00e3o, tem evitado a descoberta da solu\u00e7\u00e3o para a cura do c\u00e2ncer. Entretanto, as pessoas continuam a ficar doentes, sofrem e morrem.<\/span><\/span><\/p>\n<p><em><small><span style=\"color: #333333; font-family: Helvetica;\"><span>Translated excerpt from the book \u201c<\/span><\/span><span><a title=\"o livro cancer is a fungus\" href=\"http:\/\/www.cancerisafungus.com\/\" target=\"_blank\"><span style=\"color: #1b8be0;\"><span style=\"font-family: Helvetica;\">Cancer is a Fungus<\/span><\/span><\/a><\/span><span style=\"font-family: Helvetica;\"><span style=\"color: #333333;\">\u201d<br \/>\ncap\u00edtulo 1 \u2013 Por que o C\u00e2ncer ainda permanece entre n\u00f3s?<\/span><\/span><\/small><\/em><\/p>\n<p>&nbsp;<\/p>\n","protected":false},"excerpt":{"rendered":"<p>A pergunta que muitas pessoas fazem \u00e9 por que raz\u00e3o, ap\u00f3s tantos anos de estudos e pesquisas, o c\u00e2ncer ainda n\u00e3o foi combatido? O problema \u00e9 cient\u00edfico, mas na minha opini\u00e3o, \u00e9 um problema de natureza cultural e social, considerando que ele representa a base do conhecimento em n\u00edvel mundial \u2013 uma estrutura que impede [&hellip;]<\/p>\n","protected":false},"author":1,"featured_media":0,"parent":97,"menu_order":0,"comment_status":"closed","ping_status":"open","template":"","meta":{"_et_pb_use_builder":"","_et_pb_old_content":"","_et_gb_content_width":""},"_links":{"self":[{"href":"http:\/\/www.curenaturalicancro.com\/br\/wp-json\/wp\/v2\/pages\/104"}],"collection":[{"href":"http:\/\/www.curenaturalicancro.com\/br\/wp-json\/wp\/v2\/pages"}],"about":[{"href":"http:\/\/www.curenaturalicancro.com\/br\/wp-json\/wp\/v2\/types\/page"}],"author":[{"embeddable":true,"href":"http:\/\/www.curenaturalicancro.com\/br\/wp-json\/wp\/v2\/users\/1"}],"replies":[{"embeddable":true,"href":"http:\/\/www.curenaturalicancro.com\/br\/wp-json\/wp\/v2\/comments?post=104"}],"version-history":[{"count":4,"href":"http:\/\/www.curenaturalicancro.com\/br\/wp-json\/wp\/v2\/pages\/104\/revisions"}],"predecessor-version":[{"id":109,"href":"http:\/\/www.curenaturalicancro.com\/br\/wp-json\/wp\/v2\/pages\/104\/revisions\/109"}],"up":[{"embeddable":true,"href":"http:\/\/www.curenaturalicancro.com\/br\/wp-json\/wp\/v2\/pages\/97"}],"wp:attachment":[{"href":"http:\/\/www.curenaturalicancro.com\/br\/wp-json\/wp\/v2\/media?parent=104"}],"curies":[{"name":"wp","href":"https:\/\/api.w.org\/{rel}","templated":true}]}}